{"id":33,"date":"2016-12-07T14:07:02","date_gmt":"2016-12-07T12:07:02","guid":{"rendered":"https:\/\/blog.edu.turku.fi\/wa\/?page_id=33"},"modified":"2026-04-15T15:54:48","modified_gmt":"2026-04-15T12:54:48","slug":"33-2","status":"publish","type":"page","link":"https:\/\/blog.edu.turku.fi\/wa\/","title":{"rendered":"Tervetuloa W\u00e4iskiin!"},"content":{"rendered":"<p><strong>W\u00e4in\u00f6 Aaltosen koulu on 420 oppilaan alakoulu Turun Hirvensalossa.<\/strong><\/p>\n<p>Mediaopetus, CLIL-luokat, liikunta ja kuvataide ovat koulumme vahvaa osaamista.<\/p>\n<h3><strong>Lukuvuoden 2025-2026 ty\u00f6ajat<\/strong><\/h3>\n<p><strong><em>Syyslukukausi: to 7.8. \u2013 la 20.12.2025<\/em><br \/>\n<\/strong><\/p>\n<p>Syysloma: ma 13.10. \u2013 su 19.10.2025<\/p>\n<p>Joululoma: su 21.12.2025 \u2013 ti 6.1.2026<\/p>\n<p><em><strong>Kev\u00e4tlukukausi: ti 7.1. \u2013 la 30.5.2026<\/strong><\/em><\/p>\n<p>Talviloma: ma 16.2. \u2013 su 22.2.2026<\/p>\n<p>&nbsp;<\/p>\n<div class=\"x_elementToProof\" data-olk-copy-source=\"MessageBody\"><span style=\"color: #993366\"><strong>Tutustumisp\u00e4iv\u00e4&nbsp; tuleville 1. luokan oppilaille:<\/strong><\/span><\/div>\n<div data-olk-copy-source=\"MessageBody\">&nbsp;<\/div>\n<div class=\"x_elementToProof\" data-olk-copy-source=\"MessageBody\"><span style=\"color: #993366\"><strong> Elokuussa 2026 W\u00e4in\u00f6 Aaltosen koulussa koulunsa aloittavien 1. luokan oppilaiden tutustumisp\u00e4iv\u00e4 on torstaina 7.5.2026 klo 8.30-10.00. Koulutulokkaat kokoontuvat p\u00e4iv\u00e4n aluksi Telinepihan puolelle alapihalle, josta opettajat opastavat heid\u00e4t mukaansa luokkiin.<\/strong><\/span><\/div>\n<div class=\"x_elementToProof\"><span style=\"color: #993366\"><strong>Koulutulokkaiden huoltajille pidet\u00e4\u00e4n samaan aikaan oma tilaisuutensa koulun p\u00e4\u00e4rakennuksen, Hemmolan ruokalassa. Koulun sek\u00e4 opiskeluhuollon henkil\u00f6kunnan edustajat kertovat koulun aloituksesta ja tutustuttavat koulun toimintatapoihin.<\/strong><\/span><\/div>\n<div>&nbsp;<\/div>\n<div class=\"x_elementToProof\"><span style=\"color: #993366\"><strong>Tervetuloa!<\/strong><\/span><\/div>\n<div class=\"entry-content\">\n<p>&nbsp;<\/p>\n<\/div>\n<p>&nbsp;<\/p>\n<p>&nbsp;<\/p>\n<p>&nbsp;<\/p>\n","protected":false},"excerpt":{"rendered":"<p>W\u00e4in\u00f6 Aaltosen koulu on 420 oppilaan alakoulu Turun Hirvensalossa. Mediaopetus, CLIL-luokat, liikunta ja kuvataide ovat koulumme vahvaa osaamista. Lukuvuoden 2025-2026 ty\u00f6ajat Syyslukukausi: to 7.8. \u2013 la 20.12.2025 Syysloma: ma 13.10. \u2013 su 19.10.2025 Joululoma: su 21.12.2025 \u2013 ti 6.1.2026 Kev\u00e4tlukukausi: ti 7.1. \u2013 la 30.5.2026 Talviloma: ma 16.2. \u2013 su 22.2.2026 &nbsp; Tutustumisp\u00e4iv\u00e4&nbsp; tuleville 1. &hellip; <a href=\"https:\/\/blog.edu.turku.fi\/wa\/\" class=\"more-link\">Jatka lukemista<span class=\"screen-reader-text\"> &#8221;Tervetuloa W\u00e4iskiin!&#8221;<\/span><\/a><\/p>\n","protected":false},"author":909,"featured_media":0,"parent":0,"menu_order":0,"comment_status":"closed","ping_status":"closed","template":"","meta":{"ngg_post_thumbnail":0,"footnotes":""},"class_list":["post-33","page","type-page","status-publish","hentry"],"_links":{"self":[{"href":"https:\/\/blog.edu.turku.fi\/wa\/wp-json\/wp\/v2\/pages\/33","targetHints":{"allow":["GET"]}}],"collection":[{"href":"https:\/\/blog.edu.turku.fi\/wa\/wp-json\/wp\/v2\/pages"}],"about":[{"href":"https:\/\/blog.edu.turku.fi\/wa\/wp-json\/wp\/v2\/types\/page"}],"author":[{"embeddable":true,"href":"https:\/\/blog.edu.turku.fi\/wa\/wp-json\/wp\/v2\/users\/909"}],"replies":[{"embeddable":true,"href":"https:\/\/blog.edu.turku.fi\/wa\/wp-json\/wp\/v2\/comments?post=33"}],"version-history":[{"count":91,"href":"https:\/\/blog.edu.turku.fi\/wa\/wp-json\/wp\/v2\/pages\/33\/revisions"}],"predecessor-version":[{"id":561,"href":"https:\/\/blog.edu.turku.fi\/wa\/wp-json\/wp\/v2\/pages\/33\/revisions\/561"}],"wp:attachment":[{"href":"https:\/\/blog.edu.turku.fi\/wa\/wp-json\/wp\/v2\/media?parent=33"}],"curies":[{"name":"wp","href":"https:\/\/api.w.org\/{rel}","templated":true}]}}