{"id":280,"date":"2017-09-20T08:19:07","date_gmt":"2017-09-20T05:19:07","guid":{"rendered":"https:\/\/blog.edu.turku.fi\/wa\/?page_id=280"},"modified":"2017-09-20T09:24:54","modified_gmt":"2017-09-20T06:24:54","slug":"kielivirta-hanke","status":"publish","type":"page","link":"https:\/\/blog.edu.turku.fi\/wa\/kielivirta-hanke\/","title":{"rendered":"Turun kielivirta"},"content":{"rendered":"<p>Turun Kielivirta on Turun kieliluokkien toiminnan ja opetuksen kehitt\u00e4mishanke, jossa pyrit\u00e4\u00e4n parantamaan oppilaiden kohdekielisi\u00e4 harrastemahdollisuuksia, kielenopiskelumuotoja sek\u00e4 tarjoamaan opettajille t\u00e4ydennyskoulutusta ja mahdollisuus verkostoitua muiden kieliluokkien opettajien kanssa.<\/p>\n<p> <a href=\"https:\/\/blog.edu.turku.fi\/kielivirta\/\">Lis\u00e4tietoja Kielivirrasta <\/a><\/p>\n<p>Turun kielivirtakoulut<br \/>\n\u25feW\u00e4in\u00f6 Aaltonen &amp; Luostarivuori, englannin kieliluokat \u25feVastuuopettajat: Pikke Syrj\u00e4-V\u00e4is\u00e4nen &amp; Anna Lindstr\u00f6m<\/p>\n<p>\u25feV\u00e4h\u00e4-Heikkil\u00e4 &amp; Topelius, ranskan kieliluokat \u25feVastuuopettajat: Johanna M\u00e4kel\u00e4 &amp; Anniina Kapanen<\/p>\n<p>\u25feMartti &amp; Luostarivuori, ruotsin kielikylpyluokat \u25feVastuuopettajat: Petra Salminen &amp; Minna Heldt<\/p>\n<p>\u25fePuolalan ala- ja yl\u00e4koulu, englannin kieliluokat \u25feVastuuopettajat: Judi Rose &amp; Anne Lindholm<\/p>\n<p>\u25fePuolalan ala- ja yl\u00e4koulu, ven\u00e4j\u00e4n kieliluokat \u25feVastuuopettaja: Galina Laakso<\/p>\n<p>\u25fePuolalan ala- ja yl\u00e4koulu, saksan kieliluokat \u25feVastuuopettaja: Anke Michler-Janhunen<\/p>\n","protected":false},"excerpt":{"rendered":"<p>Turun Kielivirta on Turun kieliluokkien toiminnan ja opetuksen kehitt\u00e4mishanke, jossa pyrit\u00e4\u00e4n parantamaan oppilaiden kohdekielisi\u00e4 harrastemahdollisuuksia, kielenopiskelumuotoja sek\u00e4 tarjoamaan opettajille t\u00e4ydennyskoulutusta ja mahdollisuus verkostoitua muiden kieliluokkien opettajien kanssa. Lis\u00e4tietoja Kielivirrasta Turun kielivirtakoulut \u25feW\u00e4in\u00f6 Aaltonen &amp; Luostarivuori, englannin kieliluokat \u25feVastuuopettajat: Pikke Syrj\u00e4-V\u00e4is\u00e4nen &amp; Anna Lindstr\u00f6m \u25feV\u00e4h\u00e4-Heikkil\u00e4 &amp; Topelius, ranskan kieliluokat \u25feVastuuopettajat: Johanna M\u00e4kel\u00e4 &amp; Anniina Kapanen \u25feMartti &hellip; <a href=\"https:\/\/blog.edu.turku.fi\/wa\/kielivirta-hanke\/\" class=\"more-link\">Jatka lukemista<span class=\"screen-reader-text\"> &#8221;Turun kielivirta&#8221;<\/span><\/a><\/p>\n","protected":false},"author":25,"featured_media":0,"parent":0,"menu_order":0,"comment_status":"closed","ping_status":"closed","template":"","meta":{"ngg_post_thumbnail":0,"footnotes":""},"class_list":["post-280","page","type-page","status-publish","hentry"],"_links":{"self":[{"href":"https:\/\/blog.edu.turku.fi\/wa\/wp-json\/wp\/v2\/pages\/280","targetHints":{"allow":["GET"]}}],"collection":[{"href":"https:\/\/blog.edu.turku.fi\/wa\/wp-json\/wp\/v2\/pages"}],"about":[{"href":"https:\/\/blog.edu.turku.fi\/wa\/wp-json\/wp\/v2\/types\/page"}],"author":[{"embeddable":true,"href":"https:\/\/blog.edu.turku.fi\/wa\/wp-json\/wp\/v2\/users\/25"}],"replies":[{"embeddable":true,"href":"https:\/\/blog.edu.turku.fi\/wa\/wp-json\/wp\/v2\/comments?post=280"}],"version-history":[{"count":8,"href":"https:\/\/blog.edu.turku.fi\/wa\/wp-json\/wp\/v2\/pages\/280\/revisions"}],"predecessor-version":[{"id":298,"href":"https:\/\/blog.edu.turku.fi\/wa\/wp-json\/wp\/v2\/pages\/280\/revisions\/298"}],"wp:attachment":[{"href":"https:\/\/blog.edu.turku.fi\/wa\/wp-json\/wp\/v2\/media?parent=280"}],"curies":[{"name":"wp","href":"https:\/\/api.w.org\/{rel}","templated":true}]}}