{"id":219,"date":"2016-12-22T09:25:33","date_gmt":"2016-12-22T07:25:33","guid":{"rendered":"https:\/\/blog.edu.turku.fi\/wa\/?page_id=219"},"modified":"2024-01-16T17:48:45","modified_gmt":"2024-01-16T15:48:45","slug":"aamu-ja-iltapaivakerho","status":"publish","type":"page","link":"https:\/\/blog.edu.turku.fi\/wa\/aamu-ja-iltapaivakerho\/","title":{"rendered":"Aamu- ja iltap\u00e4iv\u00e4kerho"},"content":{"rendered":"<p>Koulun Paavo-hallin yl\u00e4kerrassa toimii aamu- ja iltap\u00e4iv\u00e4kerho.<\/p>\n<p>W\u00e4iskin aamukerho toimii klo 7.30 &#8211; 10 ja iltap\u00e4iv\u00e4kerho klo 11 &#8211; 17.<\/p>\n<p>Iltap\u00e4iv\u00e4toiminta on koulup\u00e4iv\u00e4n j\u00e4lkeen j\u00e4rjestett\u00e4v\u00e4\u00e4 ohjattua vapaa-ajan toimintaa,&nbsp;joka osaltaan tukee lapsen kasvua ja kehityst\u00e4.&nbsp;Aamu- ja iltap\u00e4iv\u00e4toiminta on tarkoitettu perusopetuksen 1. ja 2. vuosiluokkien oppilaille.&nbsp;ltap\u00e4iv\u00e4toiminta tarjoaa lapsille virikkeellist\u00e4 ja turvallista toimintaa koulutettujen aikuisten ohjauksessa.<\/p>\n<p><img loading=\"lazy\" decoding=\"async\" class=\"alignnone size-medium wp-image-220\" src=\"https:\/\/blog.edu.turku.fi\/wa\/files\/2016\/12\/paavohalli-300x169.jpg\" alt=\"paavohalli\" width=\"300\" height=\"169\" srcset=\"https:\/\/blog.edu.turku.fi\/wa\/files\/2016\/12\/paavohalli-300x169.jpg 300w, https:\/\/blog.edu.turku.fi\/wa\/files\/2016\/12\/paavohalli-1024x575.jpg 1024w, https:\/\/blog.edu.turku.fi\/wa\/files\/2016\/12\/paavohalli.jpg 1600w\" sizes=\"auto, (max-width: 300px) 85vw, 300px\" \/><img loading=\"lazy\" decoding=\"async\" class=\"alignnone size-medium wp-image-221\" src=\"https:\/\/blog.edu.turku.fi\/wa\/files\/2016\/12\/20161124_093927-300x169.jpg\" alt=\"20161124_093927\" width=\"300\" height=\"169\" srcset=\"https:\/\/blog.edu.turku.fi\/wa\/files\/2016\/12\/20161124_093927-300x169.jpg 300w, https:\/\/blog.edu.turku.fi\/wa\/files\/2016\/12\/20161124_093927-1024x576.jpg 1024w, https:\/\/blog.edu.turku.fi\/wa\/files\/2016\/12\/20161124_093927.jpg 2048w\" sizes=\"auto, (max-width: 300px) 85vw, 300px\" \/><\/p>\n<p>Lis\u00e4ksi W\u00e4in\u00f6 Aaltosen koulu tekee yhteisty\u00f6t\u00e4 my\u00f6s NMKY:n iltap\u00e4iv\u00e4kerhojen kanssa.<\/p>\n<p>Lis\u00e4tietoja aamu- ja iltap\u00e4iv\u00e4kerhoista ja&nbsp;ilmoittautumisesta l\u00f6ytyy <a href=\"http:\/\/www.turku.fi\/paivahoito-ja-koulutus\/perusopetus\/iltapaivatoiminta\/koululaisten-aamu-ja-iltapaivatoiminta\">t\u00e4st\u00e4 linkist\u00e4.<\/a><\/p>\n<p>Tiedusteluihin vastaavat my\u00f6s:<\/p>\n<p>Katri Loukonen, W\u00e4iskin kerhot 040 7259871<br \/>\nRauli Salminen<br \/>\nJanne Hokkanen<\/p>\n","protected":false},"excerpt":{"rendered":"<p>Koulun Paavo-hallin yl\u00e4kerrassa toimii aamu- ja iltap\u00e4iv\u00e4kerho. W\u00e4iskin aamukerho toimii klo 7.30 &#8211; 10 ja iltap\u00e4iv\u00e4kerho klo 11 &#8211; 17. Iltap\u00e4iv\u00e4toiminta on koulup\u00e4iv\u00e4n j\u00e4lkeen j\u00e4rjestett\u00e4v\u00e4\u00e4 ohjattua vapaa-ajan toimintaa,&nbsp;joka osaltaan tukee lapsen kasvua ja kehityst\u00e4.&nbsp;Aamu- ja iltap\u00e4iv\u00e4toiminta on tarkoitettu perusopetuksen 1. ja 2. vuosiluokkien oppilaille.&nbsp;ltap\u00e4iv\u00e4toiminta tarjoaa lapsille virikkeellist\u00e4 ja turvallista toimintaa koulutettujen aikuisten ohjauksessa. Lis\u00e4ksi W\u00e4in\u00f6 &hellip; <a href=\"https:\/\/blog.edu.turku.fi\/wa\/aamu-ja-iltapaivakerho\/\" class=\"more-link\">Jatka lukemista<span class=\"screen-reader-text\"> &#8221;Aamu- ja iltap\u00e4iv\u00e4kerho&#8221;<\/span><\/a><\/p>\n","protected":false},"author":25,"featured_media":0,"parent":0,"menu_order":0,"comment_status":"closed","ping_status":"closed","template":"","meta":{"ngg_post_thumbnail":0,"footnotes":""},"class_list":["post-219","page","type-page","status-publish","hentry"],"_links":{"self":[{"href":"https:\/\/blog.edu.turku.fi\/wa\/wp-json\/wp\/v2\/pages\/219","targetHints":{"allow":["GET"]}}],"collection":[{"href":"https:\/\/blog.edu.turku.fi\/wa\/wp-json\/wp\/v2\/pages"}],"about":[{"href":"https:\/\/blog.edu.turku.fi\/wa\/wp-json\/wp\/v2\/types\/page"}],"author":[{"embeddable":true,"href":"https:\/\/blog.edu.turku.fi\/wa\/wp-json\/wp\/v2\/users\/25"}],"replies":[{"embeddable":true,"href":"https:\/\/blog.edu.turku.fi\/wa\/wp-json\/wp\/v2\/comments?post=219"}],"version-history":[{"count":8,"href":"https:\/\/blog.edu.turku.fi\/wa\/wp-json\/wp\/v2\/pages\/219\/revisions"}],"predecessor-version":[{"id":507,"href":"https:\/\/blog.edu.turku.fi\/wa\/wp-json\/wp\/v2\/pages\/219\/revisions\/507"}],"wp:attachment":[{"href":"https:\/\/blog.edu.turku.fi\/wa\/wp-json\/wp\/v2\/media?parent=219"}],"curies":[{"name":"wp","href":"https:\/\/api.w.org\/{rel}","templated":true}]}}