{"id":20,"date":"2016-12-07T13:58:40","date_gmt":"2016-12-07T11:58:40","guid":{"rendered":"https:\/\/blog.edu.turku.fi\/wa\/?page_id=20"},"modified":"2026-04-14T12:45:17","modified_gmt":"2026-04-14T09:45:17","slug":"yhteystiedot","status":"publish","type":"page","link":"https:\/\/blog.edu.turku.fi\/wa\/yhteystiedot\/","title":{"rendered":"Yhteystiedot"},"content":{"rendered":"<p><code>W\u00e4in\u00f6 Aaltosen koulutie 3<br \/>\n20900 Turku<\/code><\/p>\n\n<!-- iframe plugin v.6.0 wordpress.org\/plugins\/iframe\/ -->\n<iframe loading=\"lazy\" src=\"https:\/\/www.google.com\/maps\/embed?pb=!1m18!1m12!1m3!1d1969.9831129825086!2d22.224220190425374!3d60.41247196846647!2m3!1f0!2f0!3f0!3m2!1i1024!2i768!4f13.1!3m3!1m2!1s0x468c7779e77dac69%3A0xebd88645ccc6e8ea!2sW%C3%A4in%C3%B6+Aaltosen+Koulu!5e0!3m2!1sfi!2sfi!4v1481111670671\" width=\"400\" height=\"400\" frameborder=\"0\" style=\"border:0\" 0=\"allowfullscreen\" scrolling=\"yes\" class=\"iframe-class\"><\/iframe>\n\n<div>S\u00e4hk\u00f6postiosoitteet ovat muotoa etunimi.sukunimi@edu.turku.fi.<\/div>\n<div>&nbsp;<\/div>\n<div>\n<p>Puhelimet:<\/p>\n<p>rehtori Tiina Paappa 040 4827 240 ( vv. 3.5.2026)<br \/>\nvs. rehtori Anna Uotinen 0401861145<\/p>\n<p>vararehtori Miko Aavikko 040 1860995<\/p>\n<p>koulusihteeri&nbsp;Katriina Kauhaniemi&nbsp; <span style=\"font-family: Calibri\">040 6645 301 <\/span>&nbsp;(ma, ke, to)<br \/>\nkeitti\u00f6 Kirsi Salminen 040 8476838<br \/>\nkiinteist\u00f6nhoitaja: Alltime 044 9024096<br \/>\nkoulupsykologi Maria Laine 050 4323702<br \/>\nterveydenhoitaja&nbsp;Tiina Leino 040 1796474<br \/>\nkoulukuraattori Jenni M\u00e4kinen <span class=\"TextRun SCXW172743323 BCX8\" lang=\"FI-FI\" xml:lang=\"FI-FI\" data-contrast=\"none\"><span class=\"NormalTextRun SCXW172743323 BCX8\">044 907 5660<\/span><\/span><\/p>\n<p><strong>Opettajat:<\/strong><\/p>\n<p>1A P\u00e4ivi Jaakkola<\/p>\n<p>1B Katariina Suomala<\/p>\n<p>1C Jasmin J\u00e4rvensivu<\/p>\n<p>1D-2D Nina Pitk\u00e4nen<\/p>\n<p>2A Tiina Kuusisto<\/p>\n<p>2B Pikke Syrj\u00e4<\/p>\n<p>1-2E Pirjetta T\u00f6rr\u00f6nen<\/p>\n<p>3A Jarno Muurinen<\/p>\n<p>3B Kirsi Rauhaniemi<\/p>\n<p>3C Tero Jaakkola<\/p>\n<p>3D-4D Emmi Luotonen<\/p>\n<p>4A Matleena Mattila<\/p>\n<p>4B Minna Glogan<\/p>\n<p>4C MIkael Nylund<\/p>\n<p>5A Anna Uotinen<\/p>\n<p>5B Pia Sandstr\u00f6m<\/p>\n<p>5C Miko Aavikko<\/p>\n<p>5D-6D Emmi Oksanen<\/p>\n<p>6A Essi M\u00e4kipelto ( Pekko Aalto vv.)<\/p>\n<p>6B Mari Murto-Kangas<\/p>\n<p>6C Kati Suominen<\/p>\n<p>Eva Hannula, S2-opetus<br \/>\nMilla Heldt A2 saksa<br \/>\nJohanna Pienanen, erityisopettaja, 040 1861081<br \/>\nJaana Sankari, erityisopettaja, 0403587812<\/p>\n<p><strong>Koulunk\u00e4ynninohjaajat:<\/strong><\/p>\n<p><span class=\"NormalTextRun SCXW235459270 BCX8\"> Leena Peltola, Dora V\u00e4<\/span><span class=\"NormalTextRun SCXW235459270 BCX8\">h\u00e4kangas, <\/span><span class=\"NormalTextRun SCXW235459270 BCX8\">Rasmu<\/span><span class=\"NormalTextRun SCXW235459270 BCX8\">s <\/span><span class=\"NormalTextRun SCXW235459270 BCX8\">Nemlander<\/span><span class=\"NormalTextRun SCXW235459270 BCX8\">, Heidi Salminen, Heidi Jalonen, Ada <\/span><span class=\"NormalTextRun SCXW235459270 BCX8\">Riquelme<\/span><span class=\"NormalTextRun SCXW235459270 BCX8\">, <\/span><span class=\"NormalTextRun SCXW235459270 BCX8\">Tommi Makkonen ja Fiia Mett\u00e4l\u00e4<\/span><\/p>\n<p>&nbsp;<\/p>\n<p>Luokanopettajat ohjeistavat erikseen tavoitettavuudestaan (ty\u00f6puhelin).<\/p>\n<p>&nbsp;<\/p>\n<p>&nbsp;<\/p>\n<p>&nbsp;<\/p>\n<p>&nbsp;<\/p>\n<\/div>\n<div>&nbsp;<\/div>\n","protected":false},"excerpt":{"rendered":"<p>W\u00e4in\u00f6 Aaltosen koulutie 3 20900 Turku S\u00e4hk\u00f6postiosoitteet ovat muotoa etunimi.sukunimi@edu.turku.fi. &nbsp; Puhelimet: rehtori Tiina Paappa 040 4827 240 ( vv. 3.5.2026) vs. rehtori Anna Uotinen 0401861145 vararehtori Miko Aavikko 040 1860995 koulusihteeri&nbsp;Katriina Kauhaniemi&nbsp; 040 6645 301 &nbsp;(ma, ke, to) keitti\u00f6 Kirsi Salminen 040 8476838 kiinteist\u00f6nhoitaja: Alltime 044 9024096 koulupsykologi Maria Laine 050 4323702 terveydenhoitaja&nbsp;Tiina Leino &hellip; <a href=\"https:\/\/blog.edu.turku.fi\/wa\/yhteystiedot\/\" class=\"more-link\">Jatka lukemista<span class=\"screen-reader-text\"> &#8221;Yhteystiedot&#8221;<\/span><\/a><\/p>\n","protected":false},"author":909,"featured_media":0,"parent":0,"menu_order":0,"comment_status":"closed","ping_status":"closed","template":"","meta":{"ngg_post_thumbnail":0,"footnotes":""},"class_list":["post-20","page","type-page","status-publish","hentry"],"_links":{"self":[{"href":"https:\/\/blog.edu.turku.fi\/wa\/wp-json\/wp\/v2\/pages\/20","targetHints":{"allow":["GET"]}}],"collection":[{"href":"https:\/\/blog.edu.turku.fi\/wa\/wp-json\/wp\/v2\/pages"}],"about":[{"href":"https:\/\/blog.edu.turku.fi\/wa\/wp-json\/wp\/v2\/types\/page"}],"author":[{"embeddable":true,"href":"https:\/\/blog.edu.turku.fi\/wa\/wp-json\/wp\/v2\/users\/909"}],"replies":[{"embeddable":true,"href":"https:\/\/blog.edu.turku.fi\/wa\/wp-json\/wp\/v2\/comments?post=20"}],"version-history":[{"count":55,"href":"https:\/\/blog.edu.turku.fi\/wa\/wp-json\/wp\/v2\/pages\/20\/revisions"}],"predecessor-version":[{"id":558,"href":"https:\/\/blog.edu.turku.fi\/wa\/wp-json\/wp\/v2\/pages\/20\/revisions\/558"}],"wp:attachment":[{"href":"https:\/\/blog.edu.turku.fi\/wa\/wp-json\/wp\/v2\/media?parent=20"}],"curies":[{"name":"wp","href":"https:\/\/api.w.org\/{rel}","templated":true}]}}