{"id":191,"date":"2016-12-21T10:13:39","date_gmt":"2016-12-21T08:13:39","guid":{"rendered":"https:\/\/blog.edu.turku.fi\/wa\/?page_id=191"},"modified":"2022-10-13T10:53:17","modified_gmt":"2022-10-13T07:53:17","slug":"clil-luokat-waino-aaltosen-koulussa","status":"publish","type":"page","link":"https:\/\/blog.edu.turku.fi\/wa\/clil-luokat-waino-aaltosen-koulussa\/","title":{"rendered":"CLIL-luokat W\u00e4in\u00f6 Aaltosen koulussa"},"content":{"rendered":"<p>W\u00e4in\u00f6 Aaltosen koulussa tarjotaan perusopetuksen lis\u00e4ksi englantirikasteista opetusta luokilla 1.- 6. niin, ett\u00e4 yksi rinnakkaisluokista opiskelee englantirikasteisen opetusohjelman mukaan.<\/p>\n<p>Englantirikasteinen opetus noudattaa <a href=\"https:\/\/blog.edu.turku.fi\/kieliluokat\/\">Turun perusopetuksessa k\u00e4yt\u00f6ss\u00e4 olevia CLIL-periaatteita<\/a> -periaatteita. Opetuksen tavoitteena on innostaa oppilasta vieraan kielen luontevaan k\u00e4ytt\u00e4miseen ja tukea oppilaan monipuolista kielenoppimista.<\/p>\n<p>Englantipainotteisilla luokilla on sama viikkotuntim\u00e4\u00e4r\u00e4 kuin muilla saman luokka-asteen luokilla.<\/p>\n<p>Englannin osuus lis\u00e4\u00e4ntyy v\u00e4hitellen kohti kuudetta luokkaa, jossa englantia k\u00e4ytet\u00e4\u00e4n jo laajasti osana opetusta. Kielen lis\u00e4ksi opetussuunnitelmaan kuuluu englannin kielisiin kulttuureihin tutustuminen.<\/p>\n<p>CLIL-luokalle hyv\u00e4ksyt\u00e4\u00e4n oppilaat erillisen soveltuvuustestin perusteella kouluun ilmoittautumisen yhteydess\u00e4.<\/p>\n<p>Lis\u00e4tietoja: Anna Uotinen anna.uotinen@edu.turku.fi<\/p>\n<p><img loading=\"lazy\" decoding=\"async\" class=\"alignnone size-medium wp-image-192\" src=\"https:\/\/blog.edu.turku.fi\/wa\/files\/2016\/12\/hw4-300x169.jpg\" alt=\"hw4\" width=\"300\" height=\"169\" srcset=\"https:\/\/blog.edu.turku.fi\/wa\/files\/2016\/12\/hw4-300x169.jpg 300w, https:\/\/blog.edu.turku.fi\/wa\/files\/2016\/12\/hw4-1024x576.jpg 1024w, https:\/\/blog.edu.turku.fi\/wa\/files\/2016\/12\/hw4.jpg 1632w\" sizes=\"auto, (max-width: 300px) 85vw, 300px\" \/><\/p>\n","protected":false},"excerpt":{"rendered":"<p>W\u00e4in\u00f6 Aaltosen koulussa tarjotaan perusopetuksen lis\u00e4ksi englantirikasteista opetusta luokilla 1.- 6. niin, ett\u00e4 yksi rinnakkaisluokista opiskelee englantirikasteisen opetusohjelman mukaan. Englantirikasteinen opetus noudattaa Turun perusopetuksessa k\u00e4yt\u00f6ss\u00e4 olevia CLIL-periaatteita -periaatteita. Opetuksen tavoitteena on innostaa oppilasta vieraan kielen luontevaan k\u00e4ytt\u00e4miseen ja tukea oppilaan monipuolista kielenoppimista. Englantipainotteisilla luokilla on sama viikkotuntim\u00e4\u00e4r\u00e4 kuin muilla saman luokka-asteen luokilla. Englannin osuus lis\u00e4\u00e4ntyy &hellip; <a href=\"https:\/\/blog.edu.turku.fi\/wa\/clil-luokat-waino-aaltosen-koulussa\/\" class=\"more-link\">Jatka lukemista<span class=\"screen-reader-text\"> &#8221;CLIL-luokat W\u00e4in\u00f6 Aaltosen koulussa&#8221;<\/span><\/a><\/p>\n","protected":false},"author":25,"featured_media":0,"parent":0,"menu_order":0,"comment_status":"closed","ping_status":"closed","template":"","meta":{"ngg_post_thumbnail":0,"footnotes":""},"class_list":["post-191","page","type-page","status-publish","hentry"],"_links":{"self":[{"href":"https:\/\/blog.edu.turku.fi\/wa\/wp-json\/wp\/v2\/pages\/191","targetHints":{"allow":["GET"]}}],"collection":[{"href":"https:\/\/blog.edu.turku.fi\/wa\/wp-json\/wp\/v2\/pages"}],"about":[{"href":"https:\/\/blog.edu.turku.fi\/wa\/wp-json\/wp\/v2\/types\/page"}],"author":[{"embeddable":true,"href":"https:\/\/blog.edu.turku.fi\/wa\/wp-json\/wp\/v2\/users\/25"}],"replies":[{"embeddable":true,"href":"https:\/\/blog.edu.turku.fi\/wa\/wp-json\/wp\/v2\/comments?post=191"}],"version-history":[{"count":14,"href":"https:\/\/blog.edu.turku.fi\/wa\/wp-json\/wp\/v2\/pages\/191\/revisions"}],"predecessor-version":[{"id":476,"href":"https:\/\/blog.edu.turku.fi\/wa\/wp-json\/wp\/v2\/pages\/191\/revisions\/476"}],"wp:attachment":[{"href":"https:\/\/blog.edu.turku.fi\/wa\/wp-json\/wp\/v2\/media?parent=191"}],"curies":[{"name":"wp","href":"https:\/\/api.w.org\/{rel}","templated":true}]}}