{"id":174,"date":"2016-12-07T16:08:18","date_gmt":"2016-12-07T14:08:18","guid":{"rendered":"https:\/\/blog.edu.turku.fi\/wa\/?page_id=174"},"modified":"2016-12-07T16:08:18","modified_gmt":"2016-12-07T14:08:18","slug":"kuvagalleria","status":"publish","type":"page","link":"https:\/\/blog.edu.turku.fi\/wa\/kuvagalleria\/","title":{"rendered":"Kuvagalleria"},"content":{"rendered":"<p><!-- index.php -->\n<div\n\tclass=\"ngg-galleryoverview\n\t ngg-ajax-pagination-none\t\"\n\tid=\"ngg-gallery-af06c84c5e071aa7712aa8ce636262f7-1\">\n\n\t\t\t<!-- Thumbnails -->\n\t\t\t\t<div id=\"ngg-image-0\" class=\"ngg-gallery-thumbnail-box\"\n\t\t\t\t\t\t\t\t\t\t\t>\n\t\t\t\t\t\t<div class=\"ngg-gallery-thumbnail\">\n\t\t\t<a href=\"https:\/\/blog.edu.turku.fi\/wa\/wp-content\/blogs.dir\/604\/files\/galleria\/kaytava2.jpg\"\n\t\t\t\ttitle=\"Hemmolan k\u00e4yt\u00e4v\u00e4\"\n\t\t\t\tdata-src=\"https:\/\/blog.edu.turku.fi\/wa\/wp-content\/blogs.dir\/604\/files\/galleria\/kaytava2.jpg\"\n\t\t\t\tdata-thumbnail=\"https:\/\/blog.edu.turku.fi\/wa\/wp-content\/blogs.dir\/604\/files\/galleria\/thumbs\/thumbs_kaytava2.jpg\"\n\t\t\t\tdata-image-id=\"19\"\n\t\t\t\tdata-title=\"kaytava2\"\n\t\t\t\tdata-description=\"Hemmolan k\u00e4yt\u00e4v\u00e4\"\n\t\t\t\tdata-image-slug=\"kaytava2-1\"\n\t\t\t\tclass=\"ngg-fancybox\" rel=\"af06c84c5e071aa7712aa8ce636262f7\">\n\t\t\t\t<img\n\t\t\t\t\ttitle=\"kaytava2\"\n\t\t\t\t\talt=\"kaytava2\"\n\t\t\t\t\tsrc=\"https:\/\/blog.edu.turku.fi\/wa\/wp-content\/blogs.dir\/604\/files\/galleria\/thumbs\/thumbs_kaytava2.jpg\"\n\t\t\t\t\twidth=\"240\"\n\t\t\t\t\theight=\"160\"\n\t\t\t\t\tstyle=\"max-width:100%;\"\n\t\t\t\t\/>\n\t\t\t<\/a>\n\t\t<\/div>\n\t\t\t\t\t\t\t<\/div>\n\t\t\t\n\t\t\n\t\t\t\t<div id=\"ngg-image-1\" class=\"ngg-gallery-thumbnail-box\"\n\t\t\t\t\t\t\t\t\t\t\t>\n\t\t\t\t\t\t<div class=\"ngg-gallery-thumbnail\">\n\t\t\t<a href=\"https:\/\/blog.edu.turku.fi\/wa\/wp-content\/blogs.dir\/604\/files\/galleria\/paavohalli.jpg\"\n\t\t\t\ttitle=\"Paavo-halli - liikunta- ja juhlatila\"\n\t\t\t\tdata-src=\"https:\/\/blog.edu.turku.fi\/wa\/wp-content\/blogs.dir\/604\/files\/galleria\/paavohalli.jpg\"\n\t\t\t\tdata-thumbnail=\"https:\/\/blog.edu.turku.fi\/wa\/wp-content\/blogs.dir\/604\/files\/galleria\/thumbs\/thumbs_paavohalli.jpg\"\n\t\t\t\tdata-image-id=\"20\"\n\t\t\t\tdata-title=\"paavohalli\"\n\t\t\t\tdata-description=\"Paavo-halli - liikunta- ja juhlatila\"\n\t\t\t\tdata-image-slug=\"paavohalli-1\"\n\t\t\t\tclass=\"ngg-fancybox\" rel=\"af06c84c5e071aa7712aa8ce636262f7\">\n\t\t\t\t<img\n\t\t\t\t\ttitle=\"paavohalli\"\n\t\t\t\t\talt=\"paavohalli\"\n\t\t\t\t\tsrc=\"https:\/\/blog.edu.turku.fi\/wa\/wp-content\/blogs.dir\/604\/files\/galleria\/thumbs\/thumbs_paavohalli.jpg\"\n\t\t\t\t\twidth=\"240\"\n\t\t\t\t\theight=\"160\"\n\t\t\t\t\tstyle=\"max-width:100%;\"\n\t\t\t\t\/>\n\t\t\t<\/a>\n\t\t<\/div>\n\t\t\t\t\t\t\t<\/div>\n\t\t\t\n\t\t\n\t\t\t\t<div id=\"ngg-image-2\" class=\"ngg-gallery-thumbnail-box\"\n\t\t\t\t\t\t\t\t\t\t\t>\n\t\t\t\t\t\t<div class=\"ngg-gallery-thumbnail\">\n\t\t\t<a href=\"https:\/\/blog.edu.turku.fi\/wa\/wp-content\/blogs.dir\/604\/files\/galleria\/piha1.jpg\"\n\t\t\t\ttitle=\"Keskuspiha\"\n\t\t\t\tdata-src=\"https:\/\/blog.edu.turku.fi\/wa\/wp-content\/blogs.dir\/604\/files\/galleria\/piha1.jpg\"\n\t\t\t\tdata-thumbnail=\"https:\/\/blog.edu.turku.fi\/wa\/wp-content\/blogs.dir\/604\/files\/galleria\/thumbs\/thumbs_piha1.jpg\"\n\t\t\t\tdata-image-id=\"21\"\n\t\t\t\tdata-title=\"piha1\"\n\t\t\t\tdata-description=\"Keskuspiha\"\n\t\t\t\tdata-image-slug=\"piha1-1\"\n\t\t\t\tclass=\"ngg-fancybox\" rel=\"af06c84c5e071aa7712aa8ce636262f7\">\n\t\t\t\t<img\n\t\t\t\t\ttitle=\"piha1\"\n\t\t\t\t\talt=\"piha1\"\n\t\t\t\t\tsrc=\"https:\/\/blog.edu.turku.fi\/wa\/wp-content\/blogs.dir\/604\/files\/galleria\/thumbs\/thumbs_piha1.jpg\"\n\t\t\t\t\twidth=\"240\"\n\t\t\t\t\theight=\"160\"\n\t\t\t\t\tstyle=\"max-width:100%;\"\n\t\t\t\t\/>\n\t\t\t<\/a>\n\t\t<\/div>\n\t\t\t\t\t\t\t<\/div>\n\t\t\t\n\t\t\n\t\t\t\t<div id=\"ngg-image-3\" class=\"ngg-gallery-thumbnail-box\"\n\t\t\t\t\t\t\t\t\t\t\t>\n\t\t\t\t\t\t<div class=\"ngg-gallery-thumbnail\">\n\t\t\t<a href=\"https:\/\/blog.edu.turku.fi\/wa\/wp-content\/blogs.dir\/604\/files\/galleria\/piha2.jpg\"\n\t\t\t\ttitle=\"Keskuspiha II\"\n\t\t\t\tdata-src=\"https:\/\/blog.edu.turku.fi\/wa\/wp-content\/blogs.dir\/604\/files\/galleria\/piha2.jpg\"\n\t\t\t\tdata-thumbnail=\"https:\/\/blog.edu.turku.fi\/wa\/wp-content\/blogs.dir\/604\/files\/galleria\/thumbs\/thumbs_piha2.jpg\"\n\t\t\t\tdata-image-id=\"22\"\n\t\t\t\tdata-title=\"piha2\"\n\t\t\t\tdata-description=\"Keskuspiha II\"\n\t\t\t\tdata-image-slug=\"piha2-1\"\n\t\t\t\tclass=\"ngg-fancybox\" rel=\"af06c84c5e071aa7712aa8ce636262f7\">\n\t\t\t\t<img\n\t\t\t\t\ttitle=\"piha2\"\n\t\t\t\t\talt=\"piha2\"\n\t\t\t\t\tsrc=\"https:\/\/blog.edu.turku.fi\/wa\/wp-content\/blogs.dir\/604\/files\/galleria\/thumbs\/thumbs_piha2.jpg\"\n\t\t\t\t\twidth=\"240\"\n\t\t\t\t\theight=\"160\"\n\t\t\t\t\tstyle=\"max-width:100%;\"\n\t\t\t\t\/>\n\t\t\t<\/a>\n\t\t<\/div>\n\t\t\t\t\t\t\t<\/div>\n\t\t\t\n\t\t\n\t\t\t\t<div id=\"ngg-image-4\" class=\"ngg-gallery-thumbnail-box\"\n\t\t\t\t\t\t\t\t\t\t\t>\n\t\t\t\t\t\t<div class=\"ngg-gallery-thumbnail\">\n\t\t\t<a href=\"https:\/\/blog.edu.turku.fi\/wa\/wp-content\/blogs.dir\/604\/files\/galleria\/piha3.jpg\"\n\t\t\t\ttitle=\"P\u00e4\u00e4rakennus - Hemmola\"\n\t\t\t\tdata-src=\"https:\/\/blog.edu.turku.fi\/wa\/wp-content\/blogs.dir\/604\/files\/galleria\/piha3.jpg\"\n\t\t\t\tdata-thumbnail=\"https:\/\/blog.edu.turku.fi\/wa\/wp-content\/blogs.dir\/604\/files\/galleria\/thumbs\/thumbs_piha3.jpg\"\n\t\t\t\tdata-image-id=\"23\"\n\t\t\t\tdata-title=\"piha3\"\n\t\t\t\tdata-description=\"P\u00e4\u00e4rakennus - Hemmola\"\n\t\t\t\tdata-image-slug=\"piha3-1\"\n\t\t\t\tclass=\"ngg-fancybox\" rel=\"af06c84c5e071aa7712aa8ce636262f7\">\n\t\t\t\t<img\n\t\t\t\t\ttitle=\"piha3\"\n\t\t\t\t\talt=\"piha3\"\n\t\t\t\t\tsrc=\"https:\/\/blog.edu.turku.fi\/wa\/wp-content\/blogs.dir\/604\/files\/galleria\/thumbs\/thumbs_piha3.jpg\"\n\t\t\t\t\twidth=\"240\"\n\t\t\t\t\theight=\"160\"\n\t\t\t\t\tstyle=\"max-width:100%;\"\n\t\t\t\t\/>\n\t\t\t<\/a>\n\t\t<\/div>\n\t\t\t\t\t\t\t<\/div>\n\t\t\t\n\t\t\n\t\t\t\t<div id=\"ngg-image-5\" class=\"ngg-gallery-thumbnail-box\"\n\t\t\t\t\t\t\t\t\t\t\t>\n\t\t\t\t\t\t<div class=\"ngg-gallery-thumbnail\">\n\t\t\t<a href=\"https:\/\/blog.edu.turku.fi\/wa\/wp-content\/blogs.dir\/604\/files\/galleria\/reliefit.jpg\"\n\t\t\t\ttitle=\"W\u00e4in\u00f6 Aaltosen reliefit\"\n\t\t\t\tdata-src=\"https:\/\/blog.edu.turku.fi\/wa\/wp-content\/blogs.dir\/604\/files\/galleria\/reliefit.jpg\"\n\t\t\t\tdata-thumbnail=\"https:\/\/blog.edu.turku.fi\/wa\/wp-content\/blogs.dir\/604\/files\/galleria\/thumbs\/thumbs_reliefit.jpg\"\n\t\t\t\tdata-image-id=\"24\"\n\t\t\t\tdata-title=\"reliefit\"\n\t\t\t\tdata-description=\"W\u00e4in\u00f6 Aaltosen reliefit\"\n\t\t\t\tdata-image-slug=\"reliefit-1\"\n\t\t\t\tclass=\"ngg-fancybox\" rel=\"af06c84c5e071aa7712aa8ce636262f7\">\n\t\t\t\t<img\n\t\t\t\t\ttitle=\"reliefit\"\n\t\t\t\t\talt=\"reliefit\"\n\t\t\t\t\tsrc=\"https:\/\/blog.edu.turku.fi\/wa\/wp-content\/blogs.dir\/604\/files\/galleria\/thumbs\/thumbs_reliefit.jpg\"\n\t\t\t\t\twidth=\"240\"\n\t\t\t\t\theight=\"160\"\n\t\t\t\t\tstyle=\"max-width:100%;\"\n\t\t\t\t\/>\n\t\t\t<\/a>\n\t\t<\/div>\n\t\t\t\t\t\t\t<\/div>\n\t\t\t\n\t\t\n\t\t\t\t<div id=\"ngg-image-6\" class=\"ngg-gallery-thumbnail-box\"\n\t\t\t\t\t\t\t\t\t\t\t>\n\t\t\t\t\t\t<div class=\"ngg-gallery-thumbnail\">\n\t\t\t<a href=\"https:\/\/blog.edu.turku.fi\/wa\/wp-content\/blogs.dir\/604\/files\/galleria\/reliefit2.jpg\"\n\t\t\t\ttitle=\"\"\n\t\t\t\tdata-src=\"https:\/\/blog.edu.turku.fi\/wa\/wp-content\/blogs.dir\/604\/files\/galleria\/reliefit2.jpg\"\n\t\t\t\tdata-thumbnail=\"https:\/\/blog.edu.turku.fi\/wa\/wp-content\/blogs.dir\/604\/files\/galleria\/thumbs\/thumbs_reliefit2.jpg\"\n\t\t\t\tdata-image-id=\"25\"\n\t\t\t\tdata-title=\"reliefit2\"\n\t\t\t\tdata-description=\"\"\n\t\t\t\tdata-image-slug=\"reliefit2-1\"\n\t\t\t\tclass=\"ngg-fancybox\" rel=\"af06c84c5e071aa7712aa8ce636262f7\">\n\t\t\t\t<img\n\t\t\t\t\ttitle=\"reliefit2\"\n\t\t\t\t\talt=\"reliefit2\"\n\t\t\t\t\tsrc=\"https:\/\/blog.edu.turku.fi\/wa\/wp-content\/blogs.dir\/604\/files\/galleria\/thumbs\/thumbs_reliefit2.jpg\"\n\t\t\t\t\twidth=\"240\"\n\t\t\t\t\theight=\"160\"\n\t\t\t\t\tstyle=\"max-width:100%;\"\n\t\t\t\t\/>\n\t\t\t<\/a>\n\t\t<\/div>\n\t\t\t\t\t\t\t<\/div>\n\t\t\t\n\t\t\n\t\t\t\t<div id=\"ngg-image-7\" class=\"ngg-gallery-thumbnail-box\"\n\t\t\t\t\t\t\t\t\t\t\t>\n\t\t\t\t\t\t<div class=\"ngg-gallery-thumbnail\">\n\t\t\t<a href=\"https:\/\/blog.edu.turku.fi\/wa\/wp-content\/blogs.dir\/604\/files\/galleria\/ruokala.jpg\"\n\t\t\t\ttitle=\"Ruokala\"\n\t\t\t\tdata-src=\"https:\/\/blog.edu.turku.fi\/wa\/wp-content\/blogs.dir\/604\/files\/galleria\/ruokala.jpg\"\n\t\t\t\tdata-thumbnail=\"https:\/\/blog.edu.turku.fi\/wa\/wp-content\/blogs.dir\/604\/files\/galleria\/thumbs\/thumbs_ruokala.jpg\"\n\t\t\t\tdata-image-id=\"26\"\n\t\t\t\tdata-title=\"ruokala\"\n\t\t\t\tdata-description=\"Ruokala\"\n\t\t\t\tdata-image-slug=\"ruokala-1\"\n\t\t\t\tclass=\"ngg-fancybox\" rel=\"af06c84c5e071aa7712aa8ce636262f7\">\n\t\t\t\t<img\n\t\t\t\t\ttitle=\"ruokala\"\n\t\t\t\t\talt=\"ruokala\"\n\t\t\t\t\tsrc=\"https:\/\/blog.edu.turku.fi\/wa\/wp-content\/blogs.dir\/604\/files\/galleria\/thumbs\/thumbs_ruokala.jpg\"\n\t\t\t\t\twidth=\"240\"\n\t\t\t\t\theight=\"160\"\n\t\t\t\t\tstyle=\"max-width:100%;\"\n\t\t\t\t\/>\n\t\t\t<\/a>\n\t\t<\/div>\n\t\t\t\t\t\t\t<\/div>\n\t\t\t\n\t\t\n\t\t\t\t<div id=\"ngg-image-8\" class=\"ngg-gallery-thumbnail-box\"\n\t\t\t\t\t\t\t\t\t\t\t>\n\t\t\t\t\t\t<div class=\"ngg-gallery-thumbnail\">\n\t\t\t<a href=\"https:\/\/blog.edu.turku.fi\/wa\/wp-content\/blogs.dir\/604\/files\/galleria\/ruokalassa-syodaan.jpg\"\n\t\t\t\ttitle=\"Ruokalasta keskuspihaan p\u00e4in\"\n\t\t\t\tdata-src=\"https:\/\/blog.edu.turku.fi\/wa\/wp-content\/blogs.dir\/604\/files\/galleria\/ruokalassa-syodaan.jpg\"\n\t\t\t\tdata-thumbnail=\"https:\/\/blog.edu.turku.fi\/wa\/wp-content\/blogs.dir\/604\/files\/galleria\/thumbs\/thumbs_ruokalassa-syodaan.jpg\"\n\t\t\t\tdata-image-id=\"27\"\n\t\t\t\tdata-title=\"ruokalassa syodaan\"\n\t\t\t\tdata-description=\"Ruokalasta keskuspihaan p\u00e4in\"\n\t\t\t\tdata-image-slug=\"ruokalassa-syodaan-1\"\n\t\t\t\tclass=\"ngg-fancybox\" rel=\"af06c84c5e071aa7712aa8ce636262f7\">\n\t\t\t\t<img\n\t\t\t\t\ttitle=\"ruokalassa syodaan\"\n\t\t\t\t\talt=\"ruokalassa syodaan\"\n\t\t\t\t\tsrc=\"https:\/\/blog.edu.turku.fi\/wa\/wp-content\/blogs.dir\/604\/files\/galleria\/thumbs\/thumbs_ruokalassa-syodaan.jpg\"\n\t\t\t\t\twidth=\"240\"\n\t\t\t\t\theight=\"160\"\n\t\t\t\t\tstyle=\"max-width:100%;\"\n\t\t\t\t\/>\n\t\t\t<\/a>\n\t\t<\/div>\n\t\t\t\t\t\t\t<\/div>\n\t\t\t\n\t\t\n\t\t\n\t\t<!-- Pagination -->\n\t\t<div class='ngg-clear'><\/div>\t<\/div>\n<\/p>\n","protected":false},"excerpt":{"rendered":"","protected":false},"author":2095,"featured_media":0,"parent":0,"menu_order":0,"comment_status":"closed","ping_status":"closed","template":"","meta":{"ngg_post_thumbnail":0,"footnotes":""},"class_list":["post-174","page","type-page","status-publish","hentry"],"_links":{"self":[{"href":"https:\/\/blog.edu.turku.fi\/wa\/wp-json\/wp\/v2\/pages\/174","targetHints":{"allow":["GET"]}}],"collection":[{"href":"https:\/\/blog.edu.turku.fi\/wa\/wp-json\/wp\/v2\/pages"}],"about":[{"href":"https:\/\/blog.edu.turku.fi\/wa\/wp-json\/wp\/v2\/types\/page"}],"author":[{"embeddable":true,"href":"https:\/\/blog.edu.turku.fi\/wa\/wp-json\/wp\/v2\/users\/2095"}],"replies":[{"embeddable":true,"href":"https:\/\/blog.edu.turku.fi\/wa\/wp-json\/wp\/v2\/comments?post=174"}],"version-history":[{"count":1,"href":"https:\/\/blog.edu.turku.fi\/wa\/wp-json\/wp\/v2\/pages\/174\/revisions"}],"predecessor-version":[{"id":176,"href":"https:\/\/blog.edu.turku.fi\/wa\/wp-json\/wp\/v2\/pages\/174\/revisions\/176"}],"wp:attachment":[{"href":"https:\/\/blog.edu.turku.fi\/wa\/wp-json\/wp\/v2\/media?parent=174"}],"curies":[{"name":"wp","href":"https:\/\/api.w.org\/{rel}","templated":true}]}}