{"id":2,"date":"2018-06-12T09:37:41","date_gmt":"2018-06-12T06:37:41","guid":{"rendered":"https:\/\/blog.edu.turku.fi\/tso\/?page_id=2"},"modified":"2026-01-21T10:48:31","modified_gmt":"2026-01-21T08:48:31","slug":"info","status":"publish","type":"page","link":"https:\/\/blog.edu.turku.fi\/vso\/info\/","title":{"rendered":"Mik\u00e4 on VSO?"},"content":{"rendered":"<p><!--more--><\/p>\n<p><strong>Varsinais-Suomen opetusfoorumi<\/strong> (VSO) on maakunnan alueella toimiva kasvatus- ja opetusalan yhteisty\u00f6verkosto. Verkosto koostuu ohjausryhm\u00e4st\u00e4 ja toimintaryhmist\u00e4.<\/p>\n<p>VSO-ohjausryhm\u00e4\u00e4n kuuluvat alueen kuntien sivistystoimesta vastaavat johtavat viranhaltijat. Ohjausryhm\u00e4n kokouksissa keskustellaan teht\u00e4v\u00e4alueella ajankohtaisista asioista, ja kuullaan asiantuntijoiden puheenvuoroja.<\/p>\n<p>Muita toimintaryhmi\u00e4 ovat varhaiskasvatusryhm\u00e4, perusopetusryhm\u00e4, lukioryhm\u00e4, opistoryhm\u00e4 ja VSOdigi-opetusteknologiaryhm\u00e4.<\/p>\n<p>Varsinais-Suomen opetusfoorumin puheenjohtajakunta \/ -kunnat valitaan vuosittain. Vuonna 2026 puheenjohtajakuntana toimii Kaarinan kaupunki.<\/p>\n","protected":false},"excerpt":{"rendered":"","protected":false},"author":16,"featured_media":76,"parent":0,"menu_order":0,"comment_status":"closed","ping_status":"open","template":"","meta":{"footnotes":""},"class_list":["post-2","page","type-page","status-publish","has-post-thumbnail","hentry"],"_links":{"self":[{"href":"https:\/\/blog.edu.turku.fi\/vso\/wp-json\/wp\/v2\/pages\/2","targetHints":{"allow":["GET"]}}],"collection":[{"href":"https:\/\/blog.edu.turku.fi\/vso\/wp-json\/wp\/v2\/pages"}],"about":[{"href":"https:\/\/blog.edu.turku.fi\/vso\/wp-json\/wp\/v2\/types\/page"}],"author":[{"embeddable":true,"href":"https:\/\/blog.edu.turku.fi\/vso\/wp-json\/wp\/v2\/users\/16"}],"replies":[{"embeddable":true,"href":"https:\/\/blog.edu.turku.fi\/vso\/wp-json\/wp\/v2\/comments?post=2"}],"version-history":[{"count":21,"href":"https:\/\/blog.edu.turku.fi\/vso\/wp-json\/wp\/v2\/pages\/2\/revisions"}],"predecessor-version":[{"id":300,"href":"https:\/\/blog.edu.turku.fi\/vso\/wp-json\/wp\/v2\/pages\/2\/revisions\/300"}],"wp:featuredmedia":[{"embeddable":true,"href":"https:\/\/blog.edu.turku.fi\/vso\/wp-json\/wp\/v2\/media\/76"}],"wp:attachment":[{"href":"https:\/\/blog.edu.turku.fi\/vso\/wp-json\/wp\/v2\/media?parent=2"}],"curies":[{"name":"wp","href":"https:\/\/api.w.org\/{rel}","templated":true}]}}