{"id":12,"date":"2018-06-12T10:15:13","date_gmt":"2018-06-12T07:15:13","guid":{"rendered":"https:\/\/blog.edu.turku.fi\/tso\/?page_id=12"},"modified":"2026-01-21T10:43:46","modified_gmt":"2026-01-21T08:43:46","slug":"toimintaryhmat","status":"publish","type":"page","link":"https:\/\/blog.edu.turku.fi\/vso\/toimintaryhmat\/","title":{"rendered":"Toimintaryhm\u00e4t"},"content":{"rendered":"<p><!--more--><\/p>\n<h2>Toimintaryhmien puheenjohtajat<\/h2>\n<h3>Varhaiskasvatusryhm\u00e4<\/h3>\n<p><strong>Laura M\u00e4lk\u00f6nen<\/strong><br \/>\nvarhaiskasvatusjohtaja<br \/>\netunimi.sukunimi@kaarina.fi<br \/>\npuh. 040 482 0354<\/p>\n<h3>Perusopetusryhm\u00e4<\/h3>\n<p><strong>Emmi Virtanen<\/strong><br \/>\njohtava rehtori<br \/>\netunimi.<strong>m<\/strong>.sukunimi@kaarina.fi<br \/>\npuh. <span data-olk-copy-source=\"MessageBody\">050 471 0874<\/span><\/p>\n<h3>Lukioryhm\u00e4<\/h3>\n<p><strong>Timo Jalonen<\/strong><br \/>\npalvelualuejohtaja<br \/>\netunimi.sukunimi@turku.fi<br \/>\npuh. 050 432 3646<\/p>\n<h3>Ilo oppia, opistoverkosto<\/h3>\n<p class=\"x_MsoNormal\"><strong>Gitte Enqvist<br \/>\n<\/strong><span data-olk-copy-source=\"MessageBody\">rehtori, Raisio-opisto<br \/>\netunimi.sukunimi@raisio.fi<br \/>\npuh. 044 797 1004<\/span><\/p>\n<h3>VSOdigi, opetusteknologiaryhm\u00e4<\/h3>\n<p><strong>Jouni Paakkinen<\/strong><br \/>\ntoiminnanjohtaja, TOP-keskus<br \/>\netunimi.sukunimi@turku.fi<br \/>\npuh. 050 5907474<\/p>\n<p><a href=\"https:\/\/blog.edu.turku.fi\/vso\/vsodigi\/\">Lis\u00e4tietoja VSOdigi-ryhm\u00e4st\u00e4<\/a><\/p>\n<p>&nbsp;<\/p>\n","protected":false},"excerpt":{"rendered":"","protected":false},"author":16,"featured_media":74,"parent":0,"menu_order":0,"comment_status":"closed","ping_status":"closed","template":"","meta":{"footnotes":""},"class_list":["post-12","page","type-page","status-publish","has-post-thumbnail","hentry"],"_links":{"self":[{"href":"https:\/\/blog.edu.turku.fi\/vso\/wp-json\/wp\/v2\/pages\/12","targetHints":{"allow":["GET"]}}],"collection":[{"href":"https:\/\/blog.edu.turku.fi\/vso\/wp-json\/wp\/v2\/pages"}],"about":[{"href":"https:\/\/blog.edu.turku.fi\/vso\/wp-json\/wp\/v2\/types\/page"}],"author":[{"embeddable":true,"href":"https:\/\/blog.edu.turku.fi\/vso\/wp-json\/wp\/v2\/users\/16"}],"replies":[{"embeddable":true,"href":"https:\/\/blog.edu.turku.fi\/vso\/wp-json\/wp\/v2\/comments?post=12"}],"version-history":[{"count":43,"href":"https:\/\/blog.edu.turku.fi\/vso\/wp-json\/wp\/v2\/pages\/12\/revisions"}],"predecessor-version":[{"id":299,"href":"https:\/\/blog.edu.turku.fi\/vso\/wp-json\/wp\/v2\/pages\/12\/revisions\/299"}],"wp:featuredmedia":[{"embeddable":true,"href":"https:\/\/blog.edu.turku.fi\/vso\/wp-json\/wp\/v2\/media\/74"}],"wp:attachment":[{"href":"https:\/\/blog.edu.turku.fi\/vso\/wp-json\/wp\/v2\/media?parent=12"}],"curies":[{"name":"wp","href":"https:\/\/api.w.org\/{rel}","templated":true}]}}