{"id":92,"date":"2020-04-20T17:05:21","date_gmt":"2020-04-20T14:05:21","guid":{"rendered":"https:\/\/blog.edu.turku.fi\/visu\/?page_id=92"},"modified":"2022-02-28T12:27:08","modified_gmt":"2022-02-28T10:27:08","slug":"toimintaa","status":"publish","type":"page","link":"https:\/\/blog.edu.turku.fi\/visu\/toimintaa\/","title":{"rendered":"Toimintaa"},"content":{"rendered":"<p>Opetushallituksen rahoittamassa Visu-hankkeessa on kehitetty uudenlaisia tapoja oppia ajasta ja paikasta riippumatta. Hankkeessa on hy\u00f6dynnetty uusia teknologioita: virtuaalista (VR) ja lis\u00e4tty\u00e4 (AR) todellisuutta sek\u00e4 simulaatioita. Kehitt\u00e4misty\u00f6 alkoi syksyll\u00e4 2019 ja p\u00e4\u00e4ttyi kev\u00e4\u00e4ll\u00e4 2022.<\/p>\n<h4>Menneet tilaisuudet ja tapahtumat:<\/h4>\n<h4>Loppuseminaari<\/h4>\n<ul>\n<li>Visun Hankehelmet -loppuseminaari j\u00e4rjestettiin 24.11.2021. Seminaarissa osatoteuttajat esitteliv\u00e4t omat hankehelmens\u00e4. Hankehelmiesittelyt on tallennettu YouTubeen Visun soittolistalle (<a href=\"https:\/\/youtube.com\/playlist?list=PLEAczzTMobavqSshyzQoufmBCtmgMaRrJ\" target=\"_blank\" rel=\"noopener\">Soittolista<\/a>).<\/li>\n<\/ul>\n<h4>Koulutuksia<\/h4>\n<ul>\n<li>7.10.2021 Mik\u00e4 on AltspaceVR ja miten voit hy\u00f6dynt\u00e4\u00e4 t\u00e4t\u00e4 VR-maailmaa omassa ty\u00f6ss\u00e4si! Osa 1 (<a href=\"https:\/\/youtu.be\/O9vlGsNUF10\" target=\"_blank\" rel=\"noopener\">Tallenne<\/a>), Osa 2 (<a href=\"https:\/\/youtu.be\/iHV7TgshZ3o\" target=\"_blank\" rel=\"noopener\">Tallenne<\/a>).<\/li>\n<li>6.10.2021 Miniwebinaari, Livestreamin hy\u00f6dynt\u00e4minen autoalan opetuksessa sek\u00e4 virtuaalinen oppimisymp\u00e4rist\u00f6 (wondaVR) prosessiteollisuuden panimon tutkinnonosan opetuksessa (<a href=\"https:\/\/youtu.be\/HUhH8NHgRnY\" target=\"_blank\" rel=\"noopener\">Tallenne<\/a>)<\/li>\n<li>28.9.2021 Miniwebinaari, pelillisyys ja ty\u00f6salien VR 360- tour.<em> (<a href=\"https:\/\/youtu.be\/cT4MUgzJk9w\" target=\"_blank\" rel=\"noopener\">Tallenne<\/a>)<\/em><\/li>\n<li>30.3.2021 Miniwebinaari: Hololens -pilottioppimisymp\u00e4rist\u00f6 ja webar-tekniikka Osa 1 (<a href=\"https:\/\/youtu.be\/SrOhElVYTmM\" target=\"_blank\" rel=\"noopener\">Tallenne<\/a>), Osa 2 (<a href=\"https:\/\/youtu.be\/TZd_2uSwgMA\" target=\"_blank\" rel=\"noopener\">Tallenne<\/a>)<\/li>\n<li>24.3.2021 Miniwebinaari: VR- ja AR -toteutukset oppimisymp\u00e4rist\u00f6in\u00e4. Osa 1 (<a href=\"https:\/\/youtu.be\/gQmfSx6RHsw\" target=\"_blank\" rel=\"noopener\">Tallenne<\/a>), Osa 2 (<a href=\"https:\/\/youtu.be\/m2-0O6qQEk8\" target=\"_blank\" rel=\"noopener\">Tallenne<\/a>)<\/li>\n<li>18.3.2021 Miniwebinaari:\u00a0 Simulaatioista osaamista! Osa 1 (<a href=\"https:\/\/youtu.be\/DiKG9auKQ7M\" target=\"_blank\" rel=\"noopener\">Tallenne<\/a>), Osa 2 (<a href=\"https:\/\/youtu.be\/8Hy9VsUb1_w\" target=\"_blank\" rel=\"noopener\">Tallenne<\/a>), Osa 3 (<a href=\"https:\/\/youtu.be\/dz-SXhOxMCw\" target=\"_blank\" rel=\"noopener\">Tallenne<\/a>)<\/li>\n<li>2-osainen Arilyn-et\u00e4koulutus 30.3. ja 3.4.2020<\/li>\n<\/ul>\n<h4>Hanketapaamiset<\/h4>\n<ul>\n<li>4.5.2020 et\u00e4tapaaminen, jossa testataan VR-alusta Glue\u00b4ta.<\/li>\n<li>29.1.2020 l\u00e4hitapaaminen Perhon Liiketalousopistossa, Helsingiss\u00e4<\/li>\n<li>12.12.2019 hankkeen aloitus et\u00e4tapaamisena<\/li>\n<\/ul>\n<h4>Tuote-esittelyj\u00e4 hanketoimijoille<\/h4>\n<ul>\n<li>Softability ja Hololens 1.4.2020<\/li>\n<li>3DBear 25.3.2020<\/li>\n<\/ul>\n<h4><img loading=\"lazy\" decoding=\"async\" class=\"aligncenter wp-image-96 size-large\" src=\"https:\/\/blog.edu.turku.fi\/visu\/files\/2020\/04\/IMG_20200129_165305-1024x768.jpg\" alt=\"\" width=\"1024\" height=\"768\" srcset=\"https:\/\/blog.edu.turku.fi\/visu\/files\/2020\/04\/IMG_20200129_165305.jpg 1024w, https:\/\/blog.edu.turku.fi\/visu\/files\/2020\/04\/IMG_20200129_165305-300x225.jpg 300w\" sizes=\"auto, (max-width: 1024px) 100vw, 1024px\" \/><\/h4>\n","protected":false},"excerpt":{"rendered":"<p>Opetushallituksen rahoittamassa Visu-hankkeessa on kehitetty uudenlaisia tapoja oppia ajasta ja paikasta riippumatta. Hankkeessa on hy\u00f6dynnetty uusia teknologioita: virtuaalista (VR) ja<\/p>\n","protected":false},"author":1206,"featured_media":0,"parent":0,"menu_order":5,"comment_status":"closed","ping_status":"closed","template":"","meta":{"colormag_page_container_layout":"default_layout","colormag_page_sidebar_layout":"default_layout","footnotes":""},"class_list":["post-92","page","type-page","status-publish","hentry"],"_links":{"self":[{"href":"https:\/\/blog.edu.turku.fi\/visu\/wp-json\/wp\/v2\/pages\/92","targetHints":{"allow":["GET"]}}],"collection":[{"href":"https:\/\/blog.edu.turku.fi\/visu\/wp-json\/wp\/v2\/pages"}],"about":[{"href":"https:\/\/blog.edu.turku.fi\/visu\/wp-json\/wp\/v2\/types\/page"}],"author":[{"embeddable":true,"href":"https:\/\/blog.edu.turku.fi\/visu\/wp-json\/wp\/v2\/users\/1206"}],"replies":[{"embeddable":true,"href":"https:\/\/blog.edu.turku.fi\/visu\/wp-json\/wp\/v2\/comments?post=92"}],"version-history":[{"count":36,"href":"https:\/\/blog.edu.turku.fi\/visu\/wp-json\/wp\/v2\/pages\/92\/revisions"}],"predecessor-version":[{"id":447,"href":"https:\/\/blog.edu.turku.fi\/visu\/wp-json\/wp\/v2\/pages\/92\/revisions\/447"}],"wp:attachment":[{"href":"https:\/\/blog.edu.turku.fi\/visu\/wp-json\/wp\/v2\/media?parent=92"}],"curies":[{"name":"wp","href":"https:\/\/api.w.org\/{rel}","templated":true}]}}