{"id":47,"date":"2020-03-27T13:55:16","date_gmt":"2020-03-27T11:55:16","guid":{"rendered":"https:\/\/blog.edu.turku.fi\/visu\/?page_id=47"},"modified":"2022-02-24T11:20:57","modified_gmt":"2022-02-24T09:20:57","slug":"verkosto","status":"publish","type":"page","link":"https:\/\/blog.edu.turku.fi\/visu\/verkosto\/","title":{"rendered":"Verkosto"},"content":{"rendered":"<p>Hankkeessa mukana olleet toimijat ty\u00f6skenteliv\u00e4t kahden erillisen sek\u00e4 yhden yhteisen kehitt\u00e4misteeman ymp\u00e4rill\u00e4.<\/p>\n<p><strong>Virtuaalisten (AR\/VR) oppimisymp\u00e4rist\u00f6jen rakentaminen ja jatkokehitt\u00e4minen sek\u00e4 niiden <\/strong><strong>oppimateriaalien ja muiden sis\u00e4lt\u00f6jen kehitt\u00e4minen <\/strong>-kehitt\u00e4misteeman toteuttajina toimivat: Gradia, Keuda, Salpaus, OSAO,Perho, SSKKY, Tredu, Turun AKK, Turun ammatti-instituutti ja Varala.<\/p>\n<p><strong>Simulaatio-oppimisymp\u00e4rist\u00f6jen k\u00e4ytt\u00f6\u00f6notto, kehitt\u00e4minen ja hy\u00f6dynt\u00e4minen uusilla aloilla <\/strong>-kehitt\u00e4misteeman toteuttajina toimivat: Ekami, Salpaus, SSKKY, Tredu, Turun ammatti-instituutti.<\/p>\n<p>Kaikki hankkeessa mukana olleet organisaatiot osallistuivat <strong>Pedagogiset mallit virtuaalisten ja simuloitujen oppimisymp\u00e4rist\u00f6jen k\u00e4ytt\u00f6\u00f6n ammatillisessa <\/strong><strong>koulutuksessa <\/strong>-kehitt\u00e4misteeman toteutukseen.<\/p>\n<p>Hankkeessa oli mukana 12 ammatillista oppilaitosta eri puolilta Suomea:<\/p>\n<ul>\n<li>Turun ammatti-instituutti TAI<\/li>\n<li>Jyv\u00e4skyl\u00e4n koulutuskuntayhtym\u00e4 Gradia<\/li>\n<li>Keski-Uudenmaan koulutuskuntayhtym\u00e4 Keuda<\/li>\n<li>Kotkan-Haminan seudun koulutuskuntayhtym\u00e4 Ekami<\/li>\n<li>Koulutuskeskus Salpaus \u2013kuntayhtym\u00e4<\/li>\n<li>L\u00e4nsirannikon koulutus Oy WinNova<\/li>\n<li>Koulutuskuntayhtym\u00e4 OSAO<\/li>\n<li>Perho Liiketalousopisto Oy<\/li>\n<li>Salon seudun koulutuskuntayhtym\u00e4 SSKKY<\/li>\n<li>Tampereen seudun ammattiopisto Tredu<\/li>\n<li>Turun aikuiskoulutuss\u00e4\u00e4ti\u00f6 Turun AKK<\/li>\n<li>Varalan urheiluopisto<\/li>\n<\/ul>\n","protected":false},"excerpt":{"rendered":"<p>Hankkeessa mukana olleet toimijat ty\u00f6skenteliv\u00e4t kahden erillisen sek\u00e4 yhden yhteisen kehitt\u00e4misteeman ymp\u00e4rill\u00e4. Virtuaalisten (AR\/VR) oppimisymp\u00e4rist\u00f6jen rakentaminen ja jatkokehitt\u00e4minen sek\u00e4 niiden<\/p>\n","protected":false},"author":1206,"featured_media":0,"parent":0,"menu_order":3,"comment_status":"closed","ping_status":"closed","template":"","meta":{"colormag_page_container_layout":"default_layout","colormag_page_sidebar_layout":"default_layout","footnotes":""},"class_list":["post-47","page","type-page","status-publish","hentry"],"_links":{"self":[{"href":"https:\/\/blog.edu.turku.fi\/visu\/wp-json\/wp\/v2\/pages\/47","targetHints":{"allow":["GET"]}}],"collection":[{"href":"https:\/\/blog.edu.turku.fi\/visu\/wp-json\/wp\/v2\/pages"}],"about":[{"href":"https:\/\/blog.edu.turku.fi\/visu\/wp-json\/wp\/v2\/types\/page"}],"author":[{"embeddable":true,"href":"https:\/\/blog.edu.turku.fi\/visu\/wp-json\/wp\/v2\/users\/1206"}],"replies":[{"embeddable":true,"href":"https:\/\/blog.edu.turku.fi\/visu\/wp-json\/wp\/v2\/comments?post=47"}],"version-history":[{"count":7,"href":"https:\/\/blog.edu.turku.fi\/visu\/wp-json\/wp\/v2\/pages\/47\/revisions"}],"predecessor-version":[{"id":441,"href":"https:\/\/blog.edu.turku.fi\/visu\/wp-json\/wp\/v2\/pages\/47\/revisions\/441"}],"wp:attachment":[{"href":"https:\/\/blog.edu.turku.fi\/visu\/wp-json\/wp\/v2\/media?parent=47"}],"curies":[{"name":"wp","href":"https:\/\/api.w.org\/{rel}","templated":true}]}}