{"id":39,"date":"2020-03-23T16:13:28","date_gmt":"2020-03-23T14:13:28","guid":{"rendered":"https:\/\/blog.edu.turku.fi\/visu\/?page_id=39"},"modified":"2022-02-28T12:19:26","modified_gmt":"2022-02-28T10:19:26","slug":"visu-2","status":"publish","type":"page","link":"https:\/\/blog.edu.turku.fi\/visu\/","title":{"rendered":"ViSu"},"content":{"rendered":"<p>ViSu \u2013 Virtuaaliset ja simuloidut oppimisymp\u00e4rist\u00f6t ammatillisessa koulutuksessa -hanke toteutettiin 12 ammatillisen oppilaitoksen yhteisty\u00f6n\u00e4 09.09.2019 &#8211; 28.02.2022 v\u00e4lisen\u00e4 aikana. T\u00e4lt\u00e4 sivustolta l\u00f6yd\u00e4t hankkeen aikana kirjoitettuja blogikirjoituksia ja muuta hankkeessa tuotettua materiaalia. T\u00e4t\u00e4 sivustoa ei en\u00e4\u00e4 hankkeen p\u00e4\u00e4ttymisen j\u00e4lkeen aktiivisesti p\u00e4ivitet\u00e4.<\/p>\n<p>ViSun hankehelmet on koottu ViSu-hankkeen yhteiseen Thinglinkiin. Tutustu tuloksiin <a href=\"https:\/\/www.thinglink.com\/video\/1494226161251647491\" target=\"_blank\" rel=\"noopener\">T\u00c4\u00c4LL\u00c4<\/a>.<\/p>\n<div class=\"container\">\n<article class=\"article\">\n<div class=\"text\">Toteuttajina hankkeessa olivat:<\/div>\n<div class=\"text\">Turun ammatti-instituutti TAI<\/div>\n<div class=\"text\">Jyv\u00e4skyl\u00e4n koulutuskuntayhtym\u00e4 Gradia<\/div>\n<div class=\"text\">Keski-Uudenmaan koulutuskuntayhtym\u00e4 Keuda<\/div>\n<div class=\"text\">Kotkan-Haminan seudun koulutuskuntayhtym\u00e4 Ekami<\/div>\n<div class=\"text\">Koulutuskeskus Salpaus \u2013kuntayhtym\u00e4<\/div>\n<div class=\"text\">L\u00e4nsirannikon koulutus Oy WinNova<\/div>\n<div class=\"text\">Koulutuskuntayhtym\u00e4 OSAO, Perho Liiketalousopisto Oy<\/div>\n<div class=\"text\">Salon seudun koulutuskuntayhtym\u00e4 SSKKY<\/div>\n<div class=\"text\">Tampereen seudun ammattiopisto Tredu<\/div>\n<div class=\"text\">Turun aikuiskoulutuss\u00e4\u00e4ti\u00f6 Turun AKK<\/div>\n<div class=\"text\">Varalan urheiluopisto.<\/div>\n<\/article>\n<\/div>\n<div><\/div>\n<div class=\"popup-controls\">Hanketta koordinoi Turun kaupunki.<\/div>\n<p><a href=\"https:\/\/www.canva.com\/design\/DAEcR_isO28\/inM50ll1koGgXihdl9U6qQ\/watch?utm_content=DAEcR_isO28&amp;utm_campaign=designshare&amp;utm_medium=link&amp;utm_source=sharebutton\"><img loading=\"lazy\" decoding=\"async\" class=\"alignnone wp-image-320 size-full\" src=\"https:\/\/blog.edu.turku.fi\/visu\/files\/2021\/06\/1-2.jpg\" alt=\"\" width=\"1024\" height=\"576\" srcset=\"https:\/\/blog.edu.turku.fi\/visu\/files\/2021\/06\/1-2.jpg 1024w, https:\/\/blog.edu.turku.fi\/visu\/files\/2021\/06\/1-2-300x169.jpg 300w\" sizes=\"auto, (max-width: 1024px) 100vw, 1024px\" \/><\/a><\/p>\n","protected":false},"excerpt":{"rendered":"<p>ViSu \u2013 Virtuaaliset ja simuloidut oppimisymp\u00e4rist\u00f6t ammatillisessa koulutuksessa -hanke toteutettiin 12 ammatillisen oppilaitoksen yhteisty\u00f6n\u00e4 09.09.2019 &#8211; 28.02.2022 v\u00e4lisen\u00e4 aikana. T\u00e4lt\u00e4<\/p>\n","protected":false},"author":1206,"featured_media":0,"parent":0,"menu_order":0,"comment_status":"closed","ping_status":"closed","template":"","meta":{"colormag_page_container_layout":"default_layout","colormag_page_sidebar_layout":"default_layout","footnotes":""},"class_list":["post-39","page","type-page","status-publish","hentry"],"_links":{"self":[{"href":"https:\/\/blog.edu.turku.fi\/visu\/wp-json\/wp\/v2\/pages\/39","targetHints":{"allow":["GET"]}}],"collection":[{"href":"https:\/\/blog.edu.turku.fi\/visu\/wp-json\/wp\/v2\/pages"}],"about":[{"href":"https:\/\/blog.edu.turku.fi\/visu\/wp-json\/wp\/v2\/types\/page"}],"author":[{"embeddable":true,"href":"https:\/\/blog.edu.turku.fi\/visu\/wp-json\/wp\/v2\/users\/1206"}],"replies":[{"embeddable":true,"href":"https:\/\/blog.edu.turku.fi\/visu\/wp-json\/wp\/v2\/comments?post=39"}],"version-history":[{"count":22,"href":"https:\/\/blog.edu.turku.fi\/visu\/wp-json\/wp\/v2\/pages\/39\/revisions"}],"predecessor-version":[{"id":445,"href":"https:\/\/blog.edu.turku.fi\/visu\/wp-json\/wp\/v2\/pages\/39\/revisions\/445"}],"wp:attachment":[{"href":"https:\/\/blog.edu.turku.fi\/visu\/wp-json\/wp\/v2\/media?parent=39"}],"curies":[{"name":"wp","href":"https:\/\/api.w.org\/{rel}","templated":true}]}}