{"id":104,"date":"2020-04-21T10:06:43","date_gmt":"2020-04-21T07:06:43","guid":{"rendered":"https:\/\/blog.edu.turku.fi\/visu\/?page_id=104"},"modified":"2024-05-14T08:38:04","modified_gmt":"2024-05-14T05:38:04","slug":"materiaalit","status":"publish","type":"page","link":"https:\/\/blog.edu.turku.fi\/visu\/materiaalit\/","title":{"rendered":"Materiaalit"},"content":{"rendered":"<p>Tulokset on koottu hankkeen yhteiseen Thinglinkiin.\u00a0Tutustu tuloksiin <a href=\"https:\/\/www.thinglink.com\/video\/1494226161251647491\" target=\"_blank\" rel=\"noopener\">T\u00c4\u00c4LL\u00c4<\/a>.<\/p>\n<p><strong>Hankehelmi-tallenteet esitettiin<\/strong>\u00a0Visu-hankkeen loppuseminaarissa 24.11.2021<\/p>\n<div>\n<dl>\n<dd>\n<div data-tid=\"messageBodyContainer\">\n<div data-tid=\"messageBodyContent\">\n<h6>EKAMI: <u><a title=\"https:\/\/youtu.be\/d17hxhgninu\" href=\"https:\/\/youtu.be\/d17HxhGnINU\" target=\"_blank\" rel=\"noopener\">https:\/\/youtu.be\/d17HxhGnINU<\/a><\/u><\/h6>\n<h6>GRADIA:\u00a0 <a href=\"https:\/\/youtu.be\/KeJdncIwtN0\" target=\"_blank\" rel=\"noopener\">https:\/\/youtu.be\/KeJdncIwtN0<\/a><\/h6>\n<h6>Keuda: <u><a title=\"https:\/\/youtu.be\/mca3iqhlykw\" href=\"https:\/\/youtu.be\/Mca3IqHlYkw\" target=\"_blank\" rel=\"noopener\">https:\/\/youtu.be\/Mca3IqHlYkw<\/a><\/u><\/h6>\n<h6>OSAO: <a href=\"https:\/\/youtu.be\/KkuI5Cb0oW4\" target=\"_blank\" rel=\"noopener\">https:\/\/youtu.be\/KkuI5Cb0oW4<\/a><\/h6>\n<h6>Perho: <u><a title=\"https:\/\/youtu.be\/if5sukiwfhu\" href=\"https:\/\/youtu.be\/IF5suKIWFHU\" target=\"_blank\" rel=\"noopener\">https:\/\/youtu.be\/IF5suKIWFHU<\/a><\/u><\/h6>\n<h6>Salpaus: <u><a title=\"https:\/\/youtu.be\/ef7m5nsfjng\" href=\"https:\/\/youtu.be\/eF7M5NSFjng\" target=\"_blank\" rel=\"noopener\">https:\/\/youtu.be\/eF7M5NSFjng<\/a><\/u><\/h6>\n<h6>SSKY: <u><a title=\"https:\/\/youtu.be\/5hbf7otrjre\" href=\"https:\/\/youtu.be\/5HBf7OtrjRE\" target=\"_blank\" rel=\"noopener\">https:\/\/youtu.be\/5HBf7OtrjRE<\/a><\/u><\/h6>\n<h6>TAI: <u><a title=\"https:\/\/youtu.be\/ebcjy2xtwn4\" href=\"https:\/\/youtu.be\/ebcJy2xtWn4\" target=\"_blank\" rel=\"noopener\">https:\/\/youtu.be\/ebcJy2xtWn4<\/a><\/u><\/h6>\n<h6>TREDU: <u><a title=\"https:\/\/youtu.be\/adlhkshvwso\" href=\"https:\/\/youtu.be\/AdlhKShvwSo\" target=\"_blank\" rel=\"noopener\">https:\/\/youtu.be\/AdlhKShvwSo<\/a><\/u><\/h6>\n<h6>TurunAkk: <u><a title=\"https:\/\/youtu.be\/yhamzi1lkpq\" href=\"https:\/\/youtu.be\/YHAMzi1lKPQ\" target=\"_blank\" rel=\"noopener\">https:\/\/youtu.be\/YHAMzi1lKPQ<\/a><\/u><\/h6>\n<p>Varala: <u><a title=\"https:\/\/youtu.be\/k1tgrwdfyii\" href=\"https:\/\/youtu.be\/k1tgrwDfYiI\" target=\"_blank\" rel=\"noreferrer noopener\">https:\/\/youtu.be\/k1tgrwDfYiI<\/a><\/u><\/p>\n<h6>WinNova:\u00a0<u><a title=\"https:\/\/youtu.be\/opvjbjur8hc\" href=\"https:\/\/youtu.be\/OpVjBjuR8Hc\" target=\"_blank\" rel=\"noopener\">https:\/\/youtu.be\/OpVjBjuR8Hc<\/a><\/u><\/h6>\n<\/div>\n<\/div>\n<\/dd>\n<\/dl>\n<\/div>\n<h3>Visu Miniwebinaarisarja (syksy 2021)<\/h3>\n<p>TI 28.9.2021 | PELILLISYYS JA TY\u00d6SALIEN 360-TOUR!<\/p>\n<ul>\n<li><a href=\"https:\/\/youtu.be\/cT4MUgzJk9w\" target=\"_blank\" rel=\"noopener\">Pelillisyys ty\u00f6turvallisuussovelluksessa<\/a>, Salon seudun koulutuskuntayhtym\u00e4. Esitt\u00e4j\u00e4n\u00e4: Juhani Kolu<\/li>\n<\/ul>\n<ul>\n<li><a href=\"https:\/\/youtu.be\/cT4MUgzJk9w?t=588\" target=\"_blank\" rel=\"noopener\">Ty\u00f6salien VR 360 -Tour<\/a>, Jyv\u00e4skyl\u00e4n koulutuskuntayhtym\u00e4 Gradia. Esitt\u00e4j\u00e4n\u00e4: Vesa Veckman<\/li>\n<\/ul>\n<p>KE 6.10.2021 | LIVESTREAMIN HY\u00d6DYNT\u00c4MINEN JA VR-OPPIMISYMP\u00c4RIST\u00d6 (WONDAVR)<\/p>\n<ul>\n<li><a href=\"https:\/\/youtu.be\/HUhH8NHgRnY\" target=\"_blank\" rel=\"noopener\">Livestreamin hy\u00f6dynt\u00e4minen autoalan opetuksessa<\/a>, Turun Aikuiskoulutuskeskus. Esitt\u00e4j\u00e4n\u00e4: Aija Huhtam\u00e4ki.<\/li>\n<\/ul>\n<ul>\n<li><a href=\"https:\/\/youtu.be\/HUhH8NHgRnY?t=773\" target=\"_blank\" rel=\"noopener\">Virtuaalinen oppimisymp\u00e4rist\u00f6 WondaVR<\/a>, Tampereen kaupunki, Tampereen seudun ammattiopisto Tredu. Esitt\u00e4j\u00e4n\u00e4: Inga P\u00f6nti\u00f6, Mika Mecklin.<\/li>\n<\/ul>\n<h3>Visu Miniwebinaarisarja (kev\u00e4t 2021):<\/h3>\n<p>TO 18.3.2021 | SIMULAATIOISTA OSAAMISTA!<\/p>\n<ul>\n<li><a href=\"https:\/\/youtu.be\/DiKG9auKQ7M\" target=\"_blank\" rel=\"noopener noreferrer\">Salpauksen simulaatiototeutus<\/a>, Koulutuskeskus Salpaus. Esitt\u00e4j\u00e4n\u00e4 toimivat: Hanna Lokka, Mika Lammassaari, Pekka Eerola ja Esa Sahlman<\/li>\n<li><a href=\"https:\/\/youtu.be\/8Hy9VsUb1_w\" target=\"_blank\" rel=\"noopener noreferrer\">Ekamin simulaatiokeskus,<\/a> Etel\u00e4-Kymenlaakson ammattiopisto. Esitt\u00e4j\u00e4n\u00e4 toimivat: Linda Jaatinen ja Maria K\u00e4m\u00e4r\u00e4inen<\/li>\n<li><a href=\"https:\/\/youtu.be\/dz-SXhOxMCw\" target=\"_blank\" rel=\"noopener noreferrer\">WinNovan simulaatiototeutus<\/a>, L\u00e4nsirannikon Koulutus Oy WinNova. Esitt\u00e4j\u00e4n\u00e4 toimii: Anu Sk\u00f6ld-Nurmi<\/li>\n<\/ul>\n<p>VR- JA AR-TOTEUTUKSET OPPIMISYMP\u00c4RIST\u00d6IN\u00c4 | KE 24.3.2021<\/p>\n<ul>\n<li><a href=\"https:\/\/youtu.be\/gQmfSx6RHsw\" target=\"_blank\" rel=\"noopener noreferrer\">TAIn Koululaiva S\/S Boren AR-toteutukset<\/a>, Turun ammatti-instituutti. Esitt\u00e4j\u00e4n\u00e4 toimivat: Pia Ruoho ja Kaisa Rantanen<\/li>\n<li><a href=\"https:\/\/youtu.be\/m2-0O6qQEk8\" target=\"_blank\" rel=\"noopener noreferrer\">Keudan VR- ja AR -toteutuksia<\/a>, Keski-Uudenmaan koulutuskuntayhtym\u00e4 Keuda. Esitt\u00e4j\u00e4n\u00e4 toimii: Kari Honkonen<\/li>\n<\/ul>\n<p>HOLOLENS -PILOTTIOPPIMISYMP\u00c4RIST\u00d6 JA WEBAR-TEKNIIKKA | 30.3.2021<\/p>\n<ul>\n<li><a href=\"https:\/\/youtu.be\/SrOhElVYTmM\" target=\"_blank\" rel=\"noopener noreferrer\">Perho Hololens -pilottioppimisymp\u00e4rist\u00f6n esittely,<\/a> Perho Liiketalousopisto. Esitt\u00e4j\u00e4n\u00e4 toimivat: Katja Winogradow ja Jarmo \u00c5ke<\/li>\n<li><a href=\"https:\/\/youtu.be\/TZd_2uSwgMA\" target=\"_blank\" rel=\"noopener noreferrer\">Kest\u00e4v\u00e4n kehityksen kortit,<\/a> Varalan Urheiluopisto. Esitt\u00e4j\u00e4n\u00e4 toimivat: Auli Nikkanen ja Samuli Liinp\u00e4\u00e4<\/li>\n<\/ul>\n<h3><strong>Esitteet<\/strong><\/h3>\n<p><a href=\"https:\/\/blog.edu.turku.fi\/visu\/files\/2020\/04\/s\u00e4hk\u00f6inen-esite_visu.pdf\" target=\"_blank\" rel=\"noopener\">ViSun s\u00e4hk\u00f6inen esite<\/a><\/p>\n<p><a href=\"https:\/\/blog.edu.turku.fi\/visu\/files\/2020\/04\/visu_esite_297x210mm_bleed3mm_esite_painoon060412020-1.pdf\" target=\"_blank\" rel=\"noopener\">Visun yleisesite <\/a><\/p>\n<h3><strong>Sovellukset ja ohjeet<\/strong><\/h3>\n<ul>\n<li>3DBear APP, lataa se <a href=\"https:\/\/www.3dbear.io\/fi\/\" target=\"_blank\" rel=\"noopener\">t\u00e4st\u00e4 <\/a>.\u00a0Sovelluksen kehittelyty\u00f6 alkoi v.2016 yhdess\u00e4 3DBearin ja Keski-Uudenmaan koulutuskuntayhtym\u00e4 Keudan kanssa. Keuda <a href=\"https:\/\/www.atea.fi\/uutiset\/2019\/vuoden-digitaalisin-teko-2019-voittajat\/\" target=\"_blank\" rel=\"noopener\">voitti<\/a> 3DBear ratkaisuillaan v.2019 Suomen vuoden 2019 &#8221;digitaalisin teko&#8221; tittelin. Lue lis\u00e4\u00e4 Keudan kehitysty\u00f6st\u00e4 lis\u00e4tyn todellisuuden (t\u00e4ss\u00e4 3DBear sovellus) kanssa <a href=\"https:\/\/bit.ly\/arkeuda.\" target=\"_blank\" rel=\"noopener\">t\u00e4\u00e4lt\u00e4<\/a>.<\/li>\n<li><a href=\"https:\/\/bit.ly\/2UBZ7Qr\" target=\"_blank\" rel=\"noopener\">Perho Hololens demosovellus<\/a> on ladattavissa ilmaiseksi Microsoft Store-kaupassa. Sovelluksen k\u00e4ytt\u00e4ji\u00e4 suositellaan my\u00f6s vastaamaan k\u00e4ytt\u00e4j\u00e4kokemuskyselyyn, jonka avulla ker\u00e4t\u00e4\u00e4n hy\u00f6dyllist\u00e4 palautetta sovelluksen jatkokehitt\u00e4miseen.<\/li>\n<li>Hololens2 <a href=\"https:\/\/www.salpaus.fi\/wp-content\/uploads\/2020\/10\/HOLOLENS-2-PIKAOHJEET.pdf\" target=\"_blank\" rel=\"noopener noreferrer\">ohjeet<\/a><\/li>\n<li><a href=\"https:\/\/blog.edu.turku.fi\/visu\/files\/2021\/08\/TAI_HoloLens-2-Microsoftin-ohje.pdf\" target=\"_blank\" rel=\"noopener\">TAI_HoloLens 2 Microsoftin ohje<\/a><\/li>\n<li><a href=\"https:\/\/blog.edu.turku.fi\/visu\/files\/2021\/10\/ViSu_AltspaceVR_pikaopas.pdf\" target=\"_blank\" rel=\"noopener\">ViSu_AltspaceVR_pikaopas<\/a><\/li>\n<\/ul>\n<h3><strong>Muu materiaali:\u00a0<\/strong><\/h3>\n<ul>\n<li>Perho Liiketalousopiston hankkeen<a href=\"https:\/\/youtu.be\/zO_ST8C4PFY\" target=\"_blank\" rel=\"noopener\"> esittelyvideo.<\/a><\/li>\n<li>Perho Liiketalousopiston T\u00f6\u00f6l\u00f6n kampuksen Thinglink virtuaalinen <a href=\"https:\/\/www.youtube.com\/watch?v=eLkWDU6iTiQ\" target=\"_blank\" rel=\"noopener noreferrer\">tutustumiskierros.<\/a><\/li>\n<li>Salpauksen simulaatioluokan esittely <a href=\"https:\/\/www.thinglink.com\/video\/1408780939756044289\" target=\"_blank\" rel=\"noopener noreferrer\">Thinglink<\/a><\/li>\n<li>ViSu-talo AltSpaceVR-maailmassa. Visu-talon koodi: KEK152 (<a href=\"https:\/\/account.altvr.com\/worlds\/1684044888728929197\/spaces\/1684045668877861059\" target=\"_blank\" rel=\"noopener\">Suoralinkki taloon<\/a>)<\/li>\n<li>ViSu-hankkeen julkiset Facebook-sivut (aktiivinen p\u00e4ivitt\u00e4minen p\u00e4\u00e4ttynyt helmikuussa 2022). <a href=\"https:\/\/www.facebook.com\/visuamis\/\" target=\"_blank\" rel=\"noopener\">https:\/\/www.facebook.com\/visuamis\/<\/a>\u2019<\/li>\n<\/ul>\n","protected":false},"excerpt":{"rendered":"<p>Tulokset on koottu hankkeen yhteiseen Thinglinkiin.\u00a0Tutustu tuloksiin T\u00c4\u00c4LL\u00c4. Hankehelmi-tallenteet esitettiin\u00a0Visu-hankkeen loppuseminaarissa 24.11.2021 EKAMI: https:\/\/youtu.be\/d17HxhGnINU GRADIA:\u00a0 https:\/\/youtu.be\/KeJdncIwtN0 Keuda: https:\/\/youtu.be\/Mca3IqHlYkw OSAO: https:\/\/youtu.be\/KkuI5Cb0oW4<\/p>\n","protected":false},"author":1206,"featured_media":0,"parent":0,"menu_order":6,"comment_status":"closed","ping_status":"closed","template":"","meta":{"colormag_page_container_layout":"default_layout","colormag_page_sidebar_layout":"default_layout","footnotes":""},"class_list":["post-104","page","type-page","status-publish","hentry"],"_links":{"self":[{"href":"https:\/\/blog.edu.turku.fi\/visu\/wp-json\/wp\/v2\/pages\/104","targetHints":{"allow":["GET"]}}],"collection":[{"href":"https:\/\/blog.edu.turku.fi\/visu\/wp-json\/wp\/v2\/pages"}],"about":[{"href":"https:\/\/blog.edu.turku.fi\/visu\/wp-json\/wp\/v2\/types\/page"}],"author":[{"embeddable":true,"href":"https:\/\/blog.edu.turku.fi\/visu\/wp-json\/wp\/v2\/users\/1206"}],"replies":[{"embeddable":true,"href":"https:\/\/blog.edu.turku.fi\/visu\/wp-json\/wp\/v2\/comments?post=104"}],"version-history":[{"count":27,"href":"https:\/\/blog.edu.turku.fi\/visu\/wp-json\/wp\/v2\/pages\/104\/revisions"}],"predecessor-version":[{"id":446,"href":"https:\/\/blog.edu.turku.fi\/visu\/wp-json\/wp\/v2\/pages\/104\/revisions\/446"}],"wp:attachment":[{"href":"https:\/\/blog.edu.turku.fi\/visu\/wp-json\/wp\/v2\/media?parent=104"}],"curies":[{"name":"wp","href":"https:\/\/api.w.org\/{rel}","templated":true}]}}