{"id":16,"date":"2022-10-31T10:29:11","date_gmt":"2022-10-31T08:29:11","guid":{"rendered":"https:\/\/blog.edu.turku.fi\/vipu\/?page_id=16"},"modified":"2023-01-05T11:21:35","modified_gmt":"2023-01-05T09:21:35","slug":"etusivu","status":"publish","type":"page","link":"https:\/\/blog.edu.turku.fi\/vipu\/","title":{"rendered":"Etusivu"},"content":{"rendered":"<p><strong>Yhteyshenkil\u00f6:<br \/>\n<\/strong>Projektikoordinaattori<br \/>\nAnne Aksentjev, Turun kaupunki<br \/>\n<a href=\"mailto:miia.m.lehtonen@turku.fi\">anne.aksentjev@edu.turku.fi<\/a><\/p>\n<p><strong>Tavoite: <\/strong>VIPU-hankkeessa on kaksi tavoitetta:<\/p>\n<ol>\n<li style=\"list-style-type: none\">\n<ol>\n<li>Hankkeessa laaditaan selvitys puhtausalan osaamistarpeista vihre\u00e4n siirtym\u00e4n osalta. Selvitys auttaa puhtaus- ja kiinteist\u00f6palvelun koulutusalaa ennakoimaan yhdess\u00e4 alan yritysten ja ty\u00f6nantajien kanssa alan muuttuvia ammattitaito- ja ty\u00f6suoritevaatimuksia koulutuksen yleisen ty\u00f6el\u00e4m\u00e4relevanssin yll\u00e4pit\u00e4miseksi ja kehitt\u00e4miseksi.<\/li>\n<li>Hankkeessa rakennetaan, kokonaisuudessa 1 laaditun selvityksen perusteella, puhtausalan ty\u00f6nantajien tarpeita\u00a0 vastaavia ymp\u00e4rist\u00f6vastuullisuuskoulutuksia. Koulutusten tavoitteena on lis\u00e4t\u00e4 puhtausalalla ty\u00f6skentelevien kest\u00e4v\u00e4n kehityksen osaamista ja kohottaa n\u00e4in heid\u00e4n asemaansa ty\u00f6markkinoilla. Osa koulutusten sis\u00e4ll\u00f6st\u00e4 v\u00e4hent\u00e4\u00e4 my\u00f6s ty\u00f6n fyysist\u00e4 kuormittavuutta ja sen aiheuttamia altistumisia vaarallisille kemikaaleille, parantaen n\u00e4in ty\u00f6ntekij\u00e4n mahdollisuutta pitk\u00e4\u00e4n ty\u00f6uraan.<\/li>\n<\/ol>\n<\/li>\n<\/ol>\n<p><strong>Kohderyhm\u00e4:<\/strong> Hankkeen keskeinen kohderyhm\u00e4 on puhtauspalvelualan ty\u00f6ntekij\u00e4t.<\/p>\n<p><strong>Toteutusalue:<\/strong> Turun ammatti-instituutti, Turku ja sen l\u00e4hialue<\/p>\n<p><strong>Toteutusaika:<\/strong> 30.6.2022-31.12.2024<\/p>\n<p><strong>Rahoittaja:<\/strong> Jatkuvan oppimisen ja ty\u00f6llisyyden palvelukeskus<\/p>\n<p><strong>Kehitt\u00e4j\u00e4opettajat: <\/strong>Jenni Numme (jenni.numme(a)edu.turku.fi) ja P\u00e4ivi Hauhtonen (paivi.hauhtonen(a)edu.turku.fi)<\/p>\n<p>***<\/p>\n<p>Koulutus on rahoitettu Euroopan unionin elpymis- ja palautumistukiv\u00e4lineell\u00e4 (RRF), joka on EU:n elpymisv\u00e4lineen (Next Generation EU) suurin ohjelma. Rahoituksen on my\u00f6nt\u00e4nyt Jatkuvan oppimisen ja ty\u00f6llisyyden palvelukeskus. Palvelukeskuksen teht\u00e4v\u00e4n\u00e4 on edist\u00e4\u00e4 ty\u00f6ik\u00e4isten osaamisen kehitt\u00e4mist\u00e4 ja osaavan ty\u00f6voiman saatavuutta sek\u00e4 vastata nopealla toiminnalla ty\u00f6markkinoiden \u00e4killisiin rakennemuutoksiin. Palvelukeskuksen toimintaa ohjaavat opetus- ja kulttuuriministeri\u00f6 sek\u00e4 ty\u00f6- ja elinkeinoministeri\u00f6.<\/p>\n","protected":false},"excerpt":{"rendered":"<p>Yhteyshenkil\u00f6: Projektikoordinaattori Anne Aksentjev, Turun kaupunki anne.aksentjev@edu.turku.fi Tavoite: VIPU-hankkeessa on kaksi tavoitetta: Hankkeessa laaditaan selvitys puhtausalan osaamistarpeista vihre\u00e4n siirtym\u00e4n osalta. Selvitys auttaa puhtaus- ja kiinteist\u00f6palvelun koulutusalaa ennakoimaan yhdess\u00e4 alan yritysten ja ty\u00f6nantajien kanssa alan muuttuvia ammattitaito- ja ty\u00f6suoritevaatimuksia koulutuksen yleisen ty\u00f6el\u00e4m\u00e4relevanssin yll\u00e4pit\u00e4miseksi ja kehitt\u00e4miseksi. Hankkeessa rakennetaan, kokonaisuudessa 1 laaditun selvityksen perusteella, puhtausalan ty\u00f6nantajien tarpeita\u00a0 vastaavia &hellip; <a href=\"https:\/\/blog.edu.turku.fi\/vipu\/\" class=\"more-link\">Jatka lukemista<span class=\"screen-reader-text\"> &#8221;Etusivu&#8221;<\/span><\/a><\/p>\n","protected":false},"author":56,"featured_media":0,"parent":0,"menu_order":0,"comment_status":"closed","ping_status":"closed","template":"","meta":{"footnotes":""},"class_list":["post-16","page","type-page","status-publish","hentry"],"_links":{"self":[{"href":"https:\/\/blog.edu.turku.fi\/vipu\/wp-json\/wp\/v2\/pages\/16","targetHints":{"allow":["GET"]}}],"collection":[{"href":"https:\/\/blog.edu.turku.fi\/vipu\/wp-json\/wp\/v2\/pages"}],"about":[{"href":"https:\/\/blog.edu.turku.fi\/vipu\/wp-json\/wp\/v2\/types\/page"}],"author":[{"embeddable":true,"href":"https:\/\/blog.edu.turku.fi\/vipu\/wp-json\/wp\/v2\/users\/56"}],"replies":[{"embeddable":true,"href":"https:\/\/blog.edu.turku.fi\/vipu\/wp-json\/wp\/v2\/comments?post=16"}],"version-history":[{"count":7,"href":"https:\/\/blog.edu.turku.fi\/vipu\/wp-json\/wp\/v2\/pages\/16\/revisions"}],"predecessor-version":[{"id":32,"href":"https:\/\/blog.edu.turku.fi\/vipu\/wp-json\/wp\/v2\/pages\/16\/revisions\/32"}],"wp:attachment":[{"href":"https:\/\/blog.edu.turku.fi\/vipu\/wp-json\/wp\/v2\/media?parent=16"}],"curies":[{"name":"wp","href":"https:\/\/api.w.org\/{rel}","templated":true}]}}