{"id":89,"date":"2015-10-15T10:21:40","date_gmt":"2015-10-15T07:21:40","guid":{"rendered":"https:\/\/blog.edu.turku.fi\/itaharjunphy\/?page_id=89"},"modified":"2025-02-05T12:19:44","modified_gmt":"2025-02-05T10:19:44","slug":"itaharjun-paivahoitoyksikko-2","status":"publish","type":"page","link":"https:\/\/blog.edu.turku.fi\/viinamaenpk\/itaharjun-paivahoitoyksikko-2\/","title":{"rendered":"Viinam\u00e4en p\u00e4iv\u00e4koti"},"content":{"rendered":"<p>P\u00e4iv\u00e4kotimme sijaitsee Nummen rauhallisella asuinalueella.&nbsp;<\/p>\n<p>Isot pihat ja kaksikerroksinen talo antaa mainiot tilat temmelt\u00e4\u00e4.&nbsp;<\/p>\n<p>Meid\u00e4t l\u00f6yt\u00e4\u00e4 <strong>INSTAGRAM<\/strong>ista nimell\u00e4 <strong>Viinam\u00e4en p\u00e4iv\u00e4koti<\/strong>. \ud83d\ude42<\/p>\n<p>Alla ryhmien yhteystietoja.<\/p>\n<p>&nbsp;<\/p>\n<p><!-- .entry-header --><\/p>\n<div class=\"entry-content\">\n<header class=\"entry-header\">\n<h1 class=\"entry-title\">Yhteystiedot&nbsp;&nbsp;<\/h1>\n<h4><strong>Alakerta: <\/strong><\/h4>\n<h5><strong>Sinisiipi, ovi nro 1, alle 4-vuotiaat :<\/strong><\/h5>\n<p><strong>Pajunkissat&nbsp;<\/strong> &nbsp;&nbsp;&nbsp;&nbsp;&nbsp;&nbsp;&nbsp;&nbsp;&nbsp;&nbsp;&nbsp;&nbsp;&nbsp;&nbsp;&nbsp;&nbsp;&nbsp;&nbsp;&nbsp;&nbsp;&nbsp;&nbsp;&nbsp;&nbsp;&nbsp;&nbsp;&nbsp; 040 705 9293<\/p>\n<p><strong>Pilvikirsikat&nbsp;&nbsp;&nbsp;&nbsp;&nbsp;&nbsp;&nbsp;&nbsp;&nbsp;&nbsp;&nbsp;&nbsp;&nbsp;&nbsp;&nbsp;&nbsp;&nbsp;&nbsp;&nbsp;&nbsp;&nbsp;&nbsp;&nbsp;&nbsp;&nbsp;&nbsp;&nbsp;&nbsp;&nbsp; <\/strong>040 167 8443<\/p>\n<h5><strong>Punasiipi, ovi nro 2, alle 4-vuotiaat : <\/strong><\/h5>\n<p><strong>Havunneulaset <\/strong>&nbsp;&nbsp;&nbsp;&nbsp;&nbsp;&nbsp;&nbsp;&nbsp;&nbsp;&nbsp;&nbsp;&nbsp;&nbsp;&nbsp;&nbsp;&nbsp;&nbsp;&nbsp;&nbsp;&nbsp;&nbsp;&nbsp;&nbsp; 040 846 0569<\/p>\n<p><strong>Hiirenkorvat&nbsp;&nbsp;&nbsp;&nbsp;&nbsp;&nbsp;&nbsp;&nbsp;&nbsp;&nbsp;&nbsp;&nbsp;&nbsp;&nbsp;&nbsp;&nbsp;&nbsp;&nbsp;&nbsp;&nbsp;&nbsp;&nbsp;&nbsp;&nbsp;&nbsp;&nbsp;&nbsp;&nbsp;&nbsp;<\/strong> 040 706 1325<\/p>\n<h5><strong>Kirjosiipi, ovi nro 5, Esiopetus : <\/strong><\/h5>\n<p><strong>Pihlajanmarjat<\/strong>&nbsp; &nbsp; &nbsp; &nbsp; &nbsp; &nbsp; &nbsp; &nbsp; &nbsp; &nbsp; &nbsp; &nbsp; &nbsp;040 545 6263<\/p>\n<p><b>Hevoskastanjat<\/b>&nbsp; &nbsp; &nbsp; &nbsp; &nbsp; &nbsp; &nbsp; &nbsp; &nbsp; &nbsp; &nbsp; &nbsp;040 128 3363<\/p>\n<h4>Yl\u00e4kerta:<\/h4>\n<h5><strong>Keltasiipi, ovi nro 3, yli 3-vuotiaat : <\/strong><\/h5>\n<\/header>\n<header><\/header>\n<div class=\"entry-content\">\n<p><strong>Katajanmarjat&nbsp;&nbsp;&nbsp;&nbsp;&nbsp;&nbsp; <\/strong>&nbsp;&nbsp;&nbsp;&nbsp;&nbsp;&nbsp;&nbsp;&nbsp;&nbsp;&nbsp;&nbsp;&nbsp;&nbsp;&nbsp;&nbsp;&nbsp;&nbsp;&nbsp;&nbsp; &nbsp;&nbsp; 040 144 7160<\/p>\n<p><strong>Kuusenkerk\u00e4t<\/strong> &nbsp;&nbsp;&nbsp;&nbsp;&nbsp;&nbsp;&nbsp;&nbsp;&nbsp;&nbsp;&nbsp;&nbsp;&nbsp;&nbsp;&nbsp;&nbsp;&nbsp;&nbsp;&nbsp;&nbsp;&nbsp;&nbsp;&nbsp;&nbsp;&nbsp;&nbsp;&nbsp;&nbsp;&nbsp; 040 137 8904<\/p>\n<h5><strong>Vihersiipi, ovi nro 4, yli 3-vuotiaat : <\/strong><\/h5>\n<p><strong>M\u00e4nnynk\u00e4vyt&nbsp;&nbsp;&nbsp;&nbsp;<\/strong> &nbsp;&nbsp;&nbsp;&nbsp;&nbsp;&nbsp;&nbsp;&nbsp;&nbsp;&nbsp;&nbsp;&nbsp;&nbsp;&nbsp;&nbsp;&nbsp;&nbsp;&nbsp;&nbsp;&nbsp;&nbsp;&nbsp;&nbsp;&nbsp;&nbsp;&nbsp; 040 545 7276<\/p>\n<p><strong>Tammenterhot&nbsp;<\/strong> &nbsp;&nbsp;&nbsp;&nbsp;&nbsp;&nbsp;&nbsp;&nbsp;&nbsp;&nbsp;&nbsp;&nbsp;&nbsp;&nbsp;&nbsp;&nbsp;&nbsp;&nbsp;&nbsp;&nbsp;&nbsp;&nbsp;&nbsp; &nbsp; &nbsp; 040 706 1352<\/p>\n<p>&nbsp;<\/p>\n<p>&nbsp;<\/p>\n<p><strong>P\u00e4iv\u00e4kodin johtaja:<\/strong><br \/>\nSusanne P\u00e4kkil\u00e4&nbsp; &nbsp; &nbsp; &nbsp; &nbsp; &nbsp; &nbsp; &nbsp; &nbsp; &nbsp; &nbsp; &nbsp; &nbsp; &nbsp; &nbsp;050 396 7162<\/p>\n<p><strong>P\u00e4iv\u00e4kodin apulaisjohtaja&nbsp; &nbsp; &nbsp; &nbsp; &nbsp; &nbsp; &nbsp; &nbsp; &nbsp; &nbsp; &nbsp; &nbsp; &nbsp; &nbsp; &nbsp; &nbsp; &nbsp; &nbsp; &nbsp; &nbsp; &nbsp; &nbsp; &nbsp; &nbsp; &nbsp; &nbsp; &nbsp; &nbsp; &nbsp; &nbsp; &nbsp; &nbsp; &nbsp; &nbsp; &nbsp; &nbsp; &nbsp; &nbsp; &nbsp; &nbsp; &nbsp; &nbsp; &nbsp; &nbsp; &nbsp; &nbsp; &nbsp; &nbsp; &nbsp; &nbsp; &nbsp; &nbsp; &nbsp; &nbsp; &nbsp; &nbsp; &nbsp; &nbsp; &nbsp; &nbsp; &nbsp; &nbsp; &nbsp; &nbsp; &nbsp;<\/strong>Jenni Kouvonen&nbsp; &nbsp; &nbsp; &nbsp; &nbsp; &nbsp; &nbsp; &nbsp; &nbsp; &nbsp; &nbsp; &nbsp; &nbsp; &nbsp; 0404827910<\/p>\n<p><strong>P\u00e4iv\u00e4kodin erityisopettaja &nbsp; &nbsp; &nbsp; &nbsp; &nbsp; &nbsp; &nbsp; &nbsp; &nbsp; &nbsp; &nbsp; &nbsp; &nbsp; &nbsp; &nbsp; &nbsp; &nbsp; &nbsp; &nbsp; &nbsp; &nbsp; &nbsp; &nbsp; &nbsp; &nbsp; &nbsp; &nbsp; &nbsp; &nbsp; &nbsp; &nbsp; &nbsp; &nbsp; &nbsp; &nbsp; &nbsp; &nbsp; &nbsp; &nbsp; &nbsp; &nbsp; &nbsp; &nbsp; &nbsp; &nbsp; &nbsp; &nbsp; &nbsp; &nbsp; &nbsp; &nbsp; &nbsp; &nbsp; &nbsp; &nbsp; &nbsp; &nbsp; &nbsp; &nbsp; &nbsp; &nbsp; &nbsp; &nbsp; <\/strong>Henna Konsti&nbsp; &nbsp; &nbsp; &nbsp; &nbsp; &nbsp; &nbsp; &nbsp; &nbsp; &nbsp; &nbsp; &nbsp; &nbsp; &nbsp; &nbsp; &nbsp; &nbsp;0449075275<\/p>\n<p>&nbsp;<\/p>\n<\/div>\n<\/div>\n<p>&nbsp;<\/p>\n","protected":false},"excerpt":{"rendered":"<p>P\u00e4iv\u00e4kotimme sijaitsee Nummen rauhallisella asuinalueella.&nbsp; Isot pihat ja kaksikerroksinen talo antaa mainiot tilat temmelt\u00e4\u00e4.&nbsp; Meid\u00e4t l\u00f6yt\u00e4\u00e4 INSTAGRAMista nimell\u00e4 Viinam\u00e4en p\u00e4iv\u00e4koti. \ud83d\ude42 Alla ryhmien yhteystietoja. &nbsp; Yhteystiedot&nbsp;&nbsp; Alakerta: Sinisiipi, ovi nro 1, alle 4-vuotiaat : Pajunkissat&nbsp; &nbsp;&nbsp;&nbsp;&nbsp;&nbsp;&nbsp;&nbsp;&nbsp;&nbsp;&nbsp;&nbsp;&nbsp;&nbsp;&nbsp;&nbsp;&nbsp;&nbsp;&nbsp;&nbsp;&nbsp;&nbsp;&nbsp;&nbsp;&nbsp;&nbsp;&nbsp;&nbsp; 040 705 9293 Pilvikirsikat&nbsp;&nbsp;&nbsp;&nbsp;&nbsp;&nbsp;&nbsp;&nbsp;&nbsp;&nbsp;&nbsp;&nbsp;&nbsp;&nbsp;&nbsp;&nbsp;&nbsp;&nbsp;&nbsp;&nbsp;&nbsp;&nbsp;&nbsp;&nbsp;&nbsp;&nbsp;&nbsp;&nbsp;&nbsp; 040 167 8443 Punasiipi, ovi nro 2, alle 4-vuotiaat : Havunneulaset &nbsp;&nbsp;&nbsp;&nbsp;&nbsp;&nbsp;&nbsp;&nbsp;&nbsp;&nbsp;&nbsp;&nbsp;&nbsp;&nbsp;&nbsp;&nbsp;&nbsp;&nbsp;&nbsp;&nbsp;&nbsp;&nbsp;&nbsp; 040 846 0569 &hellip; <a href=\"https:\/\/blog.edu.turku.fi\/viinamaenpk\/itaharjun-paivahoitoyksikko-2\/\" class=\"more-link\">Jatka lukemista<span class=\"screen-reader-text\"> &#8221;Viinam\u00e4en p\u00e4iv\u00e4koti&#8221;<\/span><\/a><\/p>\n","protected":false},"author":2376,"featured_media":0,"parent":0,"menu_order":0,"comment_status":"closed","ping_status":"closed","template":"","meta":{"footnotes":""},"class_list":["post-89","page","type-page","status-publish","hentry"],"_links":{"self":[{"href":"https:\/\/blog.edu.turku.fi\/viinamaenpk\/wp-json\/wp\/v2\/pages\/89","targetHints":{"allow":["GET"]}}],"collection":[{"href":"https:\/\/blog.edu.turku.fi\/viinamaenpk\/wp-json\/wp\/v2\/pages"}],"about":[{"href":"https:\/\/blog.edu.turku.fi\/viinamaenpk\/wp-json\/wp\/v2\/types\/page"}],"author":[{"embeddable":true,"href":"https:\/\/blog.edu.turku.fi\/viinamaenpk\/wp-json\/wp\/v2\/users\/2376"}],"replies":[{"embeddable":true,"href":"https:\/\/blog.edu.turku.fi\/viinamaenpk\/wp-json\/wp\/v2\/comments?post=89"}],"version-history":[{"count":67,"href":"https:\/\/blog.edu.turku.fi\/viinamaenpk\/wp-json\/wp\/v2\/pages\/89\/revisions"}],"predecessor-version":[{"id":2726,"href":"https:\/\/blog.edu.turku.fi\/viinamaenpk\/wp-json\/wp\/v2\/pages\/89\/revisions\/2726"}],"wp:attachment":[{"href":"https:\/\/blog.edu.turku.fi\/viinamaenpk\/wp-json\/wp\/v2\/media?parent=89"}],"curies":[{"name":"wp","href":"https:\/\/api.w.org\/{rel}","templated":true}]}}