{"id":12,"date":"2015-09-24T17:55:37","date_gmt":"2015-09-24T14:55:37","guid":{"rendered":"https:\/\/blog.edu.turku.fi\/itaharjunphy\/?page_id=12"},"modified":"2025-02-11T11:17:47","modified_gmt":"2025-02-11T09:17:47","slug":"yhteystiedot","status":"publish","type":"page","link":"https:\/\/blog.edu.turku.fi\/viinamaenpk\/yhteystiedot\/","title":{"rendered":"Yhteystiedot"},"content":{"rendered":"<h1 class=\"entry-title\"><strong style=\"font-size: 16px\">P\u00e4iv\u00e4kodin johtaja:<\/strong><\/h1>\n<div class=\"entry-content\">\n<p>Susanne P\u00e4kkil\u00e4&nbsp;&nbsp;&nbsp;&nbsp;&nbsp;&nbsp;&nbsp;&nbsp;&nbsp;&nbsp;&nbsp;&nbsp;&nbsp;&nbsp;&nbsp;&nbsp;&nbsp;&nbsp;&nbsp;&nbsp;&nbsp;&nbsp;&nbsp;&nbsp;&nbsp;&nbsp;&nbsp;&nbsp;&nbsp;&nbsp;&nbsp;&nbsp;&nbsp;&nbsp;&nbsp;&nbsp;&nbsp;&nbsp;&nbsp;&nbsp;&nbsp;&nbsp;&nbsp;&nbsp; 050 396 7162<\/p>\n<p>&nbsp;<\/p>\n<\/div>\n<p><strong>Apulaisjohtaja:<\/strong><\/p>\n<p>Jenni Kouvonen&nbsp; &nbsp; &nbsp; &nbsp; &nbsp; &nbsp; &nbsp; &nbsp; &nbsp; &nbsp; &nbsp; &nbsp; &nbsp; &nbsp; &nbsp; &nbsp; &nbsp; &nbsp; &nbsp; &nbsp; &nbsp; &nbsp; &nbsp;040 482 7910<\/p>\n<p><strong>P\u00e4iv\u00e4kodin erityisopettaja:<\/strong><\/p>\n<p>Henna Konsti&nbsp; &nbsp; &nbsp; &nbsp; &nbsp; &nbsp; &nbsp; &nbsp; &nbsp; &nbsp; &nbsp; &nbsp; &nbsp; &nbsp; &nbsp; &nbsp; &nbsp; &nbsp; &nbsp; &nbsp; &nbsp; &nbsp; &nbsp; &nbsp; 044 907 5275<\/p>\n<p>&nbsp;<\/p>\n","protected":false},"excerpt":{"rendered":"<p>P\u00e4iv\u00e4kodin johtaja: Susanne P\u00e4kkil\u00e4&nbsp;&nbsp;&nbsp;&nbsp;&nbsp;&nbsp;&nbsp;&nbsp;&nbsp;&nbsp;&nbsp;&nbsp;&nbsp;&nbsp;&nbsp;&nbsp;&nbsp;&nbsp;&nbsp;&nbsp;&nbsp;&nbsp;&nbsp;&nbsp;&nbsp;&nbsp;&nbsp;&nbsp;&nbsp;&nbsp;&nbsp;&nbsp;&nbsp;&nbsp;&nbsp;&nbsp;&nbsp;&nbsp;&nbsp;&nbsp;&nbsp;&nbsp;&nbsp;&nbsp; 050 396 7162 &nbsp; Apulaisjohtaja: Jenni Kouvonen&nbsp; &nbsp; &nbsp; &nbsp; &nbsp; &nbsp; &nbsp; &nbsp; &nbsp; &nbsp; &nbsp; &nbsp; &nbsp; &nbsp; &nbsp; &nbsp; &nbsp; &nbsp; &nbsp; &nbsp; &nbsp; &nbsp; &nbsp;040 482 7910 P\u00e4iv\u00e4kodin erityisopettaja: Henna Konsti&nbsp; &nbsp; &nbsp; &nbsp; &nbsp; &nbsp; &nbsp; &nbsp; &nbsp; &nbsp; &nbsp; &nbsp; &nbsp; &nbsp; &nbsp; &nbsp; &nbsp; &hellip; <a href=\"https:\/\/blog.edu.turku.fi\/viinamaenpk\/yhteystiedot\/\" class=\"more-link\">Jatka lukemista<span class=\"screen-reader-text\"> &#8221;Yhteystiedot&#8221;<\/span><\/a><\/p>\n","protected":false},"author":2376,"featured_media":0,"parent":0,"menu_order":0,"comment_status":"closed","ping_status":"closed","template":"","meta":{"footnotes":""},"class_list":["post-12","page","type-page","status-publish","hentry"],"_links":{"self":[{"href":"https:\/\/blog.edu.turku.fi\/viinamaenpk\/wp-json\/wp\/v2\/pages\/12","targetHints":{"allow":["GET"]}}],"collection":[{"href":"https:\/\/blog.edu.turku.fi\/viinamaenpk\/wp-json\/wp\/v2\/pages"}],"about":[{"href":"https:\/\/blog.edu.turku.fi\/viinamaenpk\/wp-json\/wp\/v2\/types\/page"}],"author":[{"embeddable":true,"href":"https:\/\/blog.edu.turku.fi\/viinamaenpk\/wp-json\/wp\/v2\/users\/2376"}],"replies":[{"embeddable":true,"href":"https:\/\/blog.edu.turku.fi\/viinamaenpk\/wp-json\/wp\/v2\/comments?post=12"}],"version-history":[{"count":24,"href":"https:\/\/blog.edu.turku.fi\/viinamaenpk\/wp-json\/wp\/v2\/pages\/12\/revisions"}],"predecessor-version":[{"id":2733,"href":"https:\/\/blog.edu.turku.fi\/viinamaenpk\/wp-json\/wp\/v2\/pages\/12\/revisions\/2733"}],"wp:attachment":[{"href":"https:\/\/blog.edu.turku.fi\/viinamaenpk\/wp-json\/wp\/v2\/media?parent=12"}],"curies":[{"name":"wp","href":"https:\/\/api.w.org\/{rel}","templated":true}]}}