{"id":91,"date":"2014-06-01T16:23:11","date_gmt":"2014-06-01T13:23:11","guid":{"rendered":"https:\/\/blog.edu.turku.fi\/vedenalainenveistospolku\/?page_id=91"},"modified":"2014-06-05T16:40:20","modified_gmt":"2014-06-05T13:40:20","slug":"rannan-ymparistotaideteokset","status":"publish","type":"page","link":"https:\/\/blog.edu.turku.fi\/vedenalainenveistospolku\/veistokset\/rannan-ymparistotaideteokset\/","title":{"rendered":"Rannan ymp\u00e4rist\u00f6taideteokset"},"content":{"rendered":"<p style=\"text-align: center\"><a href=\"https:\/\/blog.edu.turku.fi\/vedenalainenveistospolku\/files\/2014\/06\/IMG_3123-\u2013-Kopio1.jpg\"><img loading=\"lazy\" decoding=\"async\" class=\"alignnone size-medium wp-image-173\" alt=\"IMG_3123 \u2013 Kopio\" src=\"https:\/\/blog.edu.turku.fi\/vedenalainenveistospolku\/files\/2014\/06\/IMG_3123-\u2013-Kopio1-300x199.jpg\" width=\"300\" height=\"199\" srcset=\"https:\/\/blog.edu.turku.fi\/vedenalainenveistospolku\/files\/2014\/06\/IMG_3123-\u2013-Kopio1-300x199.jpg 300w, https:\/\/blog.edu.turku.fi\/vedenalainenveistospolku\/files\/2014\/06\/IMG_3123-\u2013-Kopio1-1024x682.jpg 1024w, https:\/\/blog.edu.turku.fi\/vedenalainenveistospolku\/files\/2014\/06\/IMG_3123-\u2013-Kopio1-450x300.jpg 450w\" sizes=\"auto, (max-width: 300px) 100vw, 300px\" \/><\/a><\/p>\n<p style=\"text-align: center\"><a href=\"https:\/\/blog.edu.turku.fi\/vedenalainenveistospolku\/files\/2014\/06\/IMG_3872.jpg\"><img loading=\"lazy\" decoding=\"async\" class=\"alignnone size-medium wp-image-137\" alt=\"IMG_3872\" src=\"https:\/\/blog.edu.turku.fi\/vedenalainenveistospolku\/files\/2014\/06\/IMG_3872-300x199.jpg\" width=\"300\" height=\"199\" srcset=\"https:\/\/blog.edu.turku.fi\/vedenalainenveistospolku\/files\/2014\/06\/IMG_3872-300x199.jpg 300w, https:\/\/blog.edu.turku.fi\/vedenalainenveistospolku\/files\/2014\/06\/IMG_3872-1024x682.jpg 1024w, https:\/\/blog.edu.turku.fi\/vedenalainenveistospolku\/files\/2014\/06\/IMG_3872-450x300.jpg 450w, https:\/\/blog.edu.turku.fi\/vedenalainenveistospolku\/files\/2014\/06\/IMG_3872.jpg 1244w\" sizes=\"auto, (max-width: 300px) 100vw, 300px\" \/><\/a><\/p>\n<p style=\"text-align: center\"><a href=\"https:\/\/blog.edu.turku.fi\/vedenalainenveistospolku\/files\/2014\/06\/IMG_3869.jpg\"><img loading=\"lazy\" decoding=\"async\" class=\"alignnone size-medium wp-image-136\" alt=\"IMG_3869\" src=\"https:\/\/blog.edu.turku.fi\/vedenalainenveistospolku\/files\/2014\/06\/IMG_3869-199x300.jpg\" width=\"199\" height=\"300\" srcset=\"https:\/\/blog.edu.turku.fi\/vedenalainenveistospolku\/files\/2014\/06\/IMG_3869-199x300.jpg 199w, https:\/\/blog.edu.turku.fi\/vedenalainenveistospolku\/files\/2014\/06\/IMG_3869-682x1024.jpg 682w, https:\/\/blog.edu.turku.fi\/vedenalainenveistospolku\/files\/2014\/06\/IMG_3869.jpg 829w\" sizes=\"auto, (max-width: 199px) 100vw, 199px\" \/><\/a> <a href=\"https:\/\/blog.edu.turku.fi\/vedenalainenveistospolku\/files\/2014\/06\/IMG_3715.jpg\"><img loading=\"lazy\" decoding=\"async\" class=\"alignnone size-medium wp-image-135\" alt=\"IMG_3715\" src=\"https:\/\/blog.edu.turku.fi\/vedenalainenveistospolku\/files\/2014\/06\/IMG_3715-199x300.jpg\" width=\"199\" height=\"300\" srcset=\"https:\/\/blog.edu.turku.fi\/vedenalainenveistospolku\/files\/2014\/06\/IMG_3715-199x300.jpg 199w, https:\/\/blog.edu.turku.fi\/vedenalainenveistospolku\/files\/2014\/06\/IMG_3715-682x1024.jpg 682w, https:\/\/blog.edu.turku.fi\/vedenalainenveistospolku\/files\/2014\/06\/IMG_3715.jpg 829w\" sizes=\"auto, (max-width: 199px) 100vw, 199px\" \/><\/a><\/p>\n<p style=\"text-align: center\">Rannan ymp\u00e4rist\u00f6taideteoksien kasvoveistokset on valettu opiskelijoiden kasvoista. Dalsk\u00e4rissa ne ovat osa paikkal\u00e4ht\u00f6isi\u00e4 ymp\u00e4rist\u00f6taideteoksia. Mukana teoksissa on k\u00e4ytetty rannan omia materiaaleja ja veistososat on pyritty sulauttamaan ymp\u00e4rist\u00f6n muotoihin ja elementteihin. Osan teoksista l\u00f6yd\u00e4t helposti, osan l\u00f6yt\u00e4\u00e4ksesi joudut tekem\u00e4\u00e4n pienen tutkimusmatkan saaren maastoon. Kaikki teokset l\u00f6ytyv\u00e4t kuitenkin rantakallioiden tuntumasta. Kasvoveistokset k\u00e4ytt\u00e4ytyv\u00e4t kuin rannan kivet, joita aika liikuttaa ja muovaa.<\/p>\n<p style=\"text-align: center\"><a href=\"https:\/\/blog.edu.turku.fi\/vedenalainenveistospolku\/files\/2014\/06\/IMG_4075.jpg\"><img loading=\"lazy\" decoding=\"async\" class=\"alignnone size-medium wp-image-252\" alt=\"IMG_4075\" src=\"https:\/\/blog.edu.turku.fi\/vedenalainenveistospolku\/files\/2014\/06\/IMG_4075-200x300.jpg\" width=\"200\" height=\"300\" srcset=\"https:\/\/blog.edu.turku.fi\/vedenalainenveistospolku\/files\/2014\/06\/IMG_4075-200x300.jpg 200w, https:\/\/blog.edu.turku.fi\/vedenalainenveistospolku\/files\/2014\/06\/IMG_4075-683x1024.jpg 683w, https:\/\/blog.edu.turku.fi\/vedenalainenveistospolku\/files\/2014\/06\/IMG_4075.jpg 1210w\" sizes=\"auto, (max-width: 200px) 100vw, 200px\" \/><\/a> <a href=\"https:\/\/blog.edu.turku.fi\/vedenalainenveistospolku\/files\/2014\/06\/IMG_4090.jpg\"><img loading=\"lazy\" decoding=\"async\" class=\"alignnone size-medium wp-image-253\" alt=\"IMG_4090\" src=\"https:\/\/blog.edu.turku.fi\/vedenalainenveistospolku\/files\/2014\/06\/IMG_4090-200x300.jpg\" width=\"200\" height=\"300\" srcset=\"https:\/\/blog.edu.turku.fi\/vedenalainenveistospolku\/files\/2014\/06\/IMG_4090-200x300.jpg 200w, https:\/\/blog.edu.turku.fi\/vedenalainenveistospolku\/files\/2014\/06\/IMG_4090-683x1024.jpg 683w, https:\/\/blog.edu.turku.fi\/vedenalainenveistospolku\/files\/2014\/06\/IMG_4090.jpg 1210w\" sizes=\"auto, (max-width: 200px) 100vw, 200px\" \/><\/a><\/p>\n<p style=\"text-align: center\"><a href=\"https:\/\/blog.edu.turku.fi\/vedenalainenveistospolku\/files\/2014\/06\/IMG_4101.jpg\"><img loading=\"lazy\" decoding=\"async\" class=\"alignnone size-medium wp-image-254\" alt=\"IMG_4101\" src=\"https:\/\/blog.edu.turku.fi\/vedenalainenveistospolku\/files\/2014\/06\/IMG_4101-300x184.jpg\" width=\"300\" height=\"184\" srcset=\"https:\/\/blog.edu.turku.fi\/vedenalainenveistospolku\/files\/2014\/06\/IMG_4101-300x184.jpg 300w, https:\/\/blog.edu.turku.fi\/vedenalainenveistospolku\/files\/2014\/06\/IMG_4101-1024x629.jpg 1024w, https:\/\/blog.edu.turku.fi\/vedenalainenveistospolku\/files\/2014\/06\/IMG_4101-487x300.jpg 487w, https:\/\/blog.edu.turku.fi\/vedenalainenveistospolku\/files\/2014\/06\/IMG_4101.jpg 1667w\" sizes=\"auto, (max-width: 300px) 100vw, 300px\" \/><\/a><\/p>\n<p><a href=\"https:\/\/blog.edu.turku.fi\/vedenalainenveistospolku\/files\/2014\/06\/IMG_4092.jpg\"><img loading=\"lazy\" decoding=\"async\" class=\"wp-image-255 aligncenter\" alt=\"IMG_4092\" src=\"https:\/\/blog.edu.turku.fi\/vedenalainenveistospolku\/files\/2014\/06\/IMG_4092-200x300.jpg\" width=\"200\" height=\"300\" srcset=\"https:\/\/blog.edu.turku.fi\/vedenalainenveistospolku\/files\/2014\/06\/IMG_4092-200x300.jpg 200w, https:\/\/blog.edu.turku.fi\/vedenalainenveistospolku\/files\/2014\/06\/IMG_4092-683x1024.jpg 683w, https:\/\/blog.edu.turku.fi\/vedenalainenveistospolku\/files\/2014\/06\/IMG_4092.jpg 1210w\" sizes=\"auto, (max-width: 200px) 100vw, 200px\" \/><\/a><\/p>\n","protected":false},"excerpt":{"rendered":"<p>Rannan ymp\u00e4rist\u00f6taideteoksien kasvoveistokset on valettu opiskelijoiden kasvoista. Dalsk\u00e4rissa ne ovat osa paikkal\u00e4ht\u00f6isi\u00e4 ymp\u00e4rist\u00f6taideteoksia. Mukana teoksissa on k\u00e4ytetty rannan omia materiaaleja ja veistososat on pyritty sulauttamaan ymp\u00e4rist\u00f6n muotoihin ja elementteihin. Osan teoksista l\u00f6yd\u00e4t helposti, osan l\u00f6yt\u00e4\u00e4ksesi joudut tekem\u00e4\u00e4n pienen tutkimusmatkan saaren &hellip; <a href=\"https:\/\/blog.edu.turku.fi\/vedenalainenveistospolku\/veistokset\/rannan-ymparistotaideteokset\/\">Lue loppuun <span class=\"meta-nav\">&rarr;<\/span><\/a><\/p>\n","protected":false},"author":45,"featured_media":0,"parent":56,"menu_order":7,"comment_status":"closed","ping_status":"closed","template":"","meta":{"footnotes":""},"class_list":["post-91","page","type-page","status-publish","hentry"],"_links":{"self":[{"href":"https:\/\/blog.edu.turku.fi\/vedenalainenveistospolku\/wp-json\/wp\/v2\/pages\/91","targetHints":{"allow":["GET"]}}],"collection":[{"href":"https:\/\/blog.edu.turku.fi\/vedenalainenveistospolku\/wp-json\/wp\/v2\/pages"}],"about":[{"href":"https:\/\/blog.edu.turku.fi\/vedenalainenveistospolku\/wp-json\/wp\/v2\/types\/page"}],"author":[{"embeddable":true,"href":"https:\/\/blog.edu.turku.fi\/vedenalainenveistospolku\/wp-json\/wp\/v2\/users\/45"}],"replies":[{"embeddable":true,"href":"https:\/\/blog.edu.turku.fi\/vedenalainenveistospolku\/wp-json\/wp\/v2\/comments?post=91"}],"version-history":[{"count":11,"href":"https:\/\/blog.edu.turku.fi\/vedenalainenveistospolku\/wp-json\/wp\/v2\/pages\/91\/revisions"}],"predecessor-version":[{"id":258,"href":"https:\/\/blog.edu.turku.fi\/vedenalainenveistospolku\/wp-json\/wp\/v2\/pages\/91\/revisions\/258"}],"up":[{"embeddable":true,"href":"https:\/\/blog.edu.turku.fi\/vedenalainenveistospolku\/wp-json\/wp\/v2\/pages\/56"}],"wp:attachment":[{"href":"https:\/\/blog.edu.turku.fi\/vedenalainenveistospolku\/wp-json\/wp\/v2\/media?parent=91"}],"curies":[{"name":"wp","href":"https:\/\/api.w.org\/{rel}","templated":true}]}}