{"id":87,"date":"2014-06-01T16:21:59","date_gmt":"2014-06-01T13:21:59","guid":{"rendered":"https:\/\/blog.edu.turku.fi\/vedenalainenveistospolku\/?page_id=87"},"modified":"2014-06-05T10:48:04","modified_gmt":"2014-06-05T07:48:04","slug":"manty-meressa-elaman-voima","status":"publish","type":"page","link":"https:\/\/blog.edu.turku.fi\/vedenalainenveistospolku\/veistokset\/manty-meressa-elaman-voima\/","title":{"rendered":"M\u00e4nty meress\u00e4 &#8211; el\u00e4m\u00e4n voima"},"content":{"rendered":"<p><a href=\"https:\/\/blog.edu.turku.fi\/vedenalainenveistospolku\/files\/2014\/06\/IMG_1471.jpg\"><img loading=\"lazy\" decoding=\"async\" class=\"size-medium wp-image-70 aligncenter\" alt=\"IMG_1471\" src=\"https:\/\/blog.edu.turku.fi\/vedenalainenveistospolku\/files\/2014\/06\/IMG_1471-197x300.jpg\" width=\"197\" height=\"300\" srcset=\"https:\/\/blog.edu.turku.fi\/vedenalainenveistospolku\/files\/2014\/06\/IMG_1471-197x300.jpg 197w, https:\/\/blog.edu.turku.fi\/vedenalainenveistospolku\/files\/2014\/06\/IMG_1471-672x1024.jpg 672w, https:\/\/blog.edu.turku.fi\/vedenalainenveistospolku\/files\/2014\/06\/IMG_1471.jpg 1225w\" sizes=\"auto, (max-width: 197px) 100vw, 197px\" \/><\/a><\/p>\n<p style=\"text-align: center\">Ty\u00f6skentelyvaihe<\/p>\n<p style=\"text-align: center\"><a href=\"https:\/\/blog.edu.turku.fi\/vedenalainenveistospolku\/files\/2014\/06\/IMG_3846-\u2013-Kopio.jpg\"><img loading=\"lazy\" decoding=\"async\" class=\"alignnone size-medium wp-image-128\" alt=\"IMG_3846 \u2013 Kopio\" src=\"https:\/\/blog.edu.turku.fi\/vedenalainenveistospolku\/files\/2014\/06\/IMG_3846-\u2013-Kopio-199x300.jpg\" width=\"199\" height=\"300\" srcset=\"https:\/\/blog.edu.turku.fi\/vedenalainenveistospolku\/files\/2014\/06\/IMG_3846-\u2013-Kopio-199x300.jpg 199w, https:\/\/blog.edu.turku.fi\/vedenalainenveistospolku\/files\/2014\/06\/IMG_3846-\u2013-Kopio-682x1024.jpg 682w, https:\/\/blog.edu.turku.fi\/vedenalainenveistospolku\/files\/2014\/06\/IMG_3846-\u2013-Kopio.jpg 829w\" sizes=\"auto, (max-width: 199px) 100vw, 199px\" \/><\/a><\/p>\n<p style=\"text-align: center\"><a href=\"https:\/\/blog.edu.turku.fi\/vedenalainenveistospolku\/files\/2014\/06\/IMG_3726.jpg\"><img loading=\"lazy\" decoding=\"async\" class=\"size-medium wp-image-127\" alt=\"IMG_3726\" src=\"https:\/\/blog.edu.turku.fi\/vedenalainenveistospolku\/files\/2014\/06\/IMG_3726-300x199.jpg\" width=\"300\" height=\"199\" srcset=\"https:\/\/blog.edu.turku.fi\/vedenalainenveistospolku\/files\/2014\/06\/IMG_3726-300x199.jpg 300w, https:\/\/blog.edu.turku.fi\/vedenalainenveistospolku\/files\/2014\/06\/IMG_3726-1024x682.jpg 1024w, https:\/\/blog.edu.turku.fi\/vedenalainenveistospolku\/files\/2014\/06\/IMG_3726-450x300.jpg 450w, https:\/\/blog.edu.turku.fi\/vedenalainenveistospolku\/files\/2014\/06\/IMG_3726.jpg 1244w\" sizes=\"auto, (max-width: 300px) 100vw, 300px\" \/><\/a><\/p>\n<p style=\"text-align: center\">Valmis teos<\/p>\n<p style=\"text-align: center\"><a href=\"https:\/\/blog.edu.turku.fi\/vedenalainenveistospolku\/files\/2014\/06\/puu-ja-pojat.jpg\"><img loading=\"lazy\" decoding=\"async\" class=\"aligncenter size-medium wp-image-232\" alt=\"puu ja pojat\" src=\"https:\/\/blog.edu.turku.fi\/vedenalainenveistospolku\/files\/2014\/06\/puu-ja-pojat-168x300.jpg\" width=\"168\" height=\"300\" srcset=\"https:\/\/blog.edu.turku.fi\/vedenalainenveistospolku\/files\/2014\/06\/puu-ja-pojat-168x300.jpg 168w, https:\/\/blog.edu.turku.fi\/vedenalainenveistospolku\/files\/2014\/06\/puu-ja-pojat-576x1024.jpg 576w, https:\/\/blog.edu.turku.fi\/vedenalainenveistospolku\/files\/2014\/06\/puu-ja-pojat.jpg 918w\" sizes=\"auto, (max-width: 168px) 100vw, 168px\" \/><\/a><\/p>\n<p style=\"text-align: center\">M\u00e4nty ja tekij\u00e4t<\/p>\n<p style=\"text-align: center\"><a href=\"https:\/\/blog.edu.turku.fi\/vedenalainenveistospolku\/files\/2014\/06\/puun-siirto.jpg\"><img loading=\"lazy\" decoding=\"async\" class=\"aligncenter size-medium wp-image-234\" alt=\"puun siirto\" src=\"https:\/\/blog.edu.turku.fi\/vedenalainenveistospolku\/files\/2014\/06\/puun-siirto-168x300.jpg\" width=\"168\" height=\"300\" srcset=\"https:\/\/blog.edu.turku.fi\/vedenalainenveistospolku\/files\/2014\/06\/puun-siirto-168x300.jpg 168w, https:\/\/blog.edu.turku.fi\/vedenalainenveistospolku\/files\/2014\/06\/puun-siirto-576x1024.jpg 576w, https:\/\/blog.edu.turku.fi\/vedenalainenveistospolku\/files\/2014\/06\/puun-siirto.jpg 918w\" sizes=\"auto, (max-width: 168px) 100vw, 168px\" \/><\/a>Veistoksen lasku<\/p>\n<p style=\"text-align: center\"><a href=\"https:\/\/blog.edu.turku.fi\/vedenalainenveistospolku\/files\/2014\/06\/m\u00e4nty-meress\u00e4.jpg\"><img loading=\"lazy\" decoding=\"async\" class=\"aligncenter size-medium wp-image-235\" alt=\"m\u00e4nty meress\u00e4\" src=\"https:\/\/blog.edu.turku.fi\/vedenalainenveistospolku\/files\/2014\/06\/m\u00e4nty-meress\u00e4-300x168.jpg\" width=\"300\" height=\"168\" srcset=\"https:\/\/blog.edu.turku.fi\/vedenalainenveistospolku\/files\/2014\/06\/m\u00e4nty-meress\u00e4-300x168.jpg 300w, https:\/\/blog.edu.turku.fi\/vedenalainenveistospolku\/files\/2014\/06\/m\u00e4nty-meress\u00e4-1024x576.jpg 1024w, https:\/\/blog.edu.turku.fi\/vedenalainenveistospolku\/files\/2014\/06\/m\u00e4nty-meress\u00e4-500x281.jpg 500w, https:\/\/blog.edu.turku.fi\/vedenalainenveistospolku\/files\/2014\/06\/m\u00e4nty-meress\u00e4.jpg 1632w\" sizes=\"auto, (max-width: 300px) 100vw, 300px\" \/><\/a>M\u00e4nty meress\u00e4 4.6.2014<\/p>\n<p style=\"text-align: center\">\n<p style=\"text-align: center\">\n<p style=\"text-align: center\">\n","protected":false},"excerpt":{"rendered":"<p>Ty\u00f6skentelyvaihe Valmis teos M\u00e4nty ja tekij\u00e4t Veistoksen lasku M\u00e4nty meress\u00e4 4.6.2014<\/p>\n","protected":false},"author":45,"featured_media":0,"parent":56,"menu_order":4,"comment_status":"closed","ping_status":"closed","template":"","meta":{"footnotes":""},"class_list":["post-87","page","type-page","status-publish","hentry"],"_links":{"self":[{"href":"https:\/\/blog.edu.turku.fi\/vedenalainenveistospolku\/wp-json\/wp\/v2\/pages\/87","targetHints":{"allow":["GET"]}}],"collection":[{"href":"https:\/\/blog.edu.turku.fi\/vedenalainenveistospolku\/wp-json\/wp\/v2\/pages"}],"about":[{"href":"https:\/\/blog.edu.turku.fi\/vedenalainenveistospolku\/wp-json\/wp\/v2\/types\/page"}],"author":[{"embeddable":true,"href":"https:\/\/blog.edu.turku.fi\/vedenalainenveistospolku\/wp-json\/wp\/v2\/users\/45"}],"replies":[{"embeddable":true,"href":"https:\/\/blog.edu.turku.fi\/vedenalainenveistospolku\/wp-json\/wp\/v2\/comments?post=87"}],"version-history":[{"count":7,"href":"https:\/\/blog.edu.turku.fi\/vedenalainenveistospolku\/wp-json\/wp\/v2\/pages\/87\/revisions"}],"predecessor-version":[{"id":236,"href":"https:\/\/blog.edu.turku.fi\/vedenalainenveistospolku\/wp-json\/wp\/v2\/pages\/87\/revisions\/236"}],"up":[{"embeddable":true,"href":"https:\/\/blog.edu.turku.fi\/vedenalainenveistospolku\/wp-json\/wp\/v2\/pages\/56"}],"wp:attachment":[{"href":"https:\/\/blog.edu.turku.fi\/vedenalainenveistospolku\/wp-json\/wp\/v2\/media?parent=87"}],"curies":[{"name":"wp","href":"https:\/\/api.w.org\/{rel}","templated":true}]}}