{"id":43,"date":"2014-05-25T18:54:52","date_gmt":"2014-05-25T15:54:52","guid":{"rendered":"https:\/\/blog.edu.turku.fi\/vedenalainenveistospolku\/?page_id=43"},"modified":"2014-06-02T17:46:57","modified_gmt":"2014-06-02T14:46:57","slug":"yhteistyokumppanit-2","status":"publish","type":"page","link":"https:\/\/blog.edu.turku.fi\/vedenalainenveistospolku\/yhteistyokumppanit-2\/","title":{"rendered":"Yhteisty\u00f6kumppanit"},"content":{"rendered":"<p><strong>Yritysyhteisty\u00f6<\/strong><\/p>\n<p>Risto Niinivirta, tuotep\u00e4\u00e4llikk\u00f6, Hartela, betonin, ty\u00f6asujen ja v\u00e4lineiden lahjoitus ja laina.<\/p>\n<p>Jaakko Tikka, toimitusjohtaja, Forum Marinum<\/p>\n<p>Pekka Mattila, ty\u00f6njohtaja, Forum Marinum<\/p>\n<p>Joakim H\u00e5kans, toimitusjohtaja Alfons H\u00e5kans, veistosten kuljetus ja lasku<\/p>\n<p>Aurajoki Oy, veistosrunkojen sinkitys<\/p>\n<p>Nordkalk, kalkkifillerin lahjoitus<\/p>\n<p>ja<\/p>\n<p>Kimmo Hotanen, HG-Productions, koululaiva Lokki ja Olga<\/p>\n<p>&nbsp;<\/p>\n<p>&nbsp;<\/p>\n<p>&nbsp;<\/p>\n","protected":false},"excerpt":{"rendered":"<p>Yritysyhteisty\u00f6 Risto Niinivirta, tuotep\u00e4\u00e4llikk\u00f6, Hartela, betonin, ty\u00f6asujen ja v\u00e4lineiden lahjoitus ja laina. Jaakko Tikka, toimitusjohtaja, Forum Marinum Pekka Mattila, ty\u00f6njohtaja, Forum Marinum Joakim H\u00e5kans, toimitusjohtaja Alfons H\u00e5kans, veistosten kuljetus ja lasku Aurajoki Oy, veistosrunkojen sinkitys Nordkalk, kalkkifillerin lahjoitus ja Kimmo &hellip; <a href=\"https:\/\/blog.edu.turku.fi\/vedenalainenveistospolku\/yhteistyokumppanit-2\/\">Lue loppuun <span class=\"meta-nav\">&rarr;<\/span><\/a><\/p>\n","protected":false},"author":18,"featured_media":0,"parent":0,"menu_order":4,"comment_status":"closed","ping_status":"closed","template":"","meta":{"footnotes":""},"class_list":["post-43","page","type-page","status-publish","hentry"],"_links":{"self":[{"href":"https:\/\/blog.edu.turku.fi\/vedenalainenveistospolku\/wp-json\/wp\/v2\/pages\/43","targetHints":{"allow":["GET"]}}],"collection":[{"href":"https:\/\/blog.edu.turku.fi\/vedenalainenveistospolku\/wp-json\/wp\/v2\/pages"}],"about":[{"href":"https:\/\/blog.edu.turku.fi\/vedenalainenveistospolku\/wp-json\/wp\/v2\/types\/page"}],"author":[{"embeddable":true,"href":"https:\/\/blog.edu.turku.fi\/vedenalainenveistospolku\/wp-json\/wp\/v2\/users\/18"}],"replies":[{"embeddable":true,"href":"https:\/\/blog.edu.turku.fi\/vedenalainenveistospolku\/wp-json\/wp\/v2\/comments?post=43"}],"version-history":[{"count":6,"href":"https:\/\/blog.edu.turku.fi\/vedenalainenveistospolku\/wp-json\/wp\/v2\/pages\/43\/revisions"}],"predecessor-version":[{"id":158,"href":"https:\/\/blog.edu.turku.fi\/vedenalainenveistospolku\/wp-json\/wp\/v2\/pages\/43\/revisions\/158"}],"wp:attachment":[{"href":"https:\/\/blog.edu.turku.fi\/vedenalainenveistospolku\/wp-json\/wp\/v2\/media?parent=43"}],"curies":[{"name":"wp","href":"https:\/\/api.w.org\/{rel}","templated":true}]}}