{"id":413,"date":"2016-06-16T23:07:27","date_gmt":"2016-06-16T20:07:27","guid":{"rendered":"https:\/\/blog.edu.turku.fi\/vedenalainenveistospolku\/?page_id=413"},"modified":"2016-06-16T23:23:02","modified_gmt":"2016-06-16T20:23:02","slug":"13-5-2016-2","status":"publish","type":"page","link":"https:\/\/blog.edu.turku.fi\/vedenalainenveistospolku\/seuranta-2\/13-5-2016-2\/","title":{"rendered":"13.5.2016"},"content":{"rendered":"<p>Merihistorian ja meribiologian retki Dalsk\u00e4riin 13.5.2016. S\u00e4\u00e4 oli kaunis ja aurinkoinen. Tsykin omat opiskelijat Tatu ja Pinja, jotka harrastavat laitesukellusta, poijuttivat Vedenalaisen veistospuiston patsaat. Pinnalla merilinjalaiset Jetro ja Pasi ajoivat Usva-kumivenett\u00e4mme\u00a0 ja poijut painoineen heitettiin opettajan opastuksella oikeilla kohdin sukeltajille, jotka kiinnittiv\u00e4t ne. Nyt on taas veistospuisto kaikkien l\u00f6ydett\u00e4viss\u00e4 ja sukellettavissa.<\/p>\n<p>Veistokset ovat selvinneet hyvin talvesta ja n\u00e4kyiv\u00e4t hienosti jopa pinnalle. N\u00e4kyvyys oli erinomainen noin 5-8m. Veistoksia peitt\u00e4\u00e4 jo runsas kasvillisuus niinkuin oli alunperin tarkoituskin. Niist\u00e4 on muodostumassa hienoa riuttoja meren el\u00e4ville. Merenneidon hiukset liehuivat upeasti ahdinparran peitt\u00e4min\u00e4.<\/p>\n<p>Sukeltajat toivat n\u00e4ytteit\u00e4 tutkittavaksi meribiologian ryhm\u00e4lle. Osa opiskelijoista snorklasi veistospuiston l\u00e4pi. T\u00e4ll\u00e4 kertaa Houdini teki opiskelijoihin suurimman vaikutuksen.<\/p>\n<p>Kuvat otti GoProlla merihistorian kurssin opiskelija Jussi.<\/p>\n<p>Hienoa osaamista tsykkil\u00e4iset!<\/p>\n<div id=\"attachment_386\" style=\"width: 310px\" class=\"wp-caption aligncenter\"><a href=\"https:\/\/blog.edu.turku.fi\/vedenalainenveistospolku\/files\/2015\/05\/poijutus.jpg\" rel=\"attachment wp-att-386\"><img loading=\"lazy\" decoding=\"async\" aria-describedby=\"caption-attachment-386\" class=\"wp-image-386 size-medium\" src=\"https:\/\/blog.edu.turku.fi\/vedenalainenveistospolku\/files\/2015\/05\/poijutus-300x225.jpg\" alt=\"poijutus\" width=\"300\" height=\"225\" srcset=\"https:\/\/blog.edu.turku.fi\/vedenalainenveistospolku\/files\/2015\/05\/poijutus-300x225.jpg 300w, https:\/\/blog.edu.turku.fi\/vedenalainenveistospolku\/files\/2015\/05\/poijutus-1024x768.jpg 1024w, https:\/\/blog.edu.turku.fi\/vedenalainenveistospolku\/files\/2015\/05\/poijutus.jpg 2048w\" sizes=\"auto, (max-width: 300px) 100vw, 300px\" \/><\/a><p id=\"caption-attachment-386\" class=\"wp-caption-text\">Tatu ja Pinja poijuttamassa<\/p><\/div>\n<div id=\"attachment_387\" style=\"width: 310px\" class=\"wp-caption aligncenter\"><a href=\"https:\/\/blog.edu.turku.fi\/vedenalainenveistospolku\/files\/2015\/05\/merikotka.jpg\" rel=\"attachment wp-att-387\"><img loading=\"lazy\" decoding=\"async\" aria-describedby=\"caption-attachment-387\" class=\"wp-image-387 size-medium\" src=\"https:\/\/blog.edu.turku.fi\/vedenalainenveistospolku\/files\/2015\/05\/merikotka-300x225.jpg\" alt=\"merikotka\" width=\"300\" height=\"225\" srcset=\"https:\/\/blog.edu.turku.fi\/vedenalainenveistospolku\/files\/2015\/05\/merikotka-300x225.jpg 300w, https:\/\/blog.edu.turku.fi\/vedenalainenveistospolku\/files\/2015\/05\/merikotka-1024x768.jpg 1024w, https:\/\/blog.edu.turku.fi\/vedenalainenveistospolku\/files\/2015\/05\/merikotka.jpg 2048w\" sizes=\"auto, (max-width: 300px) 100vw, 300px\" \/><\/a><p id=\"caption-attachment-387\" class=\"wp-caption-text\">Merikotka<\/p><\/div>\n<div id=\"attachment_388\" style=\"width: 310px\" class=\"wp-caption aligncenter\"><a href=\"https:\/\/blog.edu.turku.fi\/vedenalainenveistospolku\/files\/2015\/05\/merenneito.jpg\" rel=\"attachment wp-att-388\"><img loading=\"lazy\" decoding=\"async\" aria-describedby=\"caption-attachment-388\" class=\"wp-image-388 size-medium\" src=\"https:\/\/blog.edu.turku.fi\/vedenalainenveistospolku\/files\/2015\/05\/merenneito-300x225.jpg\" alt=\"merenneito\" width=\"300\" height=\"225\" srcset=\"https:\/\/blog.edu.turku.fi\/vedenalainenveistospolku\/files\/2015\/05\/merenneito-300x225.jpg 300w, https:\/\/blog.edu.turku.fi\/vedenalainenveistospolku\/files\/2015\/05\/merenneito-1024x768.jpg 1024w, https:\/\/blog.edu.turku.fi\/vedenalainenveistospolku\/files\/2015\/05\/merenneito.jpg 2048w\" sizes=\"auto, (max-width: 300px) 100vw, 300px\" \/><\/a><p id=\"caption-attachment-388\" class=\"wp-caption-text\">Upea merenneito liehuvine hiuksineen<\/p><\/div>\n<div id=\"attachment_389\" style=\"width: 310px\" class=\"wp-caption aligncenter\"><a href=\"https:\/\/blog.edu.turku.fi\/vedenalainenveistospolku\/files\/2015\/05\/houdini.jpg\" rel=\"attachment wp-att-389\"><img loading=\"lazy\" decoding=\"async\" aria-describedby=\"caption-attachment-389\" class=\"wp-image-389 size-medium\" src=\"https:\/\/blog.edu.turku.fi\/vedenalainenveistospolku\/files\/2015\/05\/houdini-300x225.jpg\" alt=\"houdini\" width=\"300\" height=\"225\" srcset=\"https:\/\/blog.edu.turku.fi\/vedenalainenveistospolku\/files\/2015\/05\/houdini-300x225.jpg 300w, https:\/\/blog.edu.turku.fi\/vedenalainenveistospolku\/files\/2015\/05\/houdini-1024x768.jpg 1024w, https:\/\/blog.edu.turku.fi\/vedenalainenveistospolku\/files\/2015\/05\/houdini.jpg 2048w\" sizes=\"auto, (max-width: 300px) 100vw, 300px\" \/><\/a><p id=\"caption-attachment-389\" class=\"wp-caption-text\">Houdini<\/p><\/div>\n<div id=\"attachment_417\" style=\"width: 310px\" class=\"wp-caption aligncenter\"><a href=\"https:\/\/blog.edu.turku.fi\/vedenalainenveistospolku\/files\/2016\/06\/jussi.jpg\" rel=\"attachment wp-att-417\"><img loading=\"lazy\" decoding=\"async\" aria-describedby=\"caption-attachment-417\" class=\"size-medium wp-image-417\" src=\"https:\/\/blog.edu.turku.fi\/vedenalainenveistospolku\/files\/2016\/06\/jussi-300x225.jpg\" alt=\"Kuvaaja Jussi\" width=\"300\" height=\"225\" srcset=\"https:\/\/blog.edu.turku.fi\/vedenalainenveistospolku\/files\/2016\/06\/jussi-300x225.jpg 300w, https:\/\/blog.edu.turku.fi\/vedenalainenveistospolku\/files\/2016\/06\/jussi-1024x768.jpg 1024w, https:\/\/blog.edu.turku.fi\/vedenalainenveistospolku\/files\/2016\/06\/jussi.jpg 2048w\" sizes=\"auto, (max-width: 300px) 100vw, 300px\" \/><\/a><p id=\"caption-attachment-417\" class=\"wp-caption-text\">Kuvaaja Jussi<\/p><\/div>\n","protected":false},"excerpt":{"rendered":"<p>Merihistorian ja meribiologian retki Dalsk\u00e4riin 13.5.2016. S\u00e4\u00e4 oli kaunis ja aurinkoinen. Tsykin omat opiskelijat Tatu ja Pinja, jotka harrastavat laitesukellusta, poijuttivat Vedenalaisen veistospuiston patsaat. Pinnalla merilinjalaiset Jetro ja Pasi ajoivat Usva-kumivenett\u00e4mme\u00a0 ja poijut painoineen heitettiin opettajan opastuksella oikeilla kohdin sukeltajille, &hellip; <a href=\"https:\/\/blog.edu.turku.fi\/vedenalainenveistospolku\/seuranta-2\/13-5-2016-2\/\">Lue loppuun <span class=\"meta-nav\">&rarr;<\/span><\/a><\/p>\n","protected":false},"author":18,"featured_media":0,"parent":339,"menu_order":0,"comment_status":"closed","ping_status":"closed","template":"","meta":{"footnotes":""},"class_list":["post-413","page","type-page","status-publish","hentry"],"_links":{"self":[{"href":"https:\/\/blog.edu.turku.fi\/vedenalainenveistospolku\/wp-json\/wp\/v2\/pages\/413","targetHints":{"allow":["GET"]}}],"collection":[{"href":"https:\/\/blog.edu.turku.fi\/vedenalainenveistospolku\/wp-json\/wp\/v2\/pages"}],"about":[{"href":"https:\/\/blog.edu.turku.fi\/vedenalainenveistospolku\/wp-json\/wp\/v2\/types\/page"}],"author":[{"embeddable":true,"href":"https:\/\/blog.edu.turku.fi\/vedenalainenveistospolku\/wp-json\/wp\/v2\/users\/18"}],"replies":[{"embeddable":true,"href":"https:\/\/blog.edu.turku.fi\/vedenalainenveistospolku\/wp-json\/wp\/v2\/comments?post=413"}],"version-history":[{"count":4,"href":"https:\/\/blog.edu.turku.fi\/vedenalainenveistospolku\/wp-json\/wp\/v2\/pages\/413\/revisions"}],"predecessor-version":[{"id":418,"href":"https:\/\/blog.edu.turku.fi\/vedenalainenveistospolku\/wp-json\/wp\/v2\/pages\/413\/revisions\/418"}],"up":[{"embeddable":true,"href":"https:\/\/blog.edu.turku.fi\/vedenalainenveistospolku\/wp-json\/wp\/v2\/pages\/339"}],"wp:attachment":[{"href":"https:\/\/blog.edu.turku.fi\/vedenalainenveistospolku\/wp-json\/wp\/v2\/media?parent=413"}],"curies":[{"name":"wp","href":"https:\/\/api.w.org\/{rel}","templated":true}]}}