{"id":369,"date":"2015-09-07T10:38:42","date_gmt":"2015-09-07T07:38:42","guid":{"rendered":"https:\/\/blog.edu.turku.fi\/vedenalainenveistospolku\/?page_id=369"},"modified":"2015-09-07T10:55:24","modified_gmt":"2015-09-07T07:55:24","slug":"28-8-2015","status":"publish","type":"page","link":"https:\/\/blog.edu.turku.fi\/vedenalainenveistospolku\/seuranta-2\/28-8-2015\/","title":{"rendered":"28.8.2015"},"content":{"rendered":"<p>K\u00e4vimme Dalsk\u00e4riss\u00e4 NNE-kurssin viimeisen\u00e4 p\u00e4iv\u00e4n\u00e4, purjehduksella kohti Turkua. S\/Y Lokki oli redill\u00e4 Dalsk\u00e4rin lahden it\u00e4puolella. S\u00e4\u00e4 oli puolipilvinen, l\u00e4mmin ja tuuli l\u00e4nnest\u00e4 noin 6m\/s. Teimme saarella meribiologian t\u00f6it\u00e4 ja snorklasimme veistospolun l\u00e4pi. Elias sai ikuistettua hienoja kuvia veistoksista, jotka ovat jo maisemoituneet osaksi merenpohjaa. Lajisto silm\u00e4m\u00e4\u00e4r\u00e4isesti arvioituna oli samankaltaista ja lis\u00e4ksi uusi havainto &#8211; laikkuruskolev\u00e4.<\/p>\n<div id=\"attachment_368\" style=\"width: 310px\" class=\"wp-caption aligncenter\"><a href=\"https:\/\/blog.edu.turku.fi\/vedenalainenveistospolku\/files\/2014\/05\/G0312029.jpg\"><img loading=\"lazy\" decoding=\"async\" aria-describedby=\"caption-attachment-368\" class=\"size-medium wp-image-368\" src=\"https:\/\/blog.edu.turku.fi\/vedenalainenveistospolku\/files\/2014\/05\/G0312029-300x225.jpg\" alt=\"Sinisimpukka 28.8. 2015\" width=\"300\" height=\"225\" srcset=\"https:\/\/blog.edu.turku.fi\/vedenalainenveistospolku\/files\/2014\/05\/G0312029-300x225.jpg 300w, https:\/\/blog.edu.turku.fi\/vedenalainenveistospolku\/files\/2014\/05\/G0312029-1024x768.jpg 1024w, https:\/\/blog.edu.turku.fi\/vedenalainenveistospolku\/files\/2014\/05\/G0312029-400x300.jpg 400w\" sizes=\"auto, (max-width: 300px) 100vw, 300px\" \/><\/a><p id=\"caption-attachment-368\" class=\"wp-caption-text\">Sinisimpukka 28.8. 2015<\/p><\/div>\n<div id=\"attachment_372\" style=\"width: 310px\" class=\"wp-caption aligncenter\"><a href=\"https:\/\/blog.edu.turku.fi\/vedenalainenveistospolku\/files\/2015\/09\/G0342040.jpg\"><img loading=\"lazy\" decoding=\"async\" aria-describedby=\"caption-attachment-372\" class=\"size-medium wp-image-372\" src=\"https:\/\/blog.edu.turku.fi\/vedenalainenveistospolku\/files\/2015\/09\/G0342040-300x225.jpg\" alt=\"Merenneito 28.8.2015\" width=\"300\" height=\"225\" srcset=\"https:\/\/blog.edu.turku.fi\/vedenalainenveistospolku\/files\/2015\/09\/G0342040-300x225.jpg 300w, https:\/\/blog.edu.turku.fi\/vedenalainenveistospolku\/files\/2015\/09\/G0342040-1024x768.jpg 1024w, https:\/\/blog.edu.turku.fi\/vedenalainenveistospolku\/files\/2015\/09\/G0342040-400x300.jpg 400w\" sizes=\"auto, (max-width: 300px) 100vw, 300px\" \/><\/a><p id=\"caption-attachment-372\" class=\"wp-caption-text\">Merenneito 28.8.2015<\/p><\/div>\n<div id=\"attachment_373\" style=\"width: 310px\" class=\"wp-caption aligncenter\"><a href=\"https:\/\/blog.edu.turku.fi\/vedenalainenveistospolku\/files\/2015\/09\/G0362048.jpg\"><img loading=\"lazy\" decoding=\"async\" aria-describedby=\"caption-attachment-373\" class=\"size-medium wp-image-373\" src=\"https:\/\/blog.edu.turku.fi\/vedenalainenveistospolku\/files\/2015\/09\/G0362048-300x225.jpg\" alt=\"Majakka 28.8.2015\" width=\"300\" height=\"225\" srcset=\"https:\/\/blog.edu.turku.fi\/vedenalainenveistospolku\/files\/2015\/09\/G0362048-300x225.jpg 300w, https:\/\/blog.edu.turku.fi\/vedenalainenveistospolku\/files\/2015\/09\/G0362048-1024x768.jpg 1024w, https:\/\/blog.edu.turku.fi\/vedenalainenveistospolku\/files\/2015\/09\/G0362048-400x300.jpg 400w\" sizes=\"auto, (max-width: 300px) 100vw, 300px\" \/><\/a><p id=\"caption-attachment-373\" class=\"wp-caption-text\">Majakka 28.8.2015<\/p><\/div>\n<div id=\"attachment_374\" style=\"width: 310px\" class=\"wp-caption aligncenter\"><a href=\"https:\/\/blog.edu.turku.fi\/vedenalainenveistospolku\/files\/2015\/09\/G0382056.jpg\"><img loading=\"lazy\" decoding=\"async\" aria-describedby=\"caption-attachment-374\" class=\"size-medium wp-image-374\" src=\"https:\/\/blog.edu.turku.fi\/vedenalainenveistospolku\/files\/2015\/09\/G0382056-300x225.jpg\" alt=\"Houdini 28.8.2015\" width=\"300\" height=\"225\" srcset=\"https:\/\/blog.edu.turku.fi\/vedenalainenveistospolku\/files\/2015\/09\/G0382056-300x225.jpg 300w, https:\/\/blog.edu.turku.fi\/vedenalainenveistospolku\/files\/2015\/09\/G0382056-1024x768.jpg 1024w, https:\/\/blog.edu.turku.fi\/vedenalainenveistospolku\/files\/2015\/09\/G0382056-400x300.jpg 400w\" sizes=\"auto, (max-width: 300px) 100vw, 300px\" \/><\/a><p id=\"caption-attachment-374\" class=\"wp-caption-text\">Houdini 28.8.2015<\/p><\/div>\n<div id=\"attachment_375\" style=\"width: 310px\" class=\"wp-caption aligncenter\"><a href=\"https:\/\/blog.edu.turku.fi\/vedenalainenveistospolku\/files\/2015\/09\/G0352045.jpg\"><img loading=\"lazy\" decoding=\"async\" aria-describedby=\"caption-attachment-375\" class=\"size-medium wp-image-375\" src=\"https:\/\/blog.edu.turku.fi\/vedenalainenveistospolku\/files\/2015\/09\/G0352045-300x225.jpg\" alt=\"Puu 28.8.2015\" width=\"300\" height=\"225\" srcset=\"https:\/\/blog.edu.turku.fi\/vedenalainenveistospolku\/files\/2015\/09\/G0352045-300x225.jpg 300w, https:\/\/blog.edu.turku.fi\/vedenalainenveistospolku\/files\/2015\/09\/G0352045-1024x768.jpg 1024w, https:\/\/blog.edu.turku.fi\/vedenalainenveistospolku\/files\/2015\/09\/G0352045-400x300.jpg 400w\" sizes=\"auto, (max-width: 300px) 100vw, 300px\" \/><\/a><p id=\"caption-attachment-375\" class=\"wp-caption-text\">Puu 28.8.2015<\/p><\/div>\n<div id=\"attachment_376\" style=\"width: 310px\" class=\"wp-caption aligncenter\"><a href=\"https:\/\/blog.edu.turku.fi\/vedenalainenveistospolku\/files\/2015\/09\/merikotka-28.8.jpg\"><img loading=\"lazy\" decoding=\"async\" aria-describedby=\"caption-attachment-376\" class=\"size-medium wp-image-376\" src=\"https:\/\/blog.edu.turku.fi\/vedenalainenveistospolku\/files\/2015\/09\/merikotka-28.8-300x225.jpg\" alt=\"Merikotka 28.8.2015\" width=\"300\" height=\"225\" srcset=\"https:\/\/blog.edu.turku.fi\/vedenalainenveistospolku\/files\/2015\/09\/merikotka-28.8-300x225.jpg 300w, https:\/\/blog.edu.turku.fi\/vedenalainenveistospolku\/files\/2015\/09\/merikotka-28.8-1024x768.jpg 1024w, https:\/\/blog.edu.turku.fi\/vedenalainenveistospolku\/files\/2015\/09\/merikotka-28.8-400x300.jpg 400w\" sizes=\"auto, (max-width: 300px) 100vw, 300px\" \/><\/a><p id=\"caption-attachment-376\" class=\"wp-caption-text\">Merikotka 28.8.2015<\/p><\/div>\n<div id=\"attachment_377\" style=\"width: 310px\" class=\"wp-caption aligncenter\"><a href=\"https:\/\/blog.edu.turku.fi\/vedenalainenveistospolku\/files\/2015\/09\/Elias-va-selfie.jpg\"><img loading=\"lazy\" decoding=\"async\" aria-describedby=\"caption-attachment-377\" class=\"wp-image-377 size-medium\" src=\"https:\/\/blog.edu.turku.fi\/vedenalainenveistospolku\/files\/2015\/09\/Elias-va-selfie-300x225.jpg\" alt=\"Elias va-selfie\" width=\"300\" height=\"225\" srcset=\"https:\/\/blog.edu.turku.fi\/vedenalainenveistospolku\/files\/2015\/09\/Elias-va-selfie-300x225.jpg 300w, https:\/\/blog.edu.turku.fi\/vedenalainenveistospolku\/files\/2015\/09\/Elias-va-selfie-1024x768.jpg 1024w, https:\/\/blog.edu.turku.fi\/vedenalainenveistospolku\/files\/2015\/09\/Elias-va-selfie-400x300.jpg 400w\" sizes=\"auto, (max-width: 300px) 100vw, 300px\" \/><\/a><p id=\"caption-attachment-377\" class=\"wp-caption-text\">Elias<\/p><\/div>\n","protected":false},"excerpt":{"rendered":"<p>K\u00e4vimme Dalsk\u00e4riss\u00e4 NNE-kurssin viimeisen\u00e4 p\u00e4iv\u00e4n\u00e4, purjehduksella kohti Turkua. S\/Y Lokki oli redill\u00e4 Dalsk\u00e4rin lahden it\u00e4puolella. S\u00e4\u00e4 oli puolipilvinen, l\u00e4mmin ja tuuli l\u00e4nnest\u00e4 noin 6m\/s. Teimme saarella meribiologian t\u00f6it\u00e4 ja snorklasimme veistospolun l\u00e4pi. Elias sai ikuistettua hienoja kuvia veistoksista, jotka ovat &hellip; <a href=\"https:\/\/blog.edu.turku.fi\/vedenalainenveistospolku\/seuranta-2\/28-8-2015\/\">Lue loppuun <span class=\"meta-nav\">&rarr;<\/span><\/a><\/p>\n","protected":false},"author":19,"featured_media":0,"parent":339,"menu_order":0,"comment_status":"closed","ping_status":"closed","template":"","meta":{"footnotes":""},"class_list":["post-369","page","type-page","status-publish","hentry"],"_links":{"self":[{"href":"https:\/\/blog.edu.turku.fi\/vedenalainenveistospolku\/wp-json\/wp\/v2\/pages\/369","targetHints":{"allow":["GET"]}}],"collection":[{"href":"https:\/\/blog.edu.turku.fi\/vedenalainenveistospolku\/wp-json\/wp\/v2\/pages"}],"about":[{"href":"https:\/\/blog.edu.turku.fi\/vedenalainenveistospolku\/wp-json\/wp\/v2\/types\/page"}],"author":[{"embeddable":true,"href":"https:\/\/blog.edu.turku.fi\/vedenalainenveistospolku\/wp-json\/wp\/v2\/users\/19"}],"replies":[{"embeddable":true,"href":"https:\/\/blog.edu.turku.fi\/vedenalainenveistospolku\/wp-json\/wp\/v2\/comments?post=369"}],"version-history":[{"count":3,"href":"https:\/\/blog.edu.turku.fi\/vedenalainenveistospolku\/wp-json\/wp\/v2\/pages\/369\/revisions"}],"predecessor-version":[{"id":378,"href":"https:\/\/blog.edu.turku.fi\/vedenalainenveistospolku\/wp-json\/wp\/v2\/pages\/369\/revisions\/378"}],"up":[{"embeddable":true,"href":"https:\/\/blog.edu.turku.fi\/vedenalainenveistospolku\/wp-json\/wp\/v2\/pages\/339"}],"wp:attachment":[{"href":"https:\/\/blog.edu.turku.fi\/vedenalainenveistospolku\/wp-json\/wp\/v2\/media?parent=369"}],"curies":[{"name":"wp","href":"https:\/\/api.w.org\/{rel}","templated":true}]}}