{"id":349,"date":"2015-06-03T11:37:59","date_gmt":"2015-06-03T08:37:59","guid":{"rendered":"https:\/\/blog.edu.turku.fi\/vedenalainenveistospolku\/?page_id=349"},"modified":"2015-06-03T11:37:59","modified_gmt":"2015-06-03T08:37:59","slug":"15-5-2015","status":"publish","type":"page","link":"https:\/\/blog.edu.turku.fi\/vedenalainenveistospolku\/seuranta-2\/15-5-2015\/","title":{"rendered":"15.5. 2015"},"content":{"rendered":"<p>Retki Dalsk\u00e4riin merihistorian kurssilaisten kanssa koululaiva Olgalla. S\u00e4\u00e4: puolipilvist\u00e4 (+8 astetta ja merivesi arviolta +6), tuuli 6 m\/s NW, n\u00e4kyvyys 3-4 m. Laitettiin v\u00e4liaikaiset poijut paikoilleen ja snorklattiin polku l\u00e4pi. Ensimm\u00e4isen talven j\u00e4ljilt\u00e4 veistokset ovat s\u00e4ilyneet vaurioitta (leuto talvi, ei j\u00e4\u00e4peitett\u00e4) Sinisimpukan helmi on talvis\u00e4il\u00f6ss\u00e4. Veistokset \u00a0l\u00e4hes kauttaaltaan (95%) p\u00e4\u00e4llyskasvuston peitt\u00e4mi\u00e4. Lajeja: runsaasti ylivuotista viherlev\u00e4\u00e4 ja \u00a0mahdollisesti pilviruskolev\u00e4\u00e4, merirokkoa.<\/p>\n<div id=\"attachment_358\" style=\"width: 1642px\" class=\"wp-caption alignnone\"><a href=\"https:\/\/blog.edu.turku.fi\/vedenalainenveistospolku\/files\/2015\/06\/WP_20150515_006-1.jpg\"><img loading=\"lazy\" decoding=\"async\" aria-describedby=\"caption-attachment-358\" class=\"size-full wp-image-358\" src=\"https:\/\/blog.edu.turku.fi\/vedenalainenveistospolku\/files\/2015\/06\/WP_20150515_006-1.jpg\" alt=\"Merihistorian kurssilaiset oppitunnilla 15.5. 2015\" width=\"1632\" height=\"916\" srcset=\"https:\/\/blog.edu.turku.fi\/vedenalainenveistospolku\/files\/2015\/06\/WP_20150515_006-1.jpg 1632w, https:\/\/blog.edu.turku.fi\/vedenalainenveistospolku\/files\/2015\/06\/WP_20150515_006-1-300x168.jpg 300w, https:\/\/blog.edu.turku.fi\/vedenalainenveistospolku\/files\/2015\/06\/WP_20150515_006-1-1024x575.jpg 1024w, https:\/\/blog.edu.turku.fi\/vedenalainenveistospolku\/files\/2015\/06\/WP_20150515_006-1-500x281.jpg 500w\" sizes=\"auto, (max-width: 1632px) 100vw, 1632px\" \/><\/a><p id=\"caption-attachment-358\" class=\"wp-caption-text\">Merihistorian kurssilaiset oppitunnilla 15.5. 2015<\/p><\/div>\n<div id=\"attachment_356\" style=\"width: 4042px\" class=\"wp-caption alignnone\"><a href=\"https:\/\/blog.edu.turku.fi\/vedenalainenveistospolku\/files\/2015\/06\/Sinisimpukka.jpg\"><img loading=\"lazy\" decoding=\"async\" aria-describedby=\"caption-attachment-356\" class=\"size-full wp-image-356\" src=\"https:\/\/blog.edu.turku.fi\/vedenalainenveistospolku\/files\/2015\/06\/Sinisimpukka.jpg\" alt=\"Sinisimukka 15.5. 2015\" width=\"4032\" height=\"3024\" srcset=\"https:\/\/blog.edu.turku.fi\/vedenalainenveistospolku\/files\/2015\/06\/Sinisimpukka.jpg 4032w, https:\/\/blog.edu.turku.fi\/vedenalainenveistospolku\/files\/2015\/06\/Sinisimpukka-300x225.jpg 300w, https:\/\/blog.edu.turku.fi\/vedenalainenveistospolku\/files\/2015\/06\/Sinisimpukka-1024x768.jpg 1024w, https:\/\/blog.edu.turku.fi\/vedenalainenveistospolku\/files\/2015\/06\/Sinisimpukka-400x300.jpg 400w\" sizes=\"auto, (max-width: 4032px) 100vw, 4032px\" \/><\/a><p id=\"caption-attachment-356\" class=\"wp-caption-text\">Sinisimpukka 15.5. 2015<\/p><\/div>\n<div id=\"attachment_357\" style=\"width: 4042px\" class=\"wp-caption alignnone\"><a href=\"https:\/\/blog.edu.turku.fi\/vedenalainenveistospolku\/files\/2015\/06\/Houdini-1.jpg\"><img loading=\"lazy\" decoding=\"async\" aria-describedby=\"caption-attachment-357\" class=\"size-full wp-image-357\" src=\"https:\/\/blog.edu.turku.fi\/vedenalainenveistospolku\/files\/2015\/06\/Houdini-1.jpg\" alt=\"Houdinin jalat 15.5. 2015\" width=\"4032\" height=\"3024\" srcset=\"https:\/\/blog.edu.turku.fi\/vedenalainenveistospolku\/files\/2015\/06\/Houdini-1.jpg 4032w, https:\/\/blog.edu.turku.fi\/vedenalainenveistospolku\/files\/2015\/06\/Houdini-1-300x225.jpg 300w, https:\/\/blog.edu.turku.fi\/vedenalainenveistospolku\/files\/2015\/06\/Houdini-1-1024x768.jpg 1024w, https:\/\/blog.edu.turku.fi\/vedenalainenveistospolku\/files\/2015\/06\/Houdini-1-400x300.jpg 400w\" sizes=\"auto, (max-width: 4032px) 100vw, 4032px\" \/><\/a><p id=\"caption-attachment-357\" class=\"wp-caption-text\">Houdinin jalat 15.5. 2015<\/p><\/div>\n","protected":false},"excerpt":{"rendered":"<p>Retki Dalsk\u00e4riin merihistorian kurssilaisten kanssa koululaiva Olgalla. S\u00e4\u00e4: puolipilvist\u00e4 (+8 astetta ja merivesi arviolta +6), tuuli 6 m\/s NW, n\u00e4kyvyys 3-4 m. Laitettiin v\u00e4liaikaiset poijut paikoilleen ja snorklattiin polku l\u00e4pi. Ensimm\u00e4isen talven j\u00e4ljilt\u00e4 veistokset ovat s\u00e4ilyneet vaurioitta (leuto talvi, ei &hellip; <a href=\"https:\/\/blog.edu.turku.fi\/vedenalainenveistospolku\/seuranta-2\/15-5-2015\/\">Lue loppuun <span class=\"meta-nav\">&rarr;<\/span><\/a><\/p>\n","protected":false},"author":19,"featured_media":0,"parent":339,"menu_order":0,"comment_status":"closed","ping_status":"closed","template":"","meta":{"footnotes":""},"class_list":["post-349","page","type-page","status-publish","hentry"],"_links":{"self":[{"href":"https:\/\/blog.edu.turku.fi\/vedenalainenveistospolku\/wp-json\/wp\/v2\/pages\/349","targetHints":{"allow":["GET"]}}],"collection":[{"href":"https:\/\/blog.edu.turku.fi\/vedenalainenveistospolku\/wp-json\/wp\/v2\/pages"}],"about":[{"href":"https:\/\/blog.edu.turku.fi\/vedenalainenveistospolku\/wp-json\/wp\/v2\/types\/page"}],"author":[{"embeddable":true,"href":"https:\/\/blog.edu.turku.fi\/vedenalainenveistospolku\/wp-json\/wp\/v2\/users\/19"}],"replies":[{"embeddable":true,"href":"https:\/\/blog.edu.turku.fi\/vedenalainenveistospolku\/wp-json\/wp\/v2\/comments?post=349"}],"version-history":[{"count":3,"href":"https:\/\/blog.edu.turku.fi\/vedenalainenveistospolku\/wp-json\/wp\/v2\/pages\/349\/revisions"}],"predecessor-version":[{"id":360,"href":"https:\/\/blog.edu.turku.fi\/vedenalainenveistospolku\/wp-json\/wp\/v2\/pages\/349\/revisions\/360"}],"up":[{"embeddable":true,"href":"https:\/\/blog.edu.turku.fi\/vedenalainenveistospolku\/wp-json\/wp\/v2\/pages\/339"}],"wp:attachment":[{"href":"https:\/\/blog.edu.turku.fi\/vedenalainenveistospolku\/wp-json\/wp\/v2\/media?parent=349"}],"curies":[{"name":"wp","href":"https:\/\/api.w.org\/{rel}","templated":true}]}}