{"id":319,"date":"2014-11-19T08:51:36","date_gmt":"2014-11-19T06:51:36","guid":{"rendered":"https:\/\/blog.edu.turku.fi\/vedenalainenveistospolku\/?page_id=319"},"modified":"2016-06-16T22:50:32","modified_gmt":"2016-06-16T19:50:32","slug":"vedenalainen-veistospolku-tietoa-projektista","status":"publish","type":"page","link":"https:\/\/blog.edu.turku.fi\/vedenalainenveistospolku\/","title":{"rendered":"Vedenalainen veistospolku- Tietoa projektista"},"content":{"rendered":"<p style=\"font-weight: 300;color: #373737;text-align: left\"><strong style=\"font-style: inherit\">Vedenalainen Veistospolku<\/strong><\/p>\n<p style=\"font-weight: 300;color: #373737\">Turun Suomalaisen Yhteiskoulun lukio on tehnyt yhteisty\u00f6ss\u00e4 Mets\u00e4hallituksen kanssa vedenalaisen veistospolun\u00a0Saaristomeren kansallispuistoon, Dalsk\u00e4rin saaren edustalle.<\/p>\n<p style=\"font-weight: 300;color: #373737\">Turun Suomalaisen Yhteiskoulun lukio on Turun kaupungin lukio, jossa toimii yleislukio, luonnontiedelukio, merilinja\u00a0 ja kuvataidepainotus. Lukio on\u00a0mukana It\u00e4merihaasteessa.<\/p>\n<p style=\"font-weight: 300;color: #373737\">Veistosten suunnittelusta ja valusta vastasivat Turun Suomalaisen Yhteiskoulun lukion opiskelijat, jotka ovat ty\u00f6st\u00e4neet suunnitelmia kev\u00e4\u00e4st\u00e4 2013 l\u00e4htien. Opiskelijoille veistospolun toteuttaminen on ollut kahden lukiokurssin laajuinen projekti, jossa luonnontieteet, taidekasvatus ja merihistoria nivoutuvat luontevasti yhteen ja lopputuloksena on upeita ymp\u00e4rist\u00f6taideteoksia, uusia n\u00e4k\u00f6kulmia ja ajatuksia luonnonsuojelusta. Teokset ovat kantaaottavia ja kertovat opiskelijoiden huolesta merta ja ymp\u00e4rist\u00f6n tilaa kohtaan. Veistoksissa kuvastuu ihmisen suhde meriymp\u00e4rist\u00f6\u00f6n. Ne tulevat muuttumaan huomattavasti ajan kuluessa niiden toimiessa keinotekoisina riuttoina It\u00e4meren eli\u00f6ille.<\/p>\n<p style=\"font-weight: 300;color: #373737\">Turun Suomalaisen Yhteiskoulun lukiosta mukana ovat\u00a0olleet:<\/p>\n<p style=\"font-weight: 300;color: #373737\">23 lukion opiskelijaa<\/p>\n<p style=\"font-weight: 300;color: #373737\">Santeri Anttila<br \/>\nHanna Enroth<br \/>\nKonsta Gr\u00f6nberg<br \/>\nEemil Heimo<br \/>\nEinar Helkkula<br \/>\nLari Jauhiainen<br \/>\nLauri Lehtinen<br \/>\nEnni Lehtonen<br \/>\nJerry Lehtonen<br \/>\nLauri Leimu<br \/>\nSunatda Loidee<br \/>\nSaara-Maria Muurinen<br \/>\nSesilia Niehaus<br \/>\nErika N\u00e4si<br \/>\nNiko Penttil\u00e4<br \/>\nSaana P\u00e4\u00e4kk\u00f6<br \/>\nVilma Tuppurainen<br \/>\nElla T\u00f6yryl\u00e4<br \/>\nKrista T\u00e4htinen<br \/>\nJenny Viljanen<br \/>\nAmanda Virtanen<\/p>\n<p style=\"font-weight: 300;color: #373737\">Opettajat:<\/p>\n<p style=\"font-weight: 300;color: #373737\">Christiane Ala-Nissil\u00e4, Historian ja yhteiskuntaopin lehtori, TSYKin lukio\/merilinjan koordinaattori<br \/>\nNina Brander, Biologian ja maantieteen lehtori, Turun Suomalaisen Yhteiskoulun lukio<br \/>\nMarja Haapakangas, kuvataiteen lehtori, Turun Suomalaisen Yhteiskoulun lukio<br \/>\nKatja Tauriainen, Biologian ja maantieteen lehtori, TSYKin lukio\/luonnontiedelinjan koordinaattori<\/p>\n<p style=\"font-weight: 300;color: #373737\">YHTEISTY\u00d6KUMPPANIT<\/p>\n<p style=\"font-weight: 300;color: #373737\">Miika Karttunen, kuvanveist\u00e4j\u00e4<br \/>\nJouko Moisala, sukelluksen opettaja<\/p>\n<p style=\"font-weight: 300;color: #373737\"><strong style=\"font-style: inherit\">Mets\u00e4hallitus:<\/strong><\/p>\n<p style=\"font-weight: 300;color: #373737\">Laura Lehtonen, erikoissuunnittelija, Mets\u00e4hallitus<br \/>\nKevin O`Brian, meribiologi, Mets\u00e4hallitus<br \/>\nHeidi Arponen, meribiologi, Mets\u00e4hallitus<\/p>\n","protected":false},"excerpt":{"rendered":"<p>Vedenalainen Veistospolku Turun Suomalaisen Yhteiskoulun lukio on tehnyt yhteisty\u00f6ss\u00e4 Mets\u00e4hallituksen kanssa vedenalaisen veistospolun\u00a0Saaristomeren kansallispuistoon, Dalsk\u00e4rin saaren edustalle. Turun Suomalaisen Yhteiskoulun lukio on Turun kaupungin lukio, jossa toimii yleislukio, luonnontiedelukio, merilinja\u00a0 ja kuvataidepainotus. Lukio on\u00a0mukana It\u00e4merihaasteessa. Veistosten suunnittelusta ja valusta vastasivat &hellip; <a href=\"https:\/\/blog.edu.turku.fi\/vedenalainenveistospolku\/\">Lue loppuun <span class=\"meta-nav\">&rarr;<\/span><\/a><\/p>\n","protected":false},"author":766,"featured_media":0,"parent":339,"menu_order":0,"comment_status":"closed","ping_status":"closed","template":"","meta":{"footnotes":""},"class_list":["post-319","page","type-page","status-publish","hentry"],"_links":{"self":[{"href":"https:\/\/blog.edu.turku.fi\/vedenalainenveistospolku\/wp-json\/wp\/v2\/pages\/319","targetHints":{"allow":["GET"]}}],"collection":[{"href":"https:\/\/blog.edu.turku.fi\/vedenalainenveistospolku\/wp-json\/wp\/v2\/pages"}],"about":[{"href":"https:\/\/blog.edu.turku.fi\/vedenalainenveistospolku\/wp-json\/wp\/v2\/types\/page"}],"author":[{"embeddable":true,"href":"https:\/\/blog.edu.turku.fi\/vedenalainenveistospolku\/wp-json\/wp\/v2\/users\/766"}],"replies":[{"embeddable":true,"href":"https:\/\/blog.edu.turku.fi\/vedenalainenveistospolku\/wp-json\/wp\/v2\/comments?post=319"}],"version-history":[{"count":10,"href":"https:\/\/blog.edu.turku.fi\/vedenalainenveistospolku\/wp-json\/wp\/v2\/pages\/319\/revisions"}],"predecessor-version":[{"id":404,"href":"https:\/\/blog.edu.turku.fi\/vedenalainenveistospolku\/wp-json\/wp\/v2\/pages\/319\/revisions\/404"}],"up":[{"embeddable":true,"href":"https:\/\/blog.edu.turku.fi\/vedenalainenveistospolku\/wp-json\/wp\/v2\/pages\/339"}],"wp:attachment":[{"href":"https:\/\/blog.edu.turku.fi\/vedenalainenveistospolku\/wp-json\/wp\/v2\/media?parent=319"}],"curies":[{"name":"wp","href":"https:\/\/api.w.org\/{rel}","templated":true}]}}