{"id":770,"date":"2020-11-03T15:30:30","date_gmt":"2020-11-03T13:30:30","guid":{"rendered":"https:\/\/blog.edu.turku.fi\/vasaramaki\/?page_id=770"},"modified":"2026-01-07T13:47:30","modified_gmt":"2026-01-07T11:47:30","slug":"opetussuunnitelma","status":"publish","type":"page","link":"https:\/\/blog.edu.turku.fi\/vasaramaki\/opetussuunnitelma\/","title":{"rendered":"Opetussuunnitelma"},"content":{"rendered":"<h3>Ty\u00f6t\u00e4 ja iloa &#8211; ty\u00f6n iloa!<\/h3>\n<p>Vasaram\u00e4en koulun vuosikymmeni\u00e4 vanha iskulause kuvaa hyvin sit\u00e4, mihin pyrimme yhten\u00e4iskoulumme toiminnassa. Syksyll\u00e4 2016 otettiin k\u00e4ytt\u00f6\u00f6n uusi opetussuunnitelma, jonka luvut 1 &#8211; 12 ovat voimassa kaikilla peruskoulun vuosiluokilla:<\/p>\n<p><a href=\"https:\/\/blog.edu.turku.fi\/vasaramaki\/files\/2026\/01\/Tuntijako-1-8-2026-alkaen.pdf\">Uusi tuntijako 1.8.2026 alkaen<\/a><\/p>\n<p><a href=\"https:\/\/blog.edu.turku.fi\/vasaramaki\/files\/2020\/12\/VASARAOPS2020_valmis.pdf\">Vasaram\u00e4en OPS<\/a> <em>p\u00e4ivitet\u00e4\u00e4n kev\u00e4\u00e4n 2026 aikana<\/em><\/p>\n<h4>Muutokset ja t\u00e4ydennykset<\/h4>\n<p>Opetushallitus on antanut muutosm\u00e4\u00e4r\u00e4yksen (OPH 532-2023) koskien perusopetuksen opetussuunnitelman perusteita 2014. Muutosm\u00e4\u00e4r\u00e4ys koskee poissaolojen ehk\u00e4isemist\u00e4 sek\u00e4 poissaolojen suunnitelmallista seuraamista ja niihin puuttumista.<\/p>\n<p class=\"Normal-P\"><span class=\"Normal-H\">Opetushallituksen p\u00e4\u00e4t\u00f6ksell\u00e4 opetussuunnitelman perusteita on t\u00e4ydennetty lis\u00e4\u00e4m\u00e4ll\u00e4 arviointikriteerit kuudennen vuosiluokan p\u00e4\u00e4tteeksi (OPH 172-2023).\u00a0<\/span><span class=\"Normal-H\">Uusilla 6. luokan lukuvuosiarvioinnin kriteereill\u00e4 pyrit\u00e4\u00e4n yhdenmukaistamaan ja helpottamaan opettajien arviointity\u00f6t\u00e4. Kriteereill\u00e4 voidaan avata my\u00f6s oppilaille ja huoltajille oppilaan osaamisen tasoa suhteessa vuosiluokan tavoitteisiin.<\/span><span class=\"Normal-H\">\u00a0<\/span><span class=\"Normal-H\">Uudet 6. vuosiluokan lukuvuosiarvioinnin kriteerit kuvaavat osaamisen tasoa arvosanoille 5, 7, 8 tai 9. Oppiaineiden opetuksen tavoitteista vuosiluokilla 3-6 on p\u00e4\u00e4tetty perusopetuksen opetussuunnitelman perusteissa, joiden mukaisesti paikalliset opetussuunnitelmat on laadittu. Oppiaineiden opetuksen tavoitteisiin ei ole t\u00e4ss\u00e4 kohden ole tehty muutoksia.<\/span><\/p>\n<p>1.8.2023 voimaan astuneet muutokset ovat tutustuttavissa <a href=\"https:\/\/eperusteet.opintopolku.fi\/eperusteet-ylops-service\/api\/dokumentit\/27499229\">e-perusteiden kautta.<\/a><\/p>\n<p>&nbsp;<\/p>\n<p>&nbsp;<\/p>\n<p>&nbsp;<\/p>\n<p>&nbsp;<\/p>\n<p>&nbsp;<\/p>\n","protected":false},"excerpt":{"rendered":"<p>Ty\u00f6t\u00e4 ja iloa &#8211; ty\u00f6n iloa! Vasaram\u00e4en koulun vuosikymmeni\u00e4 vanha iskulause kuvaa hyvin sit\u00e4, mihin pyrimme yhten\u00e4iskoulumme toiminnassa. Syksyll\u00e4 2016 otettiin k\u00e4ytt\u00f6\u00f6n uusi opetussuunnitelma, jonka luvut 1 &#8211; 12 ovat voimassa kaikilla peruskoulun vuosiluokilla: Uusi tuntijako 1.8.2026 alkaen Vasaram\u00e4en OPS p\u00e4ivitet\u00e4\u00e4n kev\u00e4\u00e4n 2026 aikana Muutokset ja t\u00e4ydennykset Opetushallitus on antanut muutosm\u00e4\u00e4r\u00e4yksen (OPH 532-2023) koskien perusopetuksen &hellip; <a href=\"https:\/\/blog.edu.turku.fi\/vasaramaki\/opetussuunnitelma\/\" class=\"more-link\">Jatka lukemista<span class=\"screen-reader-text\"> &#8221;Opetussuunnitelma&#8221;<\/span><\/a><\/p>\n","protected":false},"author":764,"featured_media":0,"parent":0,"menu_order":0,"comment_status":"closed","ping_status":"closed","template":"","meta":{"footnotes":""},"class_list":["post-770","page","type-page","status-publish","hentry"],"_links":{"self":[{"href":"https:\/\/blog.edu.turku.fi\/vasaramaki\/wp-json\/wp\/v2\/pages\/770","targetHints":{"allow":["GET"]}}],"collection":[{"href":"https:\/\/blog.edu.turku.fi\/vasaramaki\/wp-json\/wp\/v2\/pages"}],"about":[{"href":"https:\/\/blog.edu.turku.fi\/vasaramaki\/wp-json\/wp\/v2\/types\/page"}],"author":[{"embeddable":true,"href":"https:\/\/blog.edu.turku.fi\/vasaramaki\/wp-json\/wp\/v2\/users\/764"}],"replies":[{"embeddable":true,"href":"https:\/\/blog.edu.turku.fi\/vasaramaki\/wp-json\/wp\/v2\/comments?post=770"}],"version-history":[{"count":11,"href":"https:\/\/blog.edu.turku.fi\/vasaramaki\/wp-json\/wp\/v2\/pages\/770\/revisions"}],"predecessor-version":[{"id":1982,"href":"https:\/\/blog.edu.turku.fi\/vasaramaki\/wp-json\/wp\/v2\/pages\/770\/revisions\/1982"}],"wp:attachment":[{"href":"https:\/\/blog.edu.turku.fi\/vasaramaki\/wp-json\/wp\/v2\/media?parent=770"}],"curies":[{"name":"wp","href":"https:\/\/api.w.org\/{rel}","templated":true}]}}