{"id":753,"date":"2020-11-03T15:14:14","date_gmt":"2020-11-03T13:14:14","guid":{"rendered":"https:\/\/blog.edu.turku.fi\/vasaramaki\/?page_id=753"},"modified":"2025-08-11T10:24:40","modified_gmt":"2025-08-11T07:24:40","slug":"ajankohtaista-2","status":"publish","type":"page","link":"https:\/\/blog.edu.turku.fi\/vasaramaki\/ajankohtaista-2\/","title":{"rendered":"Ajankohtaista"},"content":{"rendered":"<p>Koulun ajankohtaisista asioista tiedotetaan Wilman kautta. Jokaiselle Vasaram\u00e4en koulun oppilaalle ja oppilaan huoltajalle luodaan omat Wilma-tunnukset.<\/p>\n<p>Noudatamme <a href=\"http:\/\/www.turku.fi\/paivahoito-ja-koulutus\/perusopetus\/koulut-ja-palvelut\/tyo-ja-loma-ajat\">Turun koulujen ty\u00f6- ja loma-aikoja<\/a>.<\/p>\n<p>Vasaram\u00e4en koulussa on yhteisty\u00f6ss\u00e4 Vaskun vanhempien kanssa laadittu erinomaiset ohjeet turvalliseen liikkumiseen koulun ymp\u00e4rist\u00f6ss\u00e4. <a href=\"https:\/\/www.vaskunvanhemmat.fi\/yleista\/ohjeet\/\">Ne l\u00f6ytyv\u00e4t vanhempainyhdistyksen kotisivuilta.<\/a><br \/>\nPyyd\u00e4mme, ett\u00e4 kaikki oppilaita kouluun tuovat vanhemmat lukevat ohjeemme ja noudattavat niit\u00e4 Vasaram\u00e4en koulun l\u00e4hiymp\u00e4rist\u00f6ss\u00e4.<\/p>\n<p>&nbsp;<\/p>\n<p>&nbsp;<\/p>\n<p>&nbsp;<\/p>\n<p>&nbsp;<\/p>\n","protected":false},"excerpt":{"rendered":"<p>Koulun ajankohtaisista asioista tiedotetaan Wilman kautta. Jokaiselle Vasaram\u00e4en koulun oppilaalle ja oppilaan huoltajalle luodaan omat Wilma-tunnukset. Noudatamme Turun koulujen ty\u00f6- ja loma-aikoja. Vasaram\u00e4en koulussa on yhteisty\u00f6ss\u00e4 Vaskun vanhempien kanssa laadittu erinomaiset ohjeet turvalliseen liikkumiseen koulun ymp\u00e4rist\u00f6ss\u00e4. Ne l\u00f6ytyv\u00e4t vanhempainyhdistyksen kotisivuilta. Pyyd\u00e4mme, ett\u00e4 kaikki oppilaita kouluun tuovat vanhemmat lukevat ohjeemme ja noudattavat niit\u00e4 Vasaram\u00e4en koulun l\u00e4hiymp\u00e4rist\u00f6ss\u00e4. &hellip; <a href=\"https:\/\/blog.edu.turku.fi\/vasaramaki\/ajankohtaista-2\/\" class=\"more-link\">Jatka lukemista<span class=\"screen-reader-text\"> &#8221;Ajankohtaista&#8221;<\/span><\/a><\/p>\n","protected":false},"author":764,"featured_media":0,"parent":0,"menu_order":0,"comment_status":"closed","ping_status":"closed","template":"","meta":{"footnotes":""},"class_list":["post-753","page","type-page","status-publish","hentry"],"_links":{"self":[{"href":"https:\/\/blog.edu.turku.fi\/vasaramaki\/wp-json\/wp\/v2\/pages\/753","targetHints":{"allow":["GET"]}}],"collection":[{"href":"https:\/\/blog.edu.turku.fi\/vasaramaki\/wp-json\/wp\/v2\/pages"}],"about":[{"href":"https:\/\/blog.edu.turku.fi\/vasaramaki\/wp-json\/wp\/v2\/types\/page"}],"author":[{"embeddable":true,"href":"https:\/\/blog.edu.turku.fi\/vasaramaki\/wp-json\/wp\/v2\/users\/764"}],"replies":[{"embeddable":true,"href":"https:\/\/blog.edu.turku.fi\/vasaramaki\/wp-json\/wp\/v2\/comments?post=753"}],"version-history":[{"count":8,"href":"https:\/\/blog.edu.turku.fi\/vasaramaki\/wp-json\/wp\/v2\/pages\/753\/revisions"}],"predecessor-version":[{"id":1904,"href":"https:\/\/blog.edu.turku.fi\/vasaramaki\/wp-json\/wp\/v2\/pages\/753\/revisions\/1904"}],"wp:attachment":[{"href":"https:\/\/blog.edu.turku.fi\/vasaramaki\/wp-json\/wp\/v2\/media?parent=753"}],"curies":[{"name":"wp","href":"https:\/\/api.w.org\/{rel}","templated":true}]}}