{"id":711,"date":"2020-11-03T13:25:00","date_gmt":"2020-11-03T11:25:00","guid":{"rendered":"https:\/\/blog.edu.turku.fi\/vasaramaki\/?page_id=711"},"modified":"2025-01-13T11:59:18","modified_gmt":"2025-01-13T09:59:18","slug":"nuorten-toimittamaa","status":"publish","type":"page","link":"https:\/\/blog.edu.turku.fi\/vasaramaki\/nuorten-toimittamaa\/","title":{"rendered":"Nuorten toimittamaa"},"content":{"rendered":"<h2>Itsen\u00e4isyysp\u00e4iv\u00e4<\/h2>\n<p><img loading=\"lazy\" decoding=\"async\" class=\"size-medium wp-image-1764 alignright\" src=\"https:\/\/blog.edu.turku.fi\/vasaramaki\/files\/2025\/01\/itsenaisyyspaiva1-300x225.jpg\" alt=\"\" width=\"300\" height=\"225\" srcset=\"https:\/\/blog.edu.turku.fi\/vasaramaki\/files\/2025\/01\/itsenaisyyspaiva1-300x225.jpg 300w, https:\/\/blog.edu.turku.fi\/vasaramaki\/files\/2025\/01\/itsenaisyyspaiva1-1024x768.jpg 1024w, https:\/\/blog.edu.turku.fi\/vasaramaki\/files\/2025\/01\/itsenaisyyspaiva1.jpg 1920w\" sizes=\"auto, (max-width: 300px) 85vw, 300px\" \/>Vasaram\u00e4en koulussa on tapana juhlia vuosittain itsen\u00e4isyysp\u00e4iv\u00e4\u00e4. Koulumme itsen\u00e4isyysp\u00e4iv\u00e4\u00e4n kuuluu\u00a0useimmiten juhla, jossa on mm. erilaisia puheita, kuten rehtorin ja oppilaiden puheet, erilaiset esitykset ja mitalien jako, jossa palkittaan urheilukisoissa menestyneit\u00e4 oppilaita. Itsen\u00e4isyysp\u00e4iv\u00e4\u00e4n kuuluu my\u00f6s vuosittaiset ysiluokkalaisten tanssiaiset, johon sis\u00e4ltyy esim. Petrin piirivalssi, Texasin ruusu ja Dancing Queen. Yhteisiin koulun tansseihin kuuluu vapaa valssi kaikille, rokki, perinteinen letkajenkka, johon osallistuu ilonmielin koko koulu. Lopuksi tanssitaan ysien valitsema biisi ja siihen keksityt liikkeet, joita oppilaat harjoittelevat liikuntatunneilla.<\/p>\n<h2><b><span data-contrast=\"auto\">Kirjamessut<\/span><\/b><span data-ccp-props=\"{}\">\u00a0<\/span><\/h2>\n<p><img loading=\"lazy\" decoding=\"async\" class=\"size-medium wp-image-1746 alignright\" src=\"https:\/\/blog.edu.turku.fi\/vasaramaki\/files\/2024\/11\/kirjamessut-284x300.jpg\" alt=\"\" width=\"284\" height=\"300\" srcset=\"https:\/\/blog.edu.turku.fi\/vasaramaki\/files\/2024\/11\/kirjamessut-284x300.jpg 284w, https:\/\/blog.edu.turku.fi\/vasaramaki\/files\/2024\/11\/kirjamessut.jpg 968w\" sizes=\"auto, (max-width: 284px) 85vw, 284px\" \/><\/p>\n<p><span data-contrast=\"auto\">Kirjamessut on koulutapahtuma, jossa en ole eksyksiss\u00e4 mist\u00e4\u00e4n asioista ja on helppo\u00a0l\u00f6yt\u00e4\u00e4 kiinnostuksenkohteitani enemm\u00e4n juuri kulttuurista kiinnostuneena nuorena. Siell\u00e4 ei ole vain kirjailijoita, vaan messuilla voi n\u00e4hd\u00e4 tubettajia, urheilijoita, laulajia ja muita julkkiksia. Vuoden teeman mukaan paikalla voi olla erityisempi\u00e4kin nimi\u00e4 ohjelmalistalla. T\u00e4m\u00e4 saa messut tuntumaan\u00a0<\/span><span data-contrast=\"auto\">uusiutuneelta joka vuosi. T\u00e4m\u00e4n vuoden teemana oli <\/span><i><span data-contrast=\"auto\">Pelin henki,<\/span><\/i><span data-contrast=\"auto\"> ja messuilla oli paljon nuorille tarjottua ohjelmaa.<\/span><span data-ccp-props=\"{}\">\u00a0<\/span><span data-ccp-props=\"{}\">\u00a0<\/span><\/p>\n<p><span data-contrast=\"auto\">P\u00e4\u00e4sin messuilla haastattelemaan kirjailija Satu Tammelaa. Kokemus opetti tosi paljon. Yleis\u00f6 oli kannustava ja haastateltava kirjailija suloinen ja ymm\u00e4rt\u00e4v\u00e4inen. Yleisesti koko haastatteluprosessi valmistautumisineen meni tosi sujuvasti muiden koulut\u00f6iden ohella.\u00a0<\/span><span data-ccp-props=\"{}\">\u00a0<\/span><\/p>\n<h2><b><span data-contrast=\"auto\">Jalkapalloturnaus<\/span><\/b><span data-ccp-props=\"{}\">\u00a0<\/span><\/h2>\n<p><img loading=\"lazy\" decoding=\"async\" class=\"alignright wp-image-1747\" src=\"https:\/\/blog.edu.turku.fi\/vasaramaki\/files\/2024\/11\/jalkapallopeli-300x225.jpg\" alt=\"\" width=\"311\" height=\"233\" srcset=\"https:\/\/blog.edu.turku.fi\/vasaramaki\/files\/2024\/11\/jalkapallopeli-300x225.jpg 300w, https:\/\/blog.edu.turku.fi\/vasaramaki\/files\/2024\/11\/jalkapallopeli.jpg 1024w\" sizes=\"auto, (max-width: 311px) 85vw, 311px\" \/><\/p>\n<p><span data-contrast=\"auto\">Vasaram\u00e4en koulun ja Normaalikoulun v\u00e4lill\u00e4 pelattiin yst\u00e4vyysottelu toukokuussa. Se oli varsin \u00e4killinen\u00a0muutos meid\u00e4n lukuj\u00e4rjestyksiimme, tai ainakin tosi suurelle osalle kouluamme. Me k\u00e4velimme luokittain l\u00e4himm\u00e4lle kent\u00e4lle ja istahdimme katsomoon. Katsomon toisella laidalla Norssin oppilaat kannustivat omiaan. Siit\u00e4 alkoi sitten kilpailu yleis\u00f6jenkin v\u00e4lill\u00e4, mihin oli yll\u00e4tt\u00e4v\u00e4n hauska liitty\u00e4 mukaan. Varsinkin pelin taukojen aikana, kun joku huusi jotain provosoidakseen toista puolta, alkoi uusi iskulauseiden huutokilpailu.<\/span><span data-ccp-props=\"{}\">\u00a0<\/span><\/p>\n<p><span data-contrast=\"auto\">Masab Abukar, yksi starapelaajista Vasaram\u00e4en tiimiss\u00e4 kertoo, kuinka mahtavalta tuntui kuulla molempien puolien kannustuksia omille tiimeilleen. \u201dVoitto tuntui todella hyv\u00e4lt\u00e4, koska pelin voittaja oli just yhden pisteen takana ja tuli hetkeksi semmoinen ep\u00e4toivo, ett\u00e4 h\u00e4vitt\u00e4isiin. Mutta siit\u00e4 huolimatta, oli mahtava tiimihenki tiimil\u00e4isteni kesken ja kilpailuhenki Norssia vastaan\u201d, h\u00e4n kertoi.<\/span><span data-ccp-props=\"{}\">\u00a0<\/span><\/p>\n<h2>Halloween<\/h2>\n<p><img loading=\"lazy\" decoding=\"async\" class=\"size-medium wp-image-801 alignright\" src=\"https:\/\/blog.edu.turku.fi\/vasaramaki\/files\/2020\/11\/Halloween-225x300.jpeg\" alt=\"\" width=\"225\" height=\"300\" srcset=\"https:\/\/blog.edu.turku.fi\/vasaramaki\/files\/2020\/11\/Halloween-225x300.jpeg 225w, https:\/\/blog.edu.turku.fi\/vasaramaki\/files\/2020\/11\/Halloween.jpeg 768w\" sizes=\"auto, (max-width: 225px) 85vw, 225px\" \/><\/p>\n<p>Koulumme paljon odotettua Halloween-discoa ei voitu t\u00e4n\u00e4 vuonna turvallisuussyist\u00e4 j\u00e4rjest\u00e4\u00e4, mutta sen sijaan Vaskun tukarit j\u00e4rjestiv\u00e4t halloween-teemaista ohjelmaa koko yl\u00e4koululle perjantaina 30. lokakuuta. P\u00e4iv\u00e4n pukukilpailussa n\u00e4htiin hienoja halloween-asuja ja lis\u00e4ksi jokainen luokka p\u00e4\u00e4si kauhuk\u00e4yt\u00e4v\u00e4\u00e4n, jossa kuljettiin kouluteemaan sopivan kauhutarinan mukana. Kaikki selvisiv\u00e4t hengiss\u00e4, vaikka eiv\u00e4t s\u00e4ik\u00e4ht\u00e4m\u00e4tt\u00e4, ja kauhuk\u00e4yt\u00e4v\u00e4 sai paljon hyv\u00e4\u00e4 palautetta.<\/p>\n<p>&nbsp;<\/p>\n<p>Tukarit toivottavat hurjaa halloweenia kaikille!<\/p>\n<p>&nbsp;<\/p>\n<p>&nbsp;<\/p>\n","protected":false},"excerpt":{"rendered":"<p>Itsen\u00e4isyysp\u00e4iv\u00e4 Vasaram\u00e4en koulussa on tapana juhlia vuosittain itsen\u00e4isyysp\u00e4iv\u00e4\u00e4. Koulumme itsen\u00e4isyysp\u00e4iv\u00e4\u00e4n kuuluu\u00a0useimmiten juhla, jossa on mm. erilaisia puheita, kuten rehtorin ja oppilaiden puheet, erilaiset esitykset ja mitalien jako, jossa palkittaan urheilukisoissa menestyneit\u00e4 oppilaita. Itsen\u00e4isyysp\u00e4iv\u00e4\u00e4n kuuluu my\u00f6s vuosittaiset ysiluokkalaisten tanssiaiset, johon sis\u00e4ltyy esim. Petrin piirivalssi, Texasin ruusu ja Dancing Queen. Yhteisiin koulun tansseihin kuuluu vapaa valssi kaikille, &hellip; <a href=\"https:\/\/blog.edu.turku.fi\/vasaramaki\/nuorten-toimittamaa\/\" class=\"more-link\">Jatka lukemista<span class=\"screen-reader-text\"> &#8221;Nuorten toimittamaa&#8221;<\/span><\/a><\/p>\n","protected":false},"author":764,"featured_media":0,"parent":0,"menu_order":0,"comment_status":"closed","ping_status":"closed","template":"","meta":{"footnotes":""},"class_list":["post-711","page","type-page","status-publish","hentry"],"_links":{"self":[{"href":"https:\/\/blog.edu.turku.fi\/vasaramaki\/wp-json\/wp\/v2\/pages\/711","targetHints":{"allow":["GET"]}}],"collection":[{"href":"https:\/\/blog.edu.turku.fi\/vasaramaki\/wp-json\/wp\/v2\/pages"}],"about":[{"href":"https:\/\/blog.edu.turku.fi\/vasaramaki\/wp-json\/wp\/v2\/types\/page"}],"author":[{"embeddable":true,"href":"https:\/\/blog.edu.turku.fi\/vasaramaki\/wp-json\/wp\/v2\/users\/764"}],"replies":[{"embeddable":true,"href":"https:\/\/blog.edu.turku.fi\/vasaramaki\/wp-json\/wp\/v2\/comments?post=711"}],"version-history":[{"count":7,"href":"https:\/\/blog.edu.turku.fi\/vasaramaki\/wp-json\/wp\/v2\/pages\/711\/revisions"}],"predecessor-version":[{"id":1766,"href":"https:\/\/blog.edu.turku.fi\/vasaramaki\/wp-json\/wp\/v2\/pages\/711\/revisions\/1766"}],"wp:attachment":[{"href":"https:\/\/blog.edu.turku.fi\/vasaramaki\/wp-json\/wp\/v2\/media?parent=711"}],"curies":[{"name":"wp","href":"https:\/\/api.w.org\/{rel}","templated":true}]}}