{"id":332,"date":"2017-02-22T12:34:27","date_gmt":"2017-02-22T10:34:27","guid":{"rendered":"https:\/\/blog.edu.turku.fi\/vasaramaki\/?page_id=332"},"modified":"2025-08-11T10:26:15","modified_gmt":"2025-08-11T07:26:15","slug":"ajankohtaista","status":"publish","type":"page","link":"https:\/\/blog.edu.turku.fi\/vasaramaki\/ajankohtaista\/","title":{"rendered":"Koulussa tapahtuu"},"content":{"rendered":"<h1>Koulun tapahtumista tiedotetaan Wilman kautta<\/h1>\n<p>Koulussamme j\u00e4rjestet\u00e4\u00e4n kouluvuoden aikana erilaisia tapahtumia, vierailuja ja teemap\u00e4ivi\u00e4. Tapahtumista tiedotetaan kohdennetusti Wilman kautta.<\/p>\n<p>T\u00e4lle sivulle on nostettu esimerkin omaisesti joitakin koulun aiempia tapahtumia.<\/p>\n<h1>Halloween<\/h1>\n<p>Tukareiden tekem\u00e4 hauska tempaus, jossa kuljettiin pime\u00e4\u00e4 rataa pitkin. Rataan oli lis\u00e4tty kauhumusiikki ja esteit\u00e4, osa tukareista pelotteli oppilaita jotka kiersiv\u00e4t rataa. Rata oli menestyksek\u00e4s ja piristi sek\u00e4 oppilaitten, ett\u00e4 tukareiden koulup\u00e4iv\u00e4\u00e4!<\/p>\n<p><img loading=\"lazy\" decoding=\"async\" class=\" wp-image-1551 alignleft\" src=\"https:\/\/blog.edu.turku.fi\/vasaramaki\/files\/2023\/11\/HAlloween-2-300x225.jpg\" alt=\"\" width=\"480\" height=\"360\" srcset=\"https:\/\/blog.edu.turku.fi\/vasaramaki\/files\/2023\/11\/HAlloween-2-300x225.jpg 300w, https:\/\/blog.edu.turku.fi\/vasaramaki\/files\/2023\/11\/HAlloween-2-1024x768.jpg 1024w, https:\/\/blog.edu.turku.fi\/vasaramaki\/files\/2023\/11\/HAlloween-2.jpg 1288w\" sizes=\"auto, (max-width: 480px) 85vw, 480px\" \/><\/p>\n<h1><img loading=\"lazy\" decoding=\"async\" class=\"size-medium wp-image-1550 alignleft\" src=\"https:\/\/blog.edu.turku.fi\/vasaramaki\/files\/2023\/11\/Halloween3-212x300.jpeg\" alt=\"\" width=\"212\" height=\"300\" srcset=\"https:\/\/blog.edu.turku.fi\/vasaramaki\/files\/2023\/11\/Halloween3-212x300.jpeg 212w, https:\/\/blog.edu.turku.fi\/vasaramaki\/files\/2023\/11\/Halloween3-723x1024.jpeg 723w, https:\/\/blog.edu.turku.fi\/vasaramaki\/files\/2023\/11\/Halloween3.jpeg 1130w\" sizes=\"auto, (max-width: 212px) 85vw, 212px\" \/><img loading=\"lazy\" decoding=\"async\" class=\"size-medium wp-image-1549 alignleft\" src=\"https:\/\/blog.edu.turku.fi\/vasaramaki\/files\/2023\/11\/halloween1-225x300.jpg\" alt=\"\" width=\"225\" height=\"300\" srcset=\"https:\/\/blog.edu.turku.fi\/vasaramaki\/files\/2023\/11\/halloween1-225x300.jpg 225w, https:\/\/blog.edu.turku.fi\/vasaramaki\/files\/2023\/11\/halloween1-768x1024.jpg 768w, https:\/\/blog.edu.turku.fi\/vasaramaki\/files\/2023\/11\/halloween1.jpg 966w\" sizes=\"auto, (max-width: 225px) 85vw, 225px\" \/><\/h1>\n<h1>Vasaranp\u00e4iv\u00e4-piknik<\/h1>\n<p>Vasaram\u00e4en koko yhten\u00e4iskoulu vietti Vasaranp\u00e4iv\u00e4\u00e4 piknikin merkeiss\u00e4. Tapahtumassa esiintyi koulun b\u00e4ndi ja saimme my\u00f6s nauttia erilaisista tanssiesityksist\u00e4.<\/p>\n<p><img loading=\"lazy\" decoding=\"async\" class=\"alignnone size-medium wp-image-1302\" src=\"https:\/\/blog.edu.turku.fi\/vasaramaki\/files\/2022\/05\/piknik-1-300x225.jpg\" alt=\"\" width=\"300\" height=\"225\" srcset=\"https:\/\/blog.edu.turku.fi\/vasaramaki\/files\/2022\/05\/piknik-1-300x225.jpg 300w, https:\/\/blog.edu.turku.fi\/vasaramaki\/files\/2022\/05\/piknik-1.jpg 1024w\" sizes=\"auto, (max-width: 300px) 85vw, 300px\" \/><img loading=\"lazy\" decoding=\"async\" class=\"alignnone size-medium wp-image-1304\" src=\"https:\/\/blog.edu.turku.fi\/vasaramaki\/files\/2022\/05\/piknik2-300x225.jpg\" alt=\"\" width=\"300\" height=\"225\" srcset=\"https:\/\/blog.edu.turku.fi\/vasaramaki\/files\/2022\/05\/piknik2-300x225.jpg 300w, https:\/\/blog.edu.turku.fi\/vasaramaki\/files\/2022\/05\/piknik2.jpg 1024w\" sizes=\"auto, (max-width: 300px) 85vw, 300px\" \/><\/p>\n<h1><strong>Shehap-terveisi\u00e4!\u00a0\u00a0\u00a0\u00a0\u00a0\u00a0\u00a0\u00a0\u00a0\u00a0\u00a0\u00a0\u00a0\u00a0\u00a0\u00a0\u00a0\u00a0\u00a0\u00a0\u00a0\u00a0\u00a0\u00a0\u00a0\u00a0\u00a0\u00a0\u00a0\u00a0\u00a0\u00a0\u00a0\u00a0\u00a0\u00a0\u00a0\u00a0\u00a0\u00a0\u00a0\u00a0\u00a0\u00a0\u00a0\u00a0\u00a0\u00a0\u00a0\u00a0\u00a0\u00a0\u00a0\u00a0\u00a0\u00a0\u00a0\u00a0\u00a0\u00a0\u00a0\u00a0\u00a0\u00a0\u00a0\u00a0\u00a0\u00a0 <\/strong><\/h1>\n<p>(Prevention of Sexual Harassment in Secondary Schools)<\/p>\n<p><img loading=\"lazy\" decoding=\"async\" class=\"alignnone size-medium wp-image-1298\" src=\"https:\/\/blog.edu.turku.fi\/vasaramaki\/files\/2022\/05\/shehab2-1-rotated-225x300.jpg\" alt=\"\" width=\"225\" height=\"300\" srcset=\"https:\/\/blog.edu.turku.fi\/vasaramaki\/files\/2022\/05\/shehab2-1-rotated-225x300.jpg 225w, https:\/\/blog.edu.turku.fi\/vasaramaki\/files\/2022\/05\/shehab2-1-rotated.jpg 462w\" sizes=\"auto, (max-width: 225px) 85vw, 225px\" \/><img loading=\"lazy\" decoding=\"async\" class=\"size-medium wp-image-1299 alignnone\" src=\"https:\/\/blog.edu.turku.fi\/vasaramaki\/files\/2022\/05\/shehab1-1-rotated-298x300.jpg\" alt=\"\" width=\"298\" height=\"300\" srcset=\"https:\/\/blog.edu.turku.fi\/vasaramaki\/files\/2022\/05\/shehab1-1-rotated-298x300.jpg 298w, https:\/\/blog.edu.turku.fi\/vasaramaki\/files\/2022\/05\/shehab1-1-rotated-150x150.jpg 150w, https:\/\/blog.edu.turku.fi\/vasaramaki\/files\/2022\/05\/shehab1-1-rotated.jpg 604w\" sizes=\"auto, (max-width: 298px) 85vw, 298px\" \/><\/p>\n<p>Turun Vasaram\u00e4enkoulu on mukana Shehap-projektissa, joka pyrkii parantamaan seksuaalista h\u00e4irint\u00e4\u00e4 koskevia oppimateriaaleja sek\u00e4 v\u00e4hent\u00e4m\u00e4\u00e4n kaiken tyyppist\u00e4 h\u00e4irint\u00e4\u00e4 lis\u00e4\u00e4m\u00e4ll\u00e4 oppilaiden ja huoltajien sek\u00e4 \u00a0koulun henkil\u00f6kunnan ja opettajien tietoutta asiasta. T\u00e4ss\u00e4 kansainv\u00e4lisess\u00e4 projektissa on mukana nelj\u00e4 maata: Suomi, Liettua, Kreikka ja Portugali. Turun ammattikorkeakoulu on hankkeen alullepanija.<\/p>\n<p>Vasaram\u00e4en yl\u00e4koulussa pidettiin monialaisia p\u00e4ivi\u00e4 23.-25.5 toukokuuta. Noin 20 oppilasta halusi osallistua Shehap-projektiin, joka toteutettiin yhteisty\u00f6ss\u00e4 Turun ammattikorkeakoulun kanssa.<\/p>\n<p>Ensimm\u00e4isen\u00e4 p\u00e4iv\u00e4n\u00e4 oppilaat tutustuivat tarkemmin aiheeseen Heli Aarnion (hoitoty\u00f6n lehtori) johdolla ja aloittivat ty\u00f6st\u00e4m\u00e4\u00e4n erilaisia oppimisteht\u00e4vi\u00e4 muille nuorille, huoltajille sek\u00e4 vanhemmille. Nuoret p\u00e4\u00e4siv\u00e4t tutustumaan my\u00f6s ammattikorkeakoulun tiloihin mm. ensihoidon ja k\u00e4til\u00f6opiskelijoiden opetusluokkiin. P\u00e4\u00e4siv\u00e4t he n\u00e4kem\u00e4\u00e4n my\u00f6s synnytyksen! Tosin nuken avulla J<\/p>\n<p>Toisena p\u00e4iv\u00e4n\u00e4 jatkettiin teht\u00e4vien tekoa. Videoita kuvattiiin ja pelej\u00e4 koodattiin. Animaatioita, kahootteja ja muita pelej\u00e4 syntyi. Meill\u00e4 on taitavia oppilaita!<\/p>\n<p>Kolmantena p\u00e4iv\u00e4n\u00e4 teht\u00e4v\u00e4t viimeisteltiin ja esiteltiin muille osallistujille. Oppilaiden tekemi\u00e4 teht\u00e4vi\u00e4 tullaan testaamaan syksyll\u00e4 Liettuassa j\u00e4rjestett\u00e4v\u00e4ll\u00e4 leirill\u00e4. Sinne l\u00e4htee opettajien mukana 10 oppilasta joka osallistujamaasta.<\/p>\n<p>Terveisin Emma ja Tiina<\/p>\n<h2><strong>Lue lis\u00e4\u00e4:<\/strong><\/h2>\n<p><a href=\"https:\/\/www.turkuamk.fi\/fi\/tutkimus-kehitys-ja-innovaatiot\/tutkimusryhmat\/mielenterveyden-edistaminen\/\">Turun AMK:n Mielenterveyden edist\u00e4minen -tutkimusryhm\u00e4<\/a><\/p>\n<p>&nbsp;<\/p>\n","protected":false},"excerpt":{"rendered":"<p>Koulun tapahtumista tiedotetaan Wilman kautta Koulussamme j\u00e4rjestet\u00e4\u00e4n kouluvuoden aikana erilaisia tapahtumia, vierailuja ja teemap\u00e4ivi\u00e4. Tapahtumista tiedotetaan kohdennetusti Wilman kautta. T\u00e4lle sivulle on nostettu esimerkin omaisesti joitakin koulun aiempia tapahtumia. Halloween Tukareiden tekem\u00e4 hauska tempaus, jossa kuljettiin pime\u00e4\u00e4 rataa pitkin. Rataan oli lis\u00e4tty kauhumusiikki ja esteit\u00e4, osa tukareista pelotteli oppilaita jotka kiersiv\u00e4t rataa. Rata oli menestyksek\u00e4s &hellip; <a href=\"https:\/\/blog.edu.turku.fi\/vasaramaki\/ajankohtaista\/\" class=\"more-link\">Jatka lukemista<span class=\"screen-reader-text\"> &#8221;Koulussa tapahtuu&#8221;<\/span><\/a><\/p>\n","protected":false},"author":177,"featured_media":0,"parent":0,"menu_order":0,"comment_status":"closed","ping_status":"closed","template":"","meta":{"footnotes":""},"class_list":["post-332","page","type-page","status-publish","hentry"],"_links":{"self":[{"href":"https:\/\/blog.edu.turku.fi\/vasaramaki\/wp-json\/wp\/v2\/pages\/332","targetHints":{"allow":["GET"]}}],"collection":[{"href":"https:\/\/blog.edu.turku.fi\/vasaramaki\/wp-json\/wp\/v2\/pages"}],"about":[{"href":"https:\/\/blog.edu.turku.fi\/vasaramaki\/wp-json\/wp\/v2\/types\/page"}],"author":[{"embeddable":true,"href":"https:\/\/blog.edu.turku.fi\/vasaramaki\/wp-json\/wp\/v2\/users\/177"}],"replies":[{"embeddable":true,"href":"https:\/\/blog.edu.turku.fi\/vasaramaki\/wp-json\/wp\/v2\/comments?post=332"}],"version-history":[{"count":86,"href":"https:\/\/blog.edu.turku.fi\/vasaramaki\/wp-json\/wp\/v2\/pages\/332\/revisions"}],"predecessor-version":[{"id":1905,"href":"https:\/\/blog.edu.turku.fi\/vasaramaki\/wp-json\/wp\/v2\/pages\/332\/revisions\/1905"}],"wp:attachment":[{"href":"https:\/\/blog.edu.turku.fi\/vasaramaki\/wp-json\/wp\/v2\/media?parent=332"}],"curies":[{"name":"wp","href":"https:\/\/api.w.org\/{rel}","templated":true}]}}