{"id":28,"date":"2016-10-24T10:28:58","date_gmt":"2016-10-24T07:28:58","guid":{"rendered":"https:\/\/blog.edu.turku.fi\/vasaramaki\/?page_id=28"},"modified":"2023-10-05T17:39:30","modified_gmt":"2023-10-05T14:39:30","slug":"liikuntalinja","status":"publish","type":"page","link":"https:\/\/blog.edu.turku.fi\/vasaramaki\/liikuntalinja\/","title":{"rendered":"Liikunta ja urheilu"},"content":{"rendered":"<p>&nbsp;<\/p>\n\n<!-- iframe plugin v.6.0 wordpress.org\/plugins\/iframe\/ -->\n<iframe loading=\"lazy\" src=\"https:\/\/dreambroker.com\/channel\/me3mgxas\/iframe\/axkwvny8\" max-width=\"100%\" width=\"640\" height=\"360\" scrolling=\"yes\" class=\"iframe-class\" frameborder=\"0\"><\/iframe>\n\n<p><strong>Alakoulun liikuntalinja<\/strong><\/p>\n<p>Alakoulun liikuntalinja on sinua varten, jos olet aktiivinen liikkuja, liikut mielell\u00e4si \u00a0monipuolisesti, haluat kokeilla eri lajeja ja olet innokas oppimaan uusia liikunnallisia taitoja. Teemme my\u00f6s yhteisty\u00f6t\u00e4 liikuntaseurojen kanssa.<\/p>\n<p>Tervetuloa Vasaram\u00e4en alakoulun liikuntalinjalle!<\/p>\n<p><strong>Yl\u00e4koulun Urheiluluokat<\/strong><\/p>\n<p>Urheiluluokkien tavoitteena on tukea urheilusta innostuneen lapsen ja nuoren kasvua terveeksi urheilijaksi, edist\u00e4\u00e4 oppilaan hyvinvointia ja koulunk\u00e4ynnin onnistumista sek\u00e4 kannustaa nuoria monipuoliseen \u00a0harjoitteluun ja liikunnalliseen el\u00e4m\u00e4ntapaan.<\/p>\n<p>Urheiluluokilla \u00a0harjoitellaan monipuolisesti liikunnallisia perustaitoja ja fyysisi\u00e4 ominaisuuksia ja luodaan n\u00e4in pohjaa lapsen ja nuoren terveelle kehitykselle ja lajikohtaiselle harjoittelulle. Urheiluluokkatoiminta \u00a0mahdollistaa liikunnan m\u00e4\u00e4r\u00e4n lis\u00e4\u00e4misen ja lajivalmennuksen yhdess\u00e4 Turun Seudun Urheiluakatemian ja seurojen kanssa.<\/p>\n<p>Vasaram\u00e4en yl\u00e4koulussa voit hakea j<strong>alkapallo-<\/strong> s<strong>alibandy-, t<\/strong><strong>anssi ja voimistelu- sek\u00e4\u00a0\u00a0y<\/strong><strong>leisvalmennuslinjalle.<\/strong><\/p>\n<p>Sek\u00e4 alakoulun liikuntalinjasta ett\u00e4 yl\u00e4koulun urheiluluokista l\u00f6yd\u00e4t lis\u00e4\u00e4 tietoa Vasaram\u00e4en koulun <a href=\"https:\/\/blog.edu.turku.fi\/vasaramaki\/files\/2016\/11\/vasaramaki-ops2016.pdf\">opetussuunnitelmasta.<\/a><\/p>\n<p>Vasaram\u00e4en yl\u00e4koulu on mukana Suomen Olympiakomitean urheiluyl\u00e4koulutoiminnassa: <a href=\"http:\/\/www.sport.fi\/huippu-urheilu\/urheiluakatemiat\/ylakoulutoiminta\">http:\/\/www.sport.fi\/huippu-urheilu\/urheiluakatemiat\/ylakoulutoiminta<\/a><\/p>\n<p>Linkin kautta voit tutustua Turun seudun urheilu- ja liikuntapainotteisten yl\u00e4koulujen esitteeseen, josta l\u00f6yd\u00e4t perustietoa yl\u00e4koulutoimintaan liittyen. Lis\u00e4tietoja ja tarkempia hakuohjeita l\u00f6yd\u00e4t yl\u00e4koulujen kotisivuilta.\u00a0 <em>Click the link below and read about sports-orientated lower secondary schools in Turku region. <\/em><a href=\"https:\/\/www.urheiluakatemia.fi\/turun-seudun-urheiluakatemia\/hakijalle\/hakeminen-perusasteelle\">https:\/\/www.urheiluakatemia.fi\/turun-seudun-urheiluakatemia\/hakijalle\/hakeminen-perusasteelle<\/a><\/p>\n<p>&nbsp;<\/p>\n<p>&nbsp;<\/p>\n","protected":false},"excerpt":{"rendered":"<p>&nbsp; Alakoulun liikuntalinja Alakoulun liikuntalinja on sinua varten, jos olet aktiivinen liikkuja, liikut mielell\u00e4si \u00a0monipuolisesti, haluat kokeilla eri lajeja ja olet innokas oppimaan uusia liikunnallisia taitoja. Teemme my\u00f6s yhteisty\u00f6t\u00e4 liikuntaseurojen kanssa. Tervetuloa Vasaram\u00e4en alakoulun liikuntalinjalle! Yl\u00e4koulun Urheiluluokat Urheiluluokkien tavoitteena on tukea urheilusta innostuneen lapsen ja nuoren kasvua terveeksi urheilijaksi, edist\u00e4\u00e4 oppilaan hyvinvointia ja koulunk\u00e4ynnin onnistumista &hellip; <a href=\"https:\/\/blog.edu.turku.fi\/vasaramaki\/liikuntalinja\/\" class=\"more-link\">Jatka lukemista<span class=\"screen-reader-text\"> &#8221;Liikunta ja urheilu&#8221;<\/span><\/a><\/p>\n","protected":false},"author":178,"featured_media":0,"parent":0,"menu_order":0,"comment_status":"closed","ping_status":"closed","template":"","meta":{"footnotes":""},"class_list":["post-28","page","type-page","status-publish","hentry"],"_links":{"self":[{"href":"https:\/\/blog.edu.turku.fi\/vasaramaki\/wp-json\/wp\/v2\/pages\/28","targetHints":{"allow":["GET"]}}],"collection":[{"href":"https:\/\/blog.edu.turku.fi\/vasaramaki\/wp-json\/wp\/v2\/pages"}],"about":[{"href":"https:\/\/blog.edu.turku.fi\/vasaramaki\/wp-json\/wp\/v2\/types\/page"}],"author":[{"embeddable":true,"href":"https:\/\/blog.edu.turku.fi\/vasaramaki\/wp-json\/wp\/v2\/users\/178"}],"replies":[{"embeddable":true,"href":"https:\/\/blog.edu.turku.fi\/vasaramaki\/wp-json\/wp\/v2\/comments?post=28"}],"version-history":[{"count":24,"href":"https:\/\/blog.edu.turku.fi\/vasaramaki\/wp-json\/wp\/v2\/pages\/28\/revisions"}],"predecessor-version":[{"id":1537,"href":"https:\/\/blog.edu.turku.fi\/vasaramaki\/wp-json\/wp\/v2\/pages\/28\/revisions\/1537"}],"wp:attachment":[{"href":"https:\/\/blog.edu.turku.fi\/vasaramaki\/wp-json\/wp\/v2\/media?parent=28"}],"curies":[{"name":"wp","href":"https:\/\/api.w.org\/{rel}","templated":true}]}}