{"id":26,"date":"2016-10-24T10:28:42","date_gmt":"2016-10-24T07:28:42","guid":{"rendered":"https:\/\/blog.edu.turku.fi\/vasaramaki\/?page_id=26"},"modified":"2025-08-11T10:27:40","modified_gmt":"2025-08-11T07:27:40","slug":"sijaiselle","status":"publish","type":"page","link":"https:\/\/blog.edu.turku.fi\/vasaramaki\/sijaiselle\/","title":{"rendered":"Sijaiselle"},"content":{"rendered":"<p>Tervetuloa t\u00f6ihin Vasaram\u00e4keen!<\/p>\n<p>T\u00e4yt\u00e4\u00a0 alla oleva lomake sijaisuutesi j\u00e4lkeen ja l\u00e4het\u00e4 s\u00e4hk\u00f6postin liitetiedostona koulusihteerille Jenni Nurmela, jenni.nurmela(at)edu.turku.fi<\/p>\n<p><a href=\"https:\/\/blog.edu.turku.fi\/vasaramaki\/files\/2025\/06\/Sijaistietolomake-ala-yla-ja-lukio.docx\">Sijaistietolomake<\/a><\/p>\n","protected":false},"excerpt":{"rendered":"<p>Tervetuloa t\u00f6ihin Vasaram\u00e4keen! T\u00e4yt\u00e4\u00a0 alla oleva lomake sijaisuutesi j\u00e4lkeen ja l\u00e4het\u00e4 s\u00e4hk\u00f6postin liitetiedostona koulusihteerille Jenni Nurmela, jenni.nurmela(at)edu.turku.fi Sijaistietolomake<\/p>\n","protected":false},"author":178,"featured_media":0,"parent":0,"menu_order":0,"comment_status":"closed","ping_status":"closed","template":"","meta":{"footnotes":""},"class_list":["post-26","page","type-page","status-publish","hentry"],"_links":{"self":[{"href":"https:\/\/blog.edu.turku.fi\/vasaramaki\/wp-json\/wp\/v2\/pages\/26","targetHints":{"allow":["GET"]}}],"collection":[{"href":"https:\/\/blog.edu.turku.fi\/vasaramaki\/wp-json\/wp\/v2\/pages"}],"about":[{"href":"https:\/\/blog.edu.turku.fi\/vasaramaki\/wp-json\/wp\/v2\/types\/page"}],"author":[{"embeddable":true,"href":"https:\/\/blog.edu.turku.fi\/vasaramaki\/wp-json\/wp\/v2\/users\/178"}],"replies":[{"embeddable":true,"href":"https:\/\/blog.edu.turku.fi\/vasaramaki\/wp-json\/wp\/v2\/comments?post=26"}],"version-history":[{"count":35,"href":"https:\/\/blog.edu.turku.fi\/vasaramaki\/wp-json\/wp\/v2\/pages\/26\/revisions"}],"predecessor-version":[{"id":1907,"href":"https:\/\/blog.edu.turku.fi\/vasaramaki\/wp-json\/wp\/v2\/pages\/26\/revisions\/1907"}],"wp:attachment":[{"href":"https:\/\/blog.edu.turku.fi\/vasaramaki\/wp-json\/wp\/v2\/media?parent=26"}],"curies":[{"name":"wp","href":"https:\/\/api.w.org\/{rel}","templated":true}]}}