{"id":1343,"date":"2022-08-29T14:50:38","date_gmt":"2022-08-29T11:50:38","guid":{"rendered":"https:\/\/blog.edu.turku.fi\/vasaramaki\/?page_id=1343"},"modified":"2025-03-07T08:10:14","modified_gmt":"2025-03-07T06:10:14","slug":"poissaolot","status":"publish","type":"page","link":"https:\/\/blog.edu.turku.fi\/vasaramaki\/poissaolot\/","title":{"rendered":"Poissaolot"},"content":{"rendered":"<h1><span style=\"font-size: 16px;font-weight: 400\">Huoltajan anoma poissaolo Wilman kautta:<\/span><\/h1>\n<div id=\"news-content\" class=\"margin-bottom\">\n<p>Huoltaja klikkaa Wilmassa <strong>Hakemukset ja p\u00e4\u00e4t\u00f6kset<\/strong> -linkki\u00e4 ja t\u00e4m\u00e4n j\u00e4lkeen linkki\u00e4 <strong>Tee uusi hakemus<\/strong>. Huoltaja valitsee joko lomakkeen <strong>Poissaoloanomus 1 &#8211; 3 p\u00e4iv\u00e4\u00e4<\/strong> tai lomakkeen<strong> Poissaoloanomus yli 3 p\u00e4iv\u00e4\u00e4<\/strong>. Toiminto ei onnistu puhelinsovelluksella, vaan sen tekemiseen tarvitaan Wilman t\u00e4ysversio.<\/p>\n<p>Hakemukset ovat samanlaisia.<strong>\u00a0Poissaoloanomus 1-3 p\u00e4iv\u00e4\u00e4<\/strong> ohjautuu automaattisesti luokanopettajalle\/luokanvalvojalle ja <strong>Poissaoloanomus yli 3 p\u00e4iv\u00e4\u00e4<\/strong> l\u00e4htee automaattisesti rehtorille\/apulaisrehtorille. Huoltajan ei siis tarvitse tiet\u00e4\u00e4 kenelle hakemus l\u00e4hetet\u00e4\u00e4n. Huoltajan tulee sopia opettajien kanssa, mit\u00e4 kouluteht\u00e4vi\u00e4 oppilas tekee poissaolon aikana.<\/p>\n<\/div>\n<p><a href=\"https:\/\/turku.inschool.fi\/\">https:\/\/turku.inschool.fi\/<\/a><\/p>\n<p>Noudatamme toiminnassamme kaupungin toimintamallia koulupoissaoloihin liittyen. Luokanopettajat ja -ohjaajat seuraavat s\u00e4\u00e4nn\u00f6llisesti oppilaiden poissaoloja. Alla olevasta linkist\u00e4 voi tutustua kaupungin poissaolomalliin tarkemmin.<\/p>\n<p><a href=\"https:\/\/www.turku.fi\/perusopetus\/koulupoissaolot\">Turun perusopetuksen toimintamalli koulupoissaoloissa<\/a><\/p>\n","protected":false},"excerpt":{"rendered":"<p>Huoltajan anoma poissaolo Wilman kautta: Huoltaja klikkaa Wilmassa Hakemukset ja p\u00e4\u00e4t\u00f6kset -linkki\u00e4 ja t\u00e4m\u00e4n j\u00e4lkeen linkki\u00e4 Tee uusi hakemus. Huoltaja valitsee joko lomakkeen Poissaoloanomus 1 &#8211; 3 p\u00e4iv\u00e4\u00e4 tai lomakkeen Poissaoloanomus yli 3 p\u00e4iv\u00e4\u00e4. Toiminto ei onnistu puhelinsovelluksella, vaan sen tekemiseen tarvitaan Wilman t\u00e4ysversio. Hakemukset ovat samanlaisia.\u00a0Poissaoloanomus 1-3 p\u00e4iv\u00e4\u00e4 ohjautuu automaattisesti luokanopettajalle\/luokanvalvojalle ja Poissaoloanomus yli &hellip; <a href=\"https:\/\/blog.edu.turku.fi\/vasaramaki\/poissaolot\/\" class=\"more-link\">Jatka lukemista<span class=\"screen-reader-text\"> &#8221;Poissaolot&#8221;<\/span><\/a><\/p>\n","protected":false},"author":764,"featured_media":0,"parent":0,"menu_order":0,"comment_status":"closed","ping_status":"closed","template":"","meta":{"footnotes":""},"class_list":["post-1343","page","type-page","status-publish","hentry"],"_links":{"self":[{"href":"https:\/\/blog.edu.turku.fi\/vasaramaki\/wp-json\/wp\/v2\/pages\/1343","targetHints":{"allow":["GET"]}}],"collection":[{"href":"https:\/\/blog.edu.turku.fi\/vasaramaki\/wp-json\/wp\/v2\/pages"}],"about":[{"href":"https:\/\/blog.edu.turku.fi\/vasaramaki\/wp-json\/wp\/v2\/types\/page"}],"author":[{"embeddable":true,"href":"https:\/\/blog.edu.turku.fi\/vasaramaki\/wp-json\/wp\/v2\/users\/764"}],"replies":[{"embeddable":true,"href":"https:\/\/blog.edu.turku.fi\/vasaramaki\/wp-json\/wp\/v2\/comments?post=1343"}],"version-history":[{"count":10,"href":"https:\/\/blog.edu.turku.fi\/vasaramaki\/wp-json\/wp\/v2\/pages\/1343\/revisions"}],"predecessor-version":[{"id":1790,"href":"https:\/\/blog.edu.turku.fi\/vasaramaki\/wp-json\/wp\/v2\/pages\/1343\/revisions\/1790"}],"wp:attachment":[{"href":"https:\/\/blog.edu.turku.fi\/vasaramaki\/wp-json\/wp\/v2\/media?parent=1343"}],"curies":[{"name":"wp","href":"https:\/\/api.w.org\/{rel}","templated":true}]}}