{"id":1072,"date":"2021-09-24T10:20:14","date_gmt":"2021-09-24T07:20:14","guid":{"rendered":"https:\/\/blog.edu.turku.fi\/vasaramaki\/?page_id=1072"},"modified":"2026-03-23T10:52:38","modified_gmt":"2026-03-23T08:52:38","slug":"valinnaisaineet","status":"publish","type":"page","link":"https:\/\/blog.edu.turku.fi\/vasaramaki\/valinnaisaineet\/","title":{"rendered":"Valinnaisaineet"},"content":{"rendered":"<h3><u><strong>VALINNAISAINEET 4.-6. LUOKILLA\u00a0<\/strong><\/u><\/h3>\n<p>Lukuvuoden 2026-2027 valinnaisaineiin p\u00e4\u00e4set tutustumaan alla olevan linkin kautta.<br \/>\nValinnaisainekorin valinta tehd\u00e4\u00e4n koulussa t\u00e4ytt\u00e4m\u00e4ll\u00e4 <strong>valintakysely opettajan johdolla 2.4.2026 menness\u00e4.\u00a0<\/strong><\/p>\n<p><a href=\"https:\/\/blog.edu.turku.fi\/vasaramaki\/files\/2026\/03\/Alakoulun-valinnaisainetarjonta-2026-2027-Vasaramaki.pdf\">Alakoulun valinnaisainetarjonta 2026-2027 Vasaram\u00e4ki<\/a><\/p>\n<p><strong><br \/>\nLIIKUNTALINJA (6.lk)<\/strong><\/p>\n<p>Opetuslautakunnan p\u00e4\u00e4t\u00f6ksen mukaisesti liikuntalinjatoiminta Vasaram\u00e4en alakoulussa p\u00e4\u00e4ttyy vaiheittain niin, ett\u00e4 uusia oppilaita ei en\u00e4\u00e4 oteta linjatoiminnan piiriin.<\/p>\n<p>Liikuntalinjatoimintaan ei en\u00e4\u00e4 oteta uusia oppilaita. Liikuntapainotteista opetusta tarjotaan valintamenettelyn kautta painotettuun opetukseen otetuille oppilaille. Alakoulun liikuntalinjalaisia on lukuvuonna 2026-2027 ainoastaan 6. luokalla. Liikuntalinjalle hakeutuessaan oppilas on valinnut koko alakoulun osalta valinnaisaineekseen liikunnan (taito- ja taideainevalinnaisuus, muu valinnainen opetus).<\/p>\n<h3><u><strong>VALINNAISAINEET 8.-9. LUOKILLA<\/strong><\/u><\/h3>\n<p><strong>Taito- ja taideaineiden<\/strong>\u00a0valinnaiset tunnit ovat osa yhteisin\u00e4 oppiaineina opetettavien taito- ja taideaineiden opetusta ja ne my\u00f6s arvioidaan osana t\u00e4t\u00e4 opetusta. Ne ovat aina<br \/>\nsyvent\u00e4vi\u00e4 opintoja.<\/p>\n<p><strong>Valinnaisena aineena\u00a0<\/strong>voidaan tarjota perusopetuksen yhteisten aineiden syvent\u00e4vi\u00e4 ja soveltavia opintoja tai useasta aineesta muodostettuja oppiainekokonaisuuksia.<\/p>\n<ul>\n<li style=\"list-style-type: none\">\n<ul>\n<li><strong>Syvent\u00e4v\u00e4t valinnaiset aineet\u00a0<\/strong>syvent\u00e4v\u00e4t ja \/ tai laajentavat yhteisten oppiaineiden tavoitteita ja sis\u00e4lt\u00f6j\u00e4.<\/li>\n<li><strong>Soveltavat valinnaiset aineet<\/strong>\u00a0voivat sis\u00e4lt\u00e4\u00e4 aineksia useasta eri oppiaineesta tai laaja-alaisesta osaamisesta.<\/li>\n<\/ul>\n<\/li>\n<\/ul>\n<h4><em>8. LUOKKAA VARTEN OPPILAAT VALITSEVAT:<\/em><\/h4>\n<p>-Kaksi ns.\u00a0<strong>pitk\u00e4\u00e4 valinnaisainetta<\/strong>, joista v\u00e4hint\u00e4\u00e4n yhden on oltava taito- ja taideaine (kotitalous, kuvataide, k\u00e4sity\u00f6, liikunta, musiikki). Valinnaisainetta opiskellaan kaksi kurssia<br \/>\nsek\u00e4 kahdeksannella ett\u00e4 yhdeks\u00e4nnell\u00e4 luokalla. Jos oppilaalla on jo ylim\u00e4\u00e4r\u00e4inen A-kieli, rajoittaa se valintaa.<\/p>\n<p>-Yhden ns.\u00a0<strong>lyhyen valinnaisaineen<\/strong>, jota opiskellaan yksi kurssi kahdeksannella luokalla.<\/p>\n<h4><em>9. LUOKALLA PITKIEN VALINNAISAINEIDEN OPISKELU JATKUU JA LIS\u00c4KSI OPPILAAT SAAVAT VALITA<\/em><em>:<\/em><\/h4>\n<p>-Yhden ns.\u00a0<strong>lyhyen valinnaisaineen<\/strong>, jota opiskellaan yksi kurssi yhdeks\u00e4nnell\u00e4 luokalla.<\/p>\n<h4>LIIKUNTALINJA (7.-9.lk)<\/h4>\n<p>8. &#8211; 9. luokkien liikuntalinjalla opiskelevien oppilaiden valinnaisen aineen tunneista on k\u00e4ytetty painotettuun liikuntaan 9 vuosiviikkotuntia. Oppilaat opiskelevat 7. &#8211; luokalla 2 vuosiviikkotuntia, 8.-luokalla 3 vuosiviikkotuntia ja 9.-luokalla 4 vuosiviikkotuntia painotettua liikuntaa.<\/p>\n<p><strong>Liikuntalinjan\u00a0oppilaat<\/strong>\u00a0voivat valita ainoastaan\u00a0<strong>yhden 2 vvt valinnaisaineen<\/strong>, jota opiskellaan kahdeksannella ja yhdeks\u00e4nnell\u00e4 luokalla.<br \/>\n<strong>Liikuntalinjan oppilas, jolla on alakoulussa alkanut A2-kieli<\/strong>,\u00a0<strong>ei voi valita mit\u00e4\u00e4n uutta valinnaisainetta<\/strong><\/p>\n<h4>A2-KIELI JA VALINNAISAINEET<\/h4>\n<p><strong>Jos sinulla on alakoulussa alkanut A2-kieli<\/strong>\u00a0(saksa tai ranska)\u00a0<strong>ja opiskelet l\u00e4hiluokalla<\/strong>,\u00a0<strong>voit valita <\/strong><strong>yhden 2 vvt taito- ja taideaineen ja\u00a0 yhden lyhyen valinnaisen kahdeksannelle luokalle ja yhden lyhyen valinnaisen yhdeks\u00e4nnelle luokalle.<\/strong><\/p>\n<h4>ARVIOINTI<\/h4>\n<p><strong>Syvent\u00e4viss\u00e4 opinnoissa<\/strong>\u00a0arviointi on osana oppiaineen arviointia eli ei anneta erillist\u00e4 arvosanaa.<\/p>\n<p>Ne\u00a0<strong>valinnaiset aineet<\/strong>, jotka muodostavat yhten\u00e4isen,\u00a0<strong>v\u00e4hint\u00e4\u00e4n 2 vvt:n<\/strong>\u00a0oppim\u00e4\u00e4r\u00e4n arvioidaan numeerisesti. Oppim\u00e4\u00e4r\u00e4lt\u00e4\u00e4n\u00a0<strong>alle 2 vvt<\/strong>\u00a0k\u00e4sitt\u00e4v\u00e4t\u00a0<strong>valinnaiset aineet<\/strong><br \/>\narvioidaan sanallisesti.<\/p>\n<p>Mik\u00e4li sanallisesti arvioitu\u00a0<strong>valinnainen aine<\/strong>\u00a0katsotaan jonkin yhteisen oppiaineen\u00a0<strong>syvent\u00e4viksi opinnoiksi<\/strong>, sen suoritus voi korottaa ko. oppiaineen arvosanaa.\u00a0<strong>Syvent\u00e4v\u00e4<br \/>\nvalinnaisaine<\/strong>\u00a0voi my\u00f6s korottaa yhteisen\u00e4 oppiaineena opetetun ja jo aikaisemmin p\u00e4\u00e4ttyneen oppiaineen arvosanaa p\u00e4\u00e4tt\u00f6todistuksessa.<\/p>\n","protected":false},"excerpt":{"rendered":"<p>VALINNAISAINEET 4.-6. LUOKILLA\u00a0 Lukuvuoden 2026-2027 valinnaisaineiin p\u00e4\u00e4set tutustumaan alla olevan linkin kautta. Valinnaisainekorin valinta tehd\u00e4\u00e4n koulussa t\u00e4ytt\u00e4m\u00e4ll\u00e4 valintakysely opettajan johdolla 2.4.2026 menness\u00e4.\u00a0 Alakoulun valinnaisainetarjonta 2026-2027 Vasaram\u00e4ki LIIKUNTALINJA (6.lk) Opetuslautakunnan p\u00e4\u00e4t\u00f6ksen mukaisesti liikuntalinjatoiminta Vasaram\u00e4en alakoulussa p\u00e4\u00e4ttyy vaiheittain niin, ett\u00e4 uusia oppilaita ei en\u00e4\u00e4 oteta linjatoiminnan piiriin. Liikuntalinjatoimintaan ei en\u00e4\u00e4 oteta uusia oppilaita. Liikuntapainotteista opetusta tarjotaan valintamenettelyn &hellip; <a href=\"https:\/\/blog.edu.turku.fi\/vasaramaki\/valinnaisaineet\/\" class=\"more-link\">Jatka lukemista<span class=\"screen-reader-text\"> &#8221;Valinnaisaineet&#8221;<\/span><\/a><\/p>\n","protected":false},"author":764,"featured_media":0,"parent":0,"menu_order":0,"comment_status":"closed","ping_status":"closed","template":"","meta":{"footnotes":""},"class_list":["post-1072","page","type-page","status-publish","hentry"],"_links":{"self":[{"href":"https:\/\/blog.edu.turku.fi\/vasaramaki\/wp-json\/wp\/v2\/pages\/1072","targetHints":{"allow":["GET"]}}],"collection":[{"href":"https:\/\/blog.edu.turku.fi\/vasaramaki\/wp-json\/wp\/v2\/pages"}],"about":[{"href":"https:\/\/blog.edu.turku.fi\/vasaramaki\/wp-json\/wp\/v2\/types\/page"}],"author":[{"embeddable":true,"href":"https:\/\/blog.edu.turku.fi\/vasaramaki\/wp-json\/wp\/v2\/users\/764"}],"replies":[{"embeddable":true,"href":"https:\/\/blog.edu.turku.fi\/vasaramaki\/wp-json\/wp\/v2\/comments?post=1072"}],"version-history":[{"count":19,"href":"https:\/\/blog.edu.turku.fi\/vasaramaki\/wp-json\/wp\/v2\/pages\/1072\/revisions"}],"predecessor-version":[{"id":2010,"href":"https:\/\/blog.edu.turku.fi\/vasaramaki\/wp-json\/wp\/v2\/pages\/1072\/revisions\/2010"}],"wp:attachment":[{"href":"https:\/\/blog.edu.turku.fi\/vasaramaki\/wp-json\/wp\/v2\/media?parent=1072"}],"curies":[{"name":"wp","href":"https:\/\/api.w.org\/{rel}","templated":true}]}}