{"id":1068,"date":"2021-09-24T10:19:04","date_gmt":"2021-09-24T07:19:04","guid":{"rendered":"https:\/\/blog.edu.turku.fi\/vasaramaki\/?page_id=1068"},"modified":"2025-08-27T13:43:54","modified_gmt":"2025-08-27T10:43:54","slug":"jarjestyssaannot","status":"publish","type":"page","link":"https:\/\/blog.edu.turku.fi\/vasaramaki\/jarjestyssaannot\/","title":{"rendered":"J\u00e4rjestyss\u00e4\u00e4nn\u00f6t (P\u00e4ivitetty 1.8.2025 )"},"content":{"rendered":"<p>Turku \u2013 Lasten ja nuorten palvelukokonaisuus<\/p>\n<p>Perusopetus<\/p>\n<p>N\u00e4m\u00e4 ovat Turun kaupungin perusopetuksen koulujen j\u00e4rjestyss\u00e4\u00e4nn\u00f6t, jotka ovat voimassa 1.8.2025 alkaen. J\u00e4rjestyss\u00e4\u00e4nn\u00f6t ohjaavat k\u00e4ytt\u00e4ytymisen arviointia. Ne ovat n\u00e4ht\u00e4viss\u00e4 koulujen kotisivuilla sek\u00e4 koulutiloissa. J\u00e4rjestyss\u00e4\u00e4nn\u00f6t k\u00e4sitell\u00e4\u00e4n oppilaiden kanssa lukuvuosittain ja niist\u00e4 tiedotetaan huoltajia. J\u00e4rjestyss\u00e4\u00e4nn\u00f6t tarkistetaan s\u00e4\u00e4nn\u00f6llisesti.<\/p>\n<p><strong>Vasaram\u00e4en koulun j\u00e4rjestyss\u00e4\u00e4nn\u00f6t\u00a0<\/strong><\/p>\n<p>S\u00e4\u00e4nn\u00f6t ovat v\u00e4ltt\u00e4m\u00e4tt\u00f6mi\u00e4 kouluyhteis\u00f6n toiminnan ja ty\u00f6rauhan s\u00e4ilymisen sek\u00e4 j\u00e4senten turvallisuuden ja viihtyvyyden vuoksi. Ty\u00f6rauha on ehdoton edellytys kouluty\u00f6n onnistumiselle. S\u00e4\u00e4nn\u00f6t totuttavat oppilaan vastuuseen ja yhteiskunnan j\u00e4senyyteen sek\u00e4 arvostavaan vuorovaikutukseen muiden ihmisten kanssa.<\/p>\n<p>Oppilaan on suoritettava teht\u00e4v\u00e4ns\u00e4 tunnollisesti ja k\u00e4ytt\u00e4ydytt\u00e4v\u00e4 asiallisesti. Oppilaan on k\u00e4ytt\u00e4ydytt\u00e4v\u00e4 muita kiusaamatta ja syrjim\u00e4tt\u00e4 sek\u00e4 toimittava siten, ettei h\u00e4n vaaranna muiden oppilaiden, kouluyhteis\u00f6n tai opiskeluymp\u00e4rist\u00f6n turvallisuutta tai terveytt\u00e4 (POL 35\u00a7).<\/p>\n<p>J\u00e4rjestyss\u00e4\u00e4nt\u00f6j\u00e4 noudatetaan aina kouluaikana, koulualueella ja kaikessa lukuvuosisuunnitelman kuvaamassa koulun toiminnassa. (POL 29\u00a7, POL 35-36\u00a7)<\/p>\n<ol>\n<li>Koko kouluyhteis\u00f6 toimii yst\u00e4v\u00e4llisesti, kannustavasti, toisiaan kunnioittaen, hyvien tapojen mukaisesti ja henkil\u00f6kunnan ohjeita noudattaen.<\/li>\n<li>Koulussa jokaisella henkil\u00f6ll\u00e4 on oikeus h\u00e4iri\u00f6tt\u00f6m\u00e4\u00e4n ty\u00f6skentelyyn. Oppilailla on oikeus oppia ja opettajilla on oikeus opettaa.<\/li>\n<li>Ep\u00e4asiallinen ja h\u00e4iritsev\u00e4 k\u00e4yt\u00f6s sek\u00e4 kiusaaminen on kielletty. Koulussa jokaisella on oikeus fyysiseen ja psyykkiseen koskemattomuuteen.<\/li>\n<li>Tupakan, s\u00e4hk\u00f6tupakan, nuuskan, p\u00e4ihteiden ja huumeiden k\u00e4ytt\u00f6 sek\u00e4 hallussapito on kielletty kouluaikana ja koulun j\u00e4rjest\u00e4miss\u00e4 tilaisuuksissa sek\u00e4 vuosisuunnitelman kuvaamassa toiminnassa.<\/li>\n<li>Toisen henkil\u00f6n vahingoittamiseen tarkoitetut tai siihen soveltuvat esineet ja aineet ja niiden hallussapito on kouluaikana kielletty\u00e4. N\u00e4it\u00e4 ei saa my\u00f6sk\u00e4\u00e4n pit\u00e4\u00e4 hallussa koulumatkalla.<\/li>\n<li>Koulu ja sen alue pidet\u00e4\u00e4n siistin\u00e4 eik\u00e4 koulun omaisuutta saa turmella. Oppilas on velvollinen kertomaan havaitsemistaan vahingoista koulun henkil\u00f6st\u00f6lle. Vahingon aiheuttaja on ilmoittautumis- ja vahingonkorvausvelvollinen.<\/li>\n<li>Koulussa on m\u00e4\u00e4ritelty v\u00e4lituntialue, jolta poistuminen koulup\u00e4iv\u00e4n aikana on kielletty. V\u00e4litunnit vietet\u00e4\u00e4n ulkona, ellei muuta erikseen sovita.<\/li>\n<li>Oppilaat eiv\u00e4t saa koulup\u00e4iv\u00e4n aikana k\u00e4ytt\u00e4\u00e4 kulkuv\u00e4lineit\u00e4, kuten polkupy\u00f6ri\u00e4, s\u00e4hk\u00f6potkulautoja tai moottoriajoneuvoja, ilman henkil\u00f6kunnan lupaa. Eri toimipisteisiin ja opetuksen j\u00e4rjest\u00e4mispaikkoihin siirryt\u00e4\u00e4n annettujen ohjeiden mukaisesti liikennes\u00e4\u00e4nt\u00f6j\u00e4 noudattaen.<\/li>\n<li>Oppilas voi olla poissa koulusta vain sairauden perusteella tai saatuaan erillisen luvan poissaoloon luokanopettajalta, luokanohjaajalta tai rehtorilta. Kesken koulup\u00e4iv\u00e4n oppilas voi poistua koulusta vain terveydenhoitajan tai opetushenkil\u00f6kuntaan kuuluvan luvalla.<\/li>\n<li>Puhelimen, kellopuhelimen ja muiden mobiililaitteiden k\u00e4ytt\u00f6 on kielletty koko koulup\u00e4iv\u00e4n ajan. Mobiililaitetta saa k\u00e4ytt\u00e4\u00e4 oppimiseen, terveydellisist\u00e4 syist\u00e4 tai oppimisen apuv\u00e4lineen\u00e4 opettajan tai rehtorin luvalla annetun ohjeistuksen mukaisesti. (POL 29 \u00a7 4 momentti)<\/li>\n<\/ol>\n<p><em>Vasaram\u00e4en koulussa mobiililaitteita s\u00e4ilytet\u00e4\u00e4n koulup\u00e4iv\u00e4n aikana repussa \u00e4\u00e4nett\u00f6m\u00e4ll\u00e4 ja v\u00e4rin\u00e4tt\u00f6m\u00e4n\u00e4.<\/em><\/p>\n<ol start=\"11\">\n<li>Rahat, arvoesineet ja oppilaan henkil\u00f6kohtainen omaisuus ovat koulussa oppilaan ja huoltajien vastuulla, eik\u00e4 koulu korvaa rahaa eik\u00e4 kadonnutta tai s\u00e4rkynytt\u00e4 omaisuutta.<\/li>\n<li>Koulun tiloissa, alueella tai koulun j\u00e4rjest\u00e4miss\u00e4 tilaisuuksissa ei kouluaikana harjoiteta osto- tai myyntitoimintaa. T\u00e4m\u00e4 rajoitus ei koske vanhempainyhdistysten tai oppilaskunnan toimintaa.<\/li>\n<\/ol>\n<p>J\u00e4rjestyss\u00e4\u00e4nt\u00f6jen rikkomisesta seuraa rangaistus perusopetuslain 36\u00a7 mukaisesti. Poliisi k\u00e4sittelee rikosasioita.<\/p>\n<p><strong>Vasaram\u00e4en koulussa noudatetaan lis\u00e4ksi seuraavia kouluty\u00f6t\u00e4 tukevia sek\u00e4 turvallisuutta ja viihtyisyytt\u00e4 edist\u00e4vi\u00e4 s\u00e4\u00e4nt\u00f6j\u00e4 ja periaatteita:<\/strong><\/p>\n<p>V\u00e4lipalamyynniss\u00e4 \u00e4lylaitetta voi k\u00e4ytt\u00e4\u00e4 maksamiseen. Maksun hoitamisen j\u00e4lkeen \u00e4lylaite laitetaan v\u00e4litt\u00f6m\u00e4sti takaisin reppuun. Koulup\u00e4iv\u00e4n aikana j\u00e4rjestyss\u00e4\u00e4nt\u00f6jen vastaisesti k\u00e4ytetty \u00e4lylaite takavarikoidaan kouluyksikk\u00f6\u00f6n. Takavarikoidun \u00e4lylaitteen voi noutaa koulup\u00e4iv\u00e4n p\u00e4\u00e4tytty\u00e4 yksik\u00f6n opettajainhuoneesta. Takavarikoinnista tehd\u00e4\u00e4n merkint\u00e4 Wilmaan. Toistuvasti takavarikoidut \u00e4lylaitteet luovutetaan vain huoltajalle.<\/p>\n<p>Luokkien 1.\u20136. oppilaat liikkuvat aina aikuisen johdolla. 7.\u20139. luokkalaiset siirtyv\u00e4t p\u00e4\u00e4s\u00e4\u00e4nt\u00f6isesti itsen\u00e4isesti liikkuen. Itsen\u00e4isten siirtymien aikana oppilaalla on velvollisuus noudattaa koulun j\u00e4rjestyss\u00e4\u00e4nt\u00f6j\u00e4. Puistokoulun\/Tenniskent\u00e4n yksik\u00f6n ja Lehmuksen yksik\u00f6n v\u00e4liset siirtym\u00e4t tulee tehd\u00e4 sovittuja kulkureittej\u00e4 (<em>Puolukkatie-Radioasemanpuisto-Lepp\u00e4tie-Rakuunatie-Lehmustie\u00a0<\/em>TAI keliolosuhteista johtuen<em>\u00a0Puolukkatie-Kirsikkatie-Lehmustie<\/em>) noudattaen. Erityist\u00e4 huomiota kiinnitet\u00e4\u00e4n alueen asukkaiden kotirauhaan. Kaupassa k\u00e4yminen on koulup\u00e4iv\u00e4n aikana kielletty.<\/p>\n<p>&nbsp;<\/p>\n<p>&nbsp;<\/p>\n<p class=\"style69\">\n","protected":false},"excerpt":{"rendered":"<p>Turku \u2013 Lasten ja nuorten palvelukokonaisuus Perusopetus N\u00e4m\u00e4 ovat Turun kaupungin perusopetuksen koulujen j\u00e4rjestyss\u00e4\u00e4nn\u00f6t, jotka ovat voimassa 1.8.2025 alkaen. J\u00e4rjestyss\u00e4\u00e4nn\u00f6t ohjaavat k\u00e4ytt\u00e4ytymisen arviointia. Ne ovat n\u00e4ht\u00e4viss\u00e4 koulujen kotisivuilla sek\u00e4 koulutiloissa. J\u00e4rjestyss\u00e4\u00e4nn\u00f6t k\u00e4sitell\u00e4\u00e4n oppilaiden kanssa lukuvuosittain ja niist\u00e4 tiedotetaan huoltajia. J\u00e4rjestyss\u00e4\u00e4nn\u00f6t tarkistetaan s\u00e4\u00e4nn\u00f6llisesti. Vasaram\u00e4en koulun j\u00e4rjestyss\u00e4\u00e4nn\u00f6t\u00a0 S\u00e4\u00e4nn\u00f6t ovat v\u00e4ltt\u00e4m\u00e4tt\u00f6mi\u00e4 kouluyhteis\u00f6n toiminnan ja ty\u00f6rauhan s\u00e4ilymisen sek\u00e4 j\u00e4senten &hellip; <a href=\"https:\/\/blog.edu.turku.fi\/vasaramaki\/jarjestyssaannot\/\" class=\"more-link\">Jatka lukemista<span class=\"screen-reader-text\"> &#8221;J\u00e4rjestyss\u00e4\u00e4nn\u00f6t (P\u00e4ivitetty 1.8.2025 )&#8221;<\/span><\/a><\/p>\n","protected":false},"author":764,"featured_media":0,"parent":0,"menu_order":0,"comment_status":"closed","ping_status":"closed","template":"","meta":{"footnotes":""},"class_list":["post-1068","page","type-page","status-publish","hentry"],"_links":{"self":[{"href":"https:\/\/blog.edu.turku.fi\/vasaramaki\/wp-json\/wp\/v2\/pages\/1068","targetHints":{"allow":["GET"]}}],"collection":[{"href":"https:\/\/blog.edu.turku.fi\/vasaramaki\/wp-json\/wp\/v2\/pages"}],"about":[{"href":"https:\/\/blog.edu.turku.fi\/vasaramaki\/wp-json\/wp\/v2\/types\/page"}],"author":[{"embeddable":true,"href":"https:\/\/blog.edu.turku.fi\/vasaramaki\/wp-json\/wp\/v2\/users\/764"}],"replies":[{"embeddable":true,"href":"https:\/\/blog.edu.turku.fi\/vasaramaki\/wp-json\/wp\/v2\/comments?post=1068"}],"version-history":[{"count":7,"href":"https:\/\/blog.edu.turku.fi\/vasaramaki\/wp-json\/wp\/v2\/pages\/1068\/revisions"}],"predecessor-version":[{"id":1914,"href":"https:\/\/blog.edu.turku.fi\/vasaramaki\/wp-json\/wp\/v2\/pages\/1068\/revisions\/1914"}],"wp:attachment":[{"href":"https:\/\/blog.edu.turku.fi\/vasaramaki\/wp-json\/wp\/v2\/media?parent=1068"}],"curies":[{"name":"wp","href":"https:\/\/api.w.org\/{rel}","templated":true}]}}