{"id":1066,"date":"2021-09-24T10:17:36","date_gmt":"2021-09-24T07:17:36","guid":{"rendered":"https:\/\/blog.edu.turku.fi\/vasaramaki\/?page_id=1066"},"modified":"2025-08-11T10:21:27","modified_gmt":"2025-08-11T07:21:27","slug":"tukea-opiskeluun","status":"publish","type":"page","link":"https:\/\/blog.edu.turku.fi\/vasaramaki\/tukea-opiskeluun\/","title":{"rendered":"Tukea opiskeluun"},"content":{"rendered":"<h1>Tukiopetus<\/h1>\n<h1>Erityisopetus<\/h1>\n<p><a href=\"https:\/\/www.turku.fi\/perusopetus\/tukea-oppimiseen\">Oppimisen ja koulunk\u00e4ynnin tuki<\/a><\/p>\n<h1>Oppilaanohjaus<\/h1>\n<p><a href=\"https:\/\/www.turku.fi\/perusopetus\/oppilaanohjaus\">Oppimisen ja koulunk\u00e4ynnin tuki<\/a><\/p>\n<h1>Oppilashuolto<\/h1>\n<p><a href=\"http:\/\/www.turku.fi\/paivahoito-ja-koulutus\/perusopetus\/oppimisen-ja-koulunkaynnin-tuki\">Oppimisen ja koulunk\u00e4ynnin tuki<\/a><\/p>\n<h1>Koulupsykologi<\/h1>\n<p><a href=\"https:\/\/www.varha.fi\/fi\/palvelut\/koulu-ja-opintopsykologipalvelut\">Koulupsykologin teht\u00e4v\u00e4t Turun opetustoimessa<\/a><\/p>\n<h1>Koulukuraattori<\/h1>\n<p><a href=\"https:\/\/www.varha.fi\/fi\/palvelut\/koulukuraattoripalvelut\">Koulukuraattorin teht\u00e4v\u00e4t Turun opetustoimessa \u00bb<\/a><\/p>\n","protected":false},"excerpt":{"rendered":"<p>Tukiopetus Erityisopetus Oppimisen ja koulunk\u00e4ynnin tuki Oppilaanohjaus Oppimisen ja koulunk\u00e4ynnin tuki Oppilashuolto Oppimisen ja koulunk\u00e4ynnin tuki Koulupsykologi Koulupsykologin teht\u00e4v\u00e4t Turun opetustoimessa Koulukuraattori Koulukuraattorin teht\u00e4v\u00e4t Turun opetustoimessa \u00bb<\/p>\n","protected":false},"author":764,"featured_media":0,"parent":0,"menu_order":0,"comment_status":"closed","ping_status":"closed","template":"","meta":{"footnotes":""},"class_list":["post-1066","page","type-page","status-publish","hentry"],"_links":{"self":[{"href":"https:\/\/blog.edu.turku.fi\/vasaramaki\/wp-json\/wp\/v2\/pages\/1066","targetHints":{"allow":["GET"]}}],"collection":[{"href":"https:\/\/blog.edu.turku.fi\/vasaramaki\/wp-json\/wp\/v2\/pages"}],"about":[{"href":"https:\/\/blog.edu.turku.fi\/vasaramaki\/wp-json\/wp\/v2\/types\/page"}],"author":[{"embeddable":true,"href":"https:\/\/blog.edu.turku.fi\/vasaramaki\/wp-json\/wp\/v2\/users\/764"}],"replies":[{"embeddable":true,"href":"https:\/\/blog.edu.turku.fi\/vasaramaki\/wp-json\/wp\/v2\/comments?post=1066"}],"version-history":[{"count":6,"href":"https:\/\/blog.edu.turku.fi\/vasaramaki\/wp-json\/wp\/v2\/pages\/1066\/revisions"}],"predecessor-version":[{"id":1902,"href":"https:\/\/blog.edu.turku.fi\/vasaramaki\/wp-json\/wp\/v2\/pages\/1066\/revisions\/1902"}],"wp:attachment":[{"href":"https:\/\/blog.edu.turku.fi\/vasaramaki\/wp-json\/wp\/v2\/media?parent=1066"}],"curies":[{"name":"wp","href":"https:\/\/api.w.org\/{rel}","templated":true}]}}