{"id":1064,"date":"2021-09-24T10:17:10","date_gmt":"2021-09-24T07:17:10","guid":{"rendered":"https:\/\/blog.edu.turku.fi\/vasaramaki\/?page_id=1064"},"modified":"2025-08-11T10:17:55","modified_gmt":"2025-08-11T07:17:55","slug":"kouluterveydenhuolto","status":"publish","type":"page","link":"https:\/\/blog.edu.turku.fi\/vasaramaki\/kouluterveydenhuolto\/","title":{"rendered":"Kouluterveydenhuolto"},"content":{"rendered":"<h2><strong>Terveydenhoitaja<\/strong><\/h2>\n<p class=\"wilma\"><strong class=\"wilma\">Kouluterveydenhuolto palvelee oppilaan fyysiseen ja psyykkiseen terveyteen liittyviss\u00e4 kysymyksiss\u00e4.<\/strong><\/p>\n<p class=\"wilma\">Kouluterveydenhuollon keskeisi\u00e4 teht\u00e4vi\u00e4:<\/p>\n<ul class=\"wilma\">\n<li class=\"wilma\">m\u00e4\u00e4r\u00e4aikaiset terveystarkastukset, joissa seurataan kehityst\u00e4 sek\u00e4 ohjataan ja tuetaan koululaisia hyvinvointiin ja el\u00e4m\u00e4ntapoihin liittyviss\u00e4 asioissa.<\/li>\n<li class=\"wilma\">rokottaminen.<\/li>\n<li class=\"wilma\">terveysneuvonta.<\/li>\n<li class=\"wilma\">koulun terveydellisten olojen seuranta ja kouluyhteis\u00f6n hyvinvoinnin tukeminen.<\/li>\n<\/ul>\n<p class=\"wilma\">Jos oppilas tarvitsee erityisruokavaliota terveydellisist\u00e4 syist\u00e4, huoltajien tulee olla vuosittain yhteydess\u00e4 koulun terveydenhoitajaan.<\/p>\n<p class=\"wilma\"><strong class=\"wilma\">Ajanvarauksella:<\/strong><\/p>\n<p class=\"wilma\">Voit tulla kouluterveydenhoitajan vastaanotolle esimerkiksi keskustelemaan mielialastasi ja jaksamisestasi tai kun haluat ohjeita liittyen ravitsemukseen, nukkumiseen ym. Kouluterveydenhoitajaan voit my\u00f6s ottaa yhteytt\u00e4, kun mietit murrosi\u00e4n tuomia muutoksia, haluat puhua seksuaalisuudesta tai kun tarvitset ehk\u00e4isyneuvontaa.<\/p>\n<p class=\"wilma\">Koulul\u00e4\u00e4k\u00e4rin vastaanotoista sovitaan aina etuk\u00e4teen terveydenhoitajan kanssa.<\/p>\n<p class=\"wilma\"><strong class=\"wilma\">Ilman ajanvarausta:<\/strong><\/p>\n<ul class=\"wilma\">\n<li class=\"wilma\">koulutapaturmat<\/li>\n<\/ul>\n<p class=\"wilma\"><strong class=\"wilma\">Terveysasemalla hoidettavia asioita ovat:<\/strong><\/p>\n<ul class=\"wilma\">\n<li class=\"wilma\">vapaa-ajan tapaturmat, esim. nyrj\u00e4hdykset ja ven\u00e4hdykset<\/li>\n<li class=\"wilma\">\u00e4killiset sairastapaukset<\/li>\n<li class=\"wilma\">kivut ja s\u00e4ryt, korva- tai silm\u00e4tulehduksen ep\u00e4ily, ihottumat ja toimenpiteet<\/li>\n<li class=\"wilma\">pitk\u00e4aikaissairauksien hoito ja seuranta<\/li>\n<\/ul>\n<h2><strong>Koulul\u00e4\u00e4k\u00e4rit<\/strong><\/h2>\n<p><a href=\"https:\/\/www.varha.fi\/fi\/palvelut\/kouluterveydenhuollon-palvelut\">Kouluterveydenhuolto<\/a><\/p>\n<h1>Hammashoito<\/h1>\n<p><a href=\"https:\/\/www.varha.fi\/fi\/palvelut\/lasten-ja-nuorten-suun-terveydenhuolto\">Hammashoito<\/a><\/p>\n","protected":false},"excerpt":{"rendered":"<p>Terveydenhoitaja Kouluterveydenhuolto palvelee oppilaan fyysiseen ja psyykkiseen terveyteen liittyviss\u00e4 kysymyksiss\u00e4. Kouluterveydenhuollon keskeisi\u00e4 teht\u00e4vi\u00e4: m\u00e4\u00e4r\u00e4aikaiset terveystarkastukset, joissa seurataan kehityst\u00e4 sek\u00e4 ohjataan ja tuetaan koululaisia hyvinvointiin ja el\u00e4m\u00e4ntapoihin liittyviss\u00e4 asioissa. rokottaminen. terveysneuvonta. koulun terveydellisten olojen seuranta ja kouluyhteis\u00f6n hyvinvoinnin tukeminen. Jos oppilas tarvitsee erityisruokavaliota terveydellisist\u00e4 syist\u00e4, huoltajien tulee olla vuosittain yhteydess\u00e4 koulun terveydenhoitajaan. Ajanvarauksella: Voit tulla kouluterveydenhoitajan &hellip; <a href=\"https:\/\/blog.edu.turku.fi\/vasaramaki\/kouluterveydenhuolto\/\" class=\"more-link\">Jatka lukemista<span class=\"screen-reader-text\"> &#8221;Kouluterveydenhuolto&#8221;<\/span><\/a><\/p>\n","protected":false},"author":764,"featured_media":0,"parent":0,"menu_order":0,"comment_status":"closed","ping_status":"closed","template":"","meta":{"footnotes":""},"class_list":["post-1064","page","type-page","status-publish","hentry"],"_links":{"self":[{"href":"https:\/\/blog.edu.turku.fi\/vasaramaki\/wp-json\/wp\/v2\/pages\/1064","targetHints":{"allow":["GET"]}}],"collection":[{"href":"https:\/\/blog.edu.turku.fi\/vasaramaki\/wp-json\/wp\/v2\/pages"}],"about":[{"href":"https:\/\/blog.edu.turku.fi\/vasaramaki\/wp-json\/wp\/v2\/types\/page"}],"author":[{"embeddable":true,"href":"https:\/\/blog.edu.turku.fi\/vasaramaki\/wp-json\/wp\/v2\/users\/764"}],"replies":[{"embeddable":true,"href":"https:\/\/blog.edu.turku.fi\/vasaramaki\/wp-json\/wp\/v2\/comments?post=1064"}],"version-history":[{"count":9,"href":"https:\/\/blog.edu.turku.fi\/vasaramaki\/wp-json\/wp\/v2\/pages\/1064\/revisions"}],"predecessor-version":[{"id":1901,"href":"https:\/\/blog.edu.turku.fi\/vasaramaki\/wp-json\/wp\/v2\/pages\/1064\/revisions\/1901"}],"wp:attachment":[{"href":"https:\/\/blog.edu.turku.fi\/vasaramaki\/wp-json\/wp\/v2\/media?parent=1064"}],"curies":[{"name":"wp","href":"https:\/\/api.w.org\/{rel}","templated":true}]}}