{"id":1062,"date":"2021-09-24T10:16:49","date_gmt":"2021-09-24T07:16:49","guid":{"rendered":"https:\/\/blog.edu.turku.fi\/vasaramaki\/?page_id=1062"},"modified":"2024-09-02T15:37:17","modified_gmt":"2024-09-02T12:37:17","slug":"kodin-ja-koulun-yhteistyo","status":"publish","type":"page","link":"https:\/\/blog.edu.turku.fi\/vasaramaki\/kodin-ja-koulun-yhteistyo\/","title":{"rendered":"Kodin ja koulun yhteisty\u00f6"},"content":{"rendered":"<p><u>Vuosiluokat 1.-6<\/u><\/p>\n<p>Luokanopettaja on oman opetusryhm\u00e4ns\u00e4 ensisijainen yhteyshenkil\u00f6.<\/p>\n<p>Kodin ja koulun yhteisty\u00f6n t\u00e4rke\u00e4 ty\u00f6v\u00e4line on Wilma. Koulussa on sovittu yhdenmukaisia k\u00e4yt\u00e4nteit\u00e4 Wilman k\u00e4ytt\u00f6\u00e4 koskien. Jokaisella opettajalla on lis\u00e4ksi ty\u00f6puhelin.<\/p>\n<p>Opetussuunnitelman mukaisesti yksil\u00f6tapaamisia j\u00e4rjestet\u00e4\u00e4n s\u00e4\u00e4nn\u00f6nmukaisesti vuosiluokilla 2. ja 6. Muilla luokka-asteilla yksil\u00f6tasoisia kohtaamisia j\u00e4rjestet\u00e4\u00e4n tarveharkintaisesti.<\/p>\n<p>Oppimisen tukeen liittyv\u00e4t tapaamiset j\u00e4rjestet\u00e4\u00e4n opetussuunnitelman mukaisesti. Huoltajien osallisuus varmistetaan niin\u00a0tuen portailla liikuttaessa kuin vuosittaisissa asiakirjap\u00e4ivityksiss\u00e4.<\/p>\n<p><u>Vuosiluokat 7.-9.<\/u><\/p>\n<p>My\u00f6s 7.-9. luokilla vanhemmilla on mahdollisuus vanhempainvarttiin luokanvalvojan tai nuorta opettavan aineenopettajan kanssa. 7. luokilla vanhempainvartit ovat pakolliset.<\/p>\n<h3 class=\"vs-wilma\">Vanhempainyhdistys<\/h3>\n<p><u><strong>Vaskun Vanhemmat ry<\/strong>\u00a0on on Vasaram\u00e4en koulun vanhempainyhdistys<\/u>.<\/p>\n<p>Yhdistyksen tarkoitus on<\/p>\n<ul>\n<li style=\"list-style-type: none\">\n<ul>\n<li>edist\u00e4\u00e4 oppilaiden vanhempien ja koulun v\u00e4list\u00e4 yhteistoimintaa<\/li>\n<li>tukea koteja ja koulua niiden pyrkimyksess\u00e4 luoda lapsille hyv\u00e4 oppimis- ja kasvuymp\u00e4rist\u00f6 sek\u00e4 edist\u00e4\u00e4 heid\u00e4n tasapainoista ja monipuolista kehityst\u00e4\u00e4n<\/li>\n<li>tuoda esille vanhempien kannanottoja koulua ja kasvatusta koskevissa kysymyksiss\u00e4<\/li>\n<li>toimia oppilaiden vanhempien yhteisty\u00f6elimen\u00e4<\/li>\n<\/ul>\n<\/li>\n<\/ul>\n<p>Vanhempainyhdistys koordinoi Vaskun Pomppu -toimintaa. Lis\u00e4ksi yhdistys j\u00e4rjest\u00e4\u00e4 toimintasuunnitelmansa mukaisesti muuta toimintaa.<br \/>\nToimintansa kautta saaduilla varoilla yhdistys tukee koulua erilaisissa hankinnoissa.<\/p>\n<p>Koulun johtoryhm\u00e4n opettajaj\u00e4senet osallistuvat yhdistyksen kokouksiin. My\u00f6s rehtori ja apulaisrehtori osallistuvat kokouksiin tarpeen mukaan.<\/p>\n<p>Vaskun vanhempien yhteystiedot l\u00f6yd\u00e4t t\u00e4\u00e4lt\u00e4:\u00a0<a href=\"https:\/\/www.vaskunvanhemmat.fi\/\">https:\/\/www.vaskunvanhemmat.fi\/<\/a><\/p>\n","protected":false},"excerpt":{"rendered":"<p>Vuosiluokat 1.-6 Luokanopettaja on oman opetusryhm\u00e4ns\u00e4 ensisijainen yhteyshenkil\u00f6. Kodin ja koulun yhteisty\u00f6n t\u00e4rke\u00e4 ty\u00f6v\u00e4line on Wilma. Koulussa on sovittu yhdenmukaisia k\u00e4yt\u00e4nteit\u00e4 Wilman k\u00e4ytt\u00f6\u00e4 koskien. Jokaisella opettajalla on lis\u00e4ksi ty\u00f6puhelin. Opetussuunnitelman mukaisesti yksil\u00f6tapaamisia j\u00e4rjestet\u00e4\u00e4n s\u00e4\u00e4nn\u00f6nmukaisesti vuosiluokilla 2. ja 6. Muilla luokka-asteilla yksil\u00f6tasoisia kohtaamisia j\u00e4rjestet\u00e4\u00e4n tarveharkintaisesti. Oppimisen tukeen liittyv\u00e4t tapaamiset j\u00e4rjestet\u00e4\u00e4n opetussuunnitelman mukaisesti. Huoltajien osallisuus varmistetaan niin\u00a0tuen &hellip; <a href=\"https:\/\/blog.edu.turku.fi\/vasaramaki\/kodin-ja-koulun-yhteistyo\/\" class=\"more-link\">Jatka lukemista<span class=\"screen-reader-text\"> &#8221;Kodin ja koulun yhteisty\u00f6&#8221;<\/span><\/a><\/p>\n","protected":false},"author":764,"featured_media":0,"parent":0,"menu_order":0,"comment_status":"closed","ping_status":"closed","template":"","meta":{"footnotes":""},"class_list":["post-1062","page","type-page","status-publish","hentry"],"_links":{"self":[{"href":"https:\/\/blog.edu.turku.fi\/vasaramaki\/wp-json\/wp\/v2\/pages\/1062","targetHints":{"allow":["GET"]}}],"collection":[{"href":"https:\/\/blog.edu.turku.fi\/vasaramaki\/wp-json\/wp\/v2\/pages"}],"about":[{"href":"https:\/\/blog.edu.turku.fi\/vasaramaki\/wp-json\/wp\/v2\/types\/page"}],"author":[{"embeddable":true,"href":"https:\/\/blog.edu.turku.fi\/vasaramaki\/wp-json\/wp\/v2\/users\/764"}],"replies":[{"embeddable":true,"href":"https:\/\/blog.edu.turku.fi\/vasaramaki\/wp-json\/wp\/v2\/comments?post=1062"}],"version-history":[{"count":6,"href":"https:\/\/blog.edu.turku.fi\/vasaramaki\/wp-json\/wp\/v2\/pages\/1062\/revisions"}],"predecessor-version":[{"id":1692,"href":"https:\/\/blog.edu.turku.fi\/vasaramaki\/wp-json\/wp\/v2\/pages\/1062\/revisions\/1692"}],"wp:attachment":[{"href":"https:\/\/blog.edu.turku.fi\/vasaramaki\/wp-json\/wp\/v2\/media?parent=1062"}],"curies":[{"name":"wp","href":"https:\/\/api.w.org\/{rel}","templated":true}]}}