{"id":1048,"date":"2021-09-24T09:41:12","date_gmt":"2021-09-24T06:41:12","guid":{"rendered":"https:\/\/blog.edu.turku.fi\/vasaramaki\/?page_id=1048"},"modified":"2025-08-19T10:55:32","modified_gmt":"2025-08-19T07:55:32","slug":"muu-henkilokunta","status":"publish","type":"page","link":"https:\/\/blog.edu.turku.fi\/vasaramaki\/muu-henkilokunta\/","title":{"rendered":"Muu henkil\u00f6kunta"},"content":{"rendered":"<h2><strong>Henkil\u00f6kunta lv. 2025-26<\/strong><\/h2>\n<p><strong>Aaltonen Essi<\/strong>, koulukuraattori,<br \/>\n044 907 4668<\/p>\n<p><strong>H\u00f6german Anni<\/strong>, koulunk\u00e4ynninohjaaja (7-9lk),<br \/>\n040 350 2892<\/p>\n<p><b>Karjalainen Noora, <\/b>koulunk\u00e4ynninohjaaja (1-6lk),<\/p>\n<p><b>Karppinen Lauri, <\/b>koulunk\u00e4ynninohjaaja (1-6lk),<br \/>\n040 762 8471<\/p>\n<p><b>Kyyhkynen Annimaaria, <\/b>koulupsykologi,<br \/>\n044 901 5442<\/p>\n<p><b>Laakso Tiina, <\/b>koulunk\u00e4ynninohjaaja VALMO Lehmus,<br \/>\n044 907 4574<\/p>\n<p><b>Lonkainen Janette<\/b> koulunk\u00e4ynninohjaaja VALMO Puistokoulu,<br \/>\n044 907 5023<\/p>\n<p><strong>Nurmela Jenni<\/strong>, koulusihteeri,<br \/>\n040 183 0679<\/p>\n<p><strong>Paavilainen Katja<\/strong>, koulunk\u00e4ynninohjaaja (1-6lk),<br \/>\n040 762 7612<\/p>\n<p><strong>Rein Sini<\/strong>, terveydenhoitaja ALAKOULU, Lehmuksen yksik\u00f6ss\u00e4 ma-pe<br \/>\n044 907 3619<\/p>\n<p><strong>Valtam\u00e4ki Henna-Riikka<\/strong>, terveydenhoitaja YL\u00c4KOULU, Puistokoulun yksik\u00f6ss\u00e4 ma-pe<br \/>\n040 861 7854<\/p>\n<p>&nbsp;<\/p>\n<p><strong>Kiinteist\u00f6nhoitaja,<br \/>\n<\/strong>040 643 0550<\/p>\n<p><strong>Lehmuksen keitti\u00f6,<br \/>\n<\/strong>040 483 8065<\/p>\n<p><strong>Puistokoulun keitti\u00f6,<br \/>\n<\/strong>040 689 6116<\/p>\n<p><strong>Marttojen aamu- ja iltap\u00e4iv\u00e4kerho<\/strong> <strong><br \/>\n<\/strong>040 834 0958<\/p>\n","protected":false},"excerpt":{"rendered":"<p>Henkil\u00f6kunta lv. 2025-26 Aaltonen Essi, koulukuraattori, 044 907 4668 H\u00f6german Anni, koulunk\u00e4ynninohjaaja (7-9lk), 040 350 2892 Karjalainen Noora, koulunk\u00e4ynninohjaaja (1-6lk), Karppinen Lauri, koulunk\u00e4ynninohjaaja (1-6lk), 040 762 8471 Kyyhkynen Annimaaria, koulupsykologi, 044 901 5442 Laakso Tiina, koulunk\u00e4ynninohjaaja VALMO Lehmus, 044 907 4574 Lonkainen Janette koulunk\u00e4ynninohjaaja VALMO Puistokoulu, 044 907 5023 Nurmela Jenni, koulusihteeri, 040 183 0679 &hellip; <a href=\"https:\/\/blog.edu.turku.fi\/vasaramaki\/muu-henkilokunta\/\" class=\"more-link\">Jatka lukemista<span class=\"screen-reader-text\"> &#8221;Muu henkil\u00f6kunta&#8221;<\/span><\/a><\/p>\n","protected":false},"author":764,"featured_media":0,"parent":0,"menu_order":0,"comment_status":"closed","ping_status":"closed","template":"","meta":{"footnotes":""},"class_list":["post-1048","page","type-page","status-publish","hentry"],"_links":{"self":[{"href":"https:\/\/blog.edu.turku.fi\/vasaramaki\/wp-json\/wp\/v2\/pages\/1048","targetHints":{"allow":["GET"]}}],"collection":[{"href":"https:\/\/blog.edu.turku.fi\/vasaramaki\/wp-json\/wp\/v2\/pages"}],"about":[{"href":"https:\/\/blog.edu.turku.fi\/vasaramaki\/wp-json\/wp\/v2\/types\/page"}],"author":[{"embeddable":true,"href":"https:\/\/blog.edu.turku.fi\/vasaramaki\/wp-json\/wp\/v2\/users\/764"}],"replies":[{"embeddable":true,"href":"https:\/\/blog.edu.turku.fi\/vasaramaki\/wp-json\/wp\/v2\/comments?post=1048"}],"version-history":[{"count":53,"href":"https:\/\/blog.edu.turku.fi\/vasaramaki\/wp-json\/wp\/v2\/pages\/1048\/revisions"}],"predecessor-version":[{"id":1911,"href":"https:\/\/blog.edu.turku.fi\/vasaramaki\/wp-json\/wp\/v2\/pages\/1048\/revisions\/1911"}],"wp:attachment":[{"href":"https:\/\/blog.edu.turku.fi\/vasaramaki\/wp-json\/wp\/v2\/media?parent=1048"}],"curies":[{"name":"wp","href":"https:\/\/api.w.org\/{rel}","templated":true}]}}