{"id":1046,"date":"2021-09-24T09:41:00","date_gmt":"2021-09-24T06:41:00","guid":{"rendered":"https:\/\/blog.edu.turku.fi\/vasaramaki\/?page_id=1046"},"modified":"2026-01-26T14:38:51","modified_gmt":"2026-01-26T12:38:51","slug":"opettajat","status":"publish","type":"page","link":"https:\/\/blog.edu.turku.fi\/vasaramaki\/opettajat\/","title":{"rendered":"Opettajat"},"content":{"rendered":"<h2><strong>Opettajat lv. 2025-2026<\/strong><\/h2>\n<p><strong>Aalto Mirja,<\/strong> 8B, ruotsi ja englanti,<br \/>\n040 484 2517<\/p>\n<p><strong>Aaltonen Teemu,<\/strong> tekninen ty\u00f6,<br \/>\n044 794 9963<\/p>\n<p><strong>Aho P\u00e4ivi<\/strong>, 6A, luokanopettaja<br \/>\n044 907 5173<\/p>\n<p><strong>Ahonen Ruusu<\/strong>, suomi toisena kielen\u00e4,<br \/>\n044 907 3784<\/p>\n<p><strong>Arola Marja<\/strong>, 8A, englanti ja ruotsi,<br \/>\n040 485 8902<\/p>\n<p><del><strong>Auvinen Kirsi<\/strong>, erityisopettaja (7-9lk), <\/del>virkavapaalla<br \/>\n<del>040 183 7685<\/del><\/p>\n<p><strong>Brander Katariina<\/strong>, 7C, suomen kieli ja kirjallisuus,<br \/>\n040 7633 466<\/p>\n<p><strong>Ekman Tuija<\/strong>, erityisopetus (1.-6.lk),<br \/>\n040 572 7064<\/p>\n<p><strong>Eld Mirja,<\/strong> englanti, ruotsi ja ranska,<br \/>\n040 168 9327<\/p>\n<p><strong>Evesti Senja,<\/strong> erityisopettaja (7-9lk),<br \/>\n040 183 7685<\/p>\n<p><strong>F\u00e4lden Hannu<\/strong>, 4B, luokanopettaja,<br \/>\n040 763 8915<\/p>\n<p><strong>Gr\u00f6nroos Sari, <\/strong>rehtori,<br \/>\n050 432 3636<\/p>\n<p><strong>Haavisto Kalle,<\/strong> 7F, musiikki,<br \/>\n044 794 9987<\/p>\n<p><strong>Hankala Taneli,<\/strong> biologia ja maantieto,<br \/>\n050 433 5702<\/p>\n<p><strong>Happonen Sami,<\/strong> 4A, luokanopettaja,<br \/>\n040 624 1656<\/p>\n<p><strong>Harju Juuso, <\/strong>erityisopettaja (7-9lk),<br \/>\n044 907 4279<\/p>\n<p><strong>Helki\u00f6 Noora<\/strong>, 2A, luokanopettaja,<br \/>\n040 5717 138<\/p>\n<p><strong>Hell\u00e9n Kristiina<\/strong>, oppilaanohjaus,<br \/>\n040 630 8412<\/p>\n<p><strong>Hjort Emma, <\/strong>kotitalous,<br \/>\n044 907 4672<\/p>\n<p><strong>Huhta Jaakko<\/strong>, matematiikka ja fyke,<br \/>\n040 627 3551<\/p>\n<p><strong>Huhtala Suvi-Pauliina<\/strong>, valmistava opetus,<br \/>\n044 9073 107<\/p>\n<p><strong>Jansson Katri<\/strong>, kotitalous,<br \/>\n0400 576 589<\/p>\n<p><strong>Kauppinen Janne<\/strong>, 9D, matematiikka ja fyke,<br \/>\n040 484 1998<\/p>\n<p><del><strong>Koskinen Sanni<\/strong>, 8D, matematiikka ja fyke,\u00a0<\/del>virkavapaalla<br \/>\n<del>044 907 5183<\/del><\/p>\n<p><strong>Lakanmaa Tommi<\/strong>, 7B, liikunta ja terveystieto,<br \/>\n040 735 3212<\/p>\n<p><strong>Lindgren Marika, <\/strong>8D,\u00a0 matematiikka ja fyke,<br \/>\n044 907 5183<\/p>\n<p><strong>Lisko Ella<\/strong>, 7E, englanti ja ruotsi,<br \/>\n040 764 7386<\/p>\n<p><strong>L\u00e4ht\u00f6l\u00e4 Emmiriina,<\/strong> 2B, luokanopettaja,<br \/>\n044 907 4823<\/p>\n<p><strong>Mylly Mari<\/strong>, 7A, k\u00e4sity\u00f6 ja terveystieto,<br \/>\n040 484 2057<\/p>\n<p><strong>Nguyen Elina<\/strong>, valmistava opetus,<br \/>\n044 907 3129<\/p>\n<p><strong>Nirhamo Katri<\/strong>, 3B, luokanopettaja,<br \/>\n040 486 0978<\/p>\n<p><strong>Nyrhinen Tiina<\/strong>, uskonto ja el\u00e4m\u00e4nkatsomustieto,<br \/>\n050 411 4450<\/p>\n<p><strong>Pesonen Susanna<\/strong>, 1.lk, luokanopettaja,<br \/>\n040 641 6241<\/p>\n<p><strong>Peurla Jenni,<\/strong> 9C, suomen kieli ja kirjallisuus,<br \/>\n044 907 5134<\/p>\n<p><strong>Pyy P\u00e4ivi<\/strong>, 8E, matematiikka ja fyke,<br \/>\n040 485 8413<\/p>\n<p><strong>Quentin Kaisa<\/strong>, 8C, englanti ja ruotsi,<br \/>\n044 907 5281<\/p>\n<p><strong>Rauha Marko, <\/strong>5B, luokanopettaja,<br \/>\n040 173 9053<\/p>\n<p><strong>Remander Petri,<\/strong>\u00a0historia ja yhteiskuntaoppi,<br \/>\n040 198 3880<\/p>\n<p><strong>Rissanen Hanna<\/strong>, 9F, kuvataide,<br \/>\n050 585 5508<\/p>\n<p><strong>Saukkola Heidi<\/strong>, 3A, luokanopettaja,<br \/>\n040 763 4365<\/p>\n<p><strong>Siirtola Hanna<\/strong>, 1.lk, luokanopettaja,<br \/>\n040 7623 548<\/p>\n<p><strong>Sorjanen Jere<\/strong>, 9E, historia ja yhteiskuntaoppi,<br \/>\n040 761 3697<\/p>\n<p><strong>Stenvall Annina<\/strong>, 6B, luokanopettaja,<br \/>\n040 763 9463<\/p>\n<p><strong>Talja Jukka<\/strong>, 6C, luokanopettaja,<br \/>\n040 763 9128<\/p>\n<p><del><strong>Terho Anna<\/strong>, 4C, erityisopetus,<\/del> virkavapaalla<br \/>\n<del>044 907 5150<\/del><\/p>\n<p><strong>Tr\u00e4skelin Katariina<\/strong>, apulaisrehtori,<br \/>\n040 482 2107<\/p>\n<p><strong>Tuomarila Minna<\/strong>, 9B, matematiikka, fyke ja tvt,<br \/>\n040 484 2469<\/p>\n<p><strong>Tuominen Tytti<\/strong>, 5A , luokanopettaja,<br \/>\n040 1689 312<\/p>\n<p><strong>Vanhanen Kristiina<\/strong>, 9A, liikunta ja terveystieto,<br \/>\n041 5048 811<\/p>\n<p><strong>Vanhanen Outi<\/strong>, matematiikka ja fyke,<br \/>\n040 484 2416<\/p>\n<p><strong>Vehvil\u00e4inen Alisa<\/strong>, 2C, erityisopetus<br \/>\n040 1856843<\/p>\n<p><strong>Viitala Lauri<\/strong>, liikunta,<br \/>\n044 907 3726<\/p>\n<p><strong>Virtanen Anu,<\/strong>\u00a0suomen kieli ja kirjallisuus,<br \/>\n040 484 2514<\/p>\n<p><strong>Virtanen Johanna,<\/strong> historia ja yhteiskuntaoppi,<br \/>\n044 907 3164<\/p>\n<p><strong>Virtanen Suvi,<\/strong> luokanopettaja,<br \/>\n044 907 5643<\/p>\n<p>&nbsp;<\/p>\n<p>s\u00e4hk\u00f6postit ovat muotoa <strong>etunimi.sukunimi@edu.turku.fi<\/strong>, poikkeuksena janne.m.kauppinen(\u00e4t)edu.turku.fi<\/p>\n","protected":false},"excerpt":{"rendered":"<p>Opettajat lv. 2025-2026 Aalto Mirja, 8B, ruotsi ja englanti, 040 484 2517 Aaltonen Teemu, tekninen ty\u00f6, 044 794 9963 Aho P\u00e4ivi, 6A, luokanopettaja 044 907 5173 Ahonen Ruusu, suomi toisena kielen\u00e4, 044 907 3784 Arola Marja, 8A, englanti ja ruotsi, 040 485 8902 Auvinen Kirsi, erityisopettaja (7-9lk), virkavapaalla 040 183 7685 Brander Katariina, 7C, suomen &hellip; <a href=\"https:\/\/blog.edu.turku.fi\/vasaramaki\/opettajat\/\" class=\"more-link\">Jatka lukemista<span class=\"screen-reader-text\"> &#8221;Opettajat&#8221;<\/span><\/a><\/p>\n","protected":false},"author":764,"featured_media":0,"parent":0,"menu_order":0,"comment_status":"closed","ping_status":"closed","template":"","meta":{"footnotes":""},"class_list":["post-1046","page","type-page","status-publish","hentry"],"_links":{"self":[{"href":"https:\/\/blog.edu.turku.fi\/vasaramaki\/wp-json\/wp\/v2\/pages\/1046","targetHints":{"allow":["GET"]}}],"collection":[{"href":"https:\/\/blog.edu.turku.fi\/vasaramaki\/wp-json\/wp\/v2\/pages"}],"about":[{"href":"https:\/\/blog.edu.turku.fi\/vasaramaki\/wp-json\/wp\/v2\/types\/page"}],"author":[{"embeddable":true,"href":"https:\/\/blog.edu.turku.fi\/vasaramaki\/wp-json\/wp\/v2\/users\/764"}],"replies":[{"embeddable":true,"href":"https:\/\/blog.edu.turku.fi\/vasaramaki\/wp-json\/wp\/v2\/comments?post=1046"}],"version-history":[{"count":77,"href":"https:\/\/blog.edu.turku.fi\/vasaramaki\/wp-json\/wp\/v2\/pages\/1046\/revisions"}],"predecessor-version":[{"id":1993,"href":"https:\/\/blog.edu.turku.fi\/vasaramaki\/wp-json\/wp\/v2\/pages\/1046\/revisions\/1993"}],"wp:attachment":[{"href":"https:\/\/blog.edu.turku.fi\/vasaramaki\/wp-json\/wp\/v2\/media?parent=1046"}],"curies":[{"name":"wp","href":"https:\/\/api.w.org\/{rel}","templated":true}]}}