{"id":103,"date":"2016-10-24T14:03:19","date_gmt":"2016-10-24T11:03:19","guid":{"rendered":"https:\/\/blog.edu.turku.fi\/vasaramaki\/?page_id=103"},"modified":"2026-04-16T10:12:22","modified_gmt":"2026-04-16T07:12:22","slug":"etusivu","status":"publish","type":"page","link":"https:\/\/blog.edu.turku.fi\/vasaramaki\/","title":{"rendered":"Tervetuloa Vasaram\u00e4en koulun kotisivuille"},"content":{"rendered":"<h3><strong> Vasaram\u00e4en koulu on n. 700 oppilaan yhten\u00e4iskoulu. <\/strong><\/h3>\n<h3><strong>Koulumme toimii <a href=\"https:\/\/blog.edu.turku.fi\/vasaramaki\/koulu-kartalla\/\"><em>Lehmuksen, <\/em><\/a>\u00a0<em><a href=\"https:\/\/blog.edu.turku.fi\/vasaramaki\/koulu-kartalla\/\">Puistokoulun<\/a><\/em> ja <em><a href=\"https:\/\/blog.edu.turku.fi\/vasaramaki\/koulu-kartalla\/\">Tenniskent\u00e4n<\/a><\/em> yksik\u00f6iss\u00e4.<br \/>\n<\/strong><\/h3>\n<p><strong>Lehmuksen yksik\u00f6ss\u00e4<\/strong> <strong>opiskelevat p\u00e4\u00e4s\u00e4\u00e4nt\u00f6isesti vuosiluokat 1-6 <\/strong>sek\u00e4 valmistavan opetuksen ryhm\u00e4. Lehmuksessa opiskellaan lis\u00e4ksi kaikkien vuosiluokkien k\u00e4sity\u00f6t ja musiikki. Lehmuksen yksikk\u00f6 toimii osoitteessa <strong>Lehmustie 7b, 20720 Turku.<\/strong><\/p>\n<p><strong>Puistokoulun yksik\u00f6ss\u00e4 opiskelevat vuosiluokat 7-9<\/strong>. Vasaram\u00e4en Puistokoulu toimii osoitteessa <strong>Puolukkatie 11, 20720 Turku<\/strong>.<\/p>\n<p><strong>Tenniskent\u00e4n yksik\u00f6ss\u00e4 &#8221;Tennari&#8221; opiskelevat vuosiluokat 7-9<\/strong> sek\u00e4 valmistavan opetuksen ryhm\u00e4. Tennari sijaitsee aivan Puistokoulun vieress\u00e4 osoitteessa <strong>Puolukkatie 12, 20720 Turku<\/strong>.<\/p>\n<h3 style=\"text-align: center\"><strong>Lukuvuoden 2025-2026 ty\u00f6ajat<\/strong><\/h3>\n<p style=\"text-align: center\"><strong>Syyslukukausi: to 7.8. &#8211; la 20.12.2025<br \/>\n<\/strong><\/p>\n<p style=\"text-align: center\">Syysloma: ma 13.10. &#8211; su 19.10.2025<\/p>\n<p style=\"text-align: center\">Joululoma: su 21.12.2025 &#8211; ti 6.1.2026<\/p>\n<p style=\"text-align: center\"><strong>Kev\u00e4tlukukausi: ti 7.1. &#8211; la 30.5.2026<\/strong><\/p>\n<p style=\"text-align: center\">Talviloma: ma 16.2. &#8211; su 22.2.2026<\/p>\n<p>&nbsp;<\/p>\n<p><strong>Kev\u00e4\u00e4n tutustumistilaisuudet Vasaram\u00e4en koulussa j\u00e4rjestet\u00e4\u00e4n seuraavasti:<\/strong><\/p>\n<ul>\n<li><strong>Tulevien 1. luokkalaisten <\/strong>tutustuminen j\u00e4rjestet\u00e4\u00e4n Lehmuksen yksik\u00f6ss\u00e4 (Lehmustie 7) torstaina 7.5. 2026 klo 8.15.-9.45.<\/li>\n<li><strong>Tulevien 7. luokkalaisten<\/strong> tutustumisiltap\u00e4iv\u00e4 j\u00e4rjestet\u00e4\u00e4n keskiviikkona 20.5. 2026 klo 13.15.-15.00. Tilaisuus alkaa Lehmuksen yksik\u00f6n (Lehmustie 7) v\u00e4lituntipihalla klo 13.15. ja p\u00e4\u00e4ttyy Puistokoulun yksik\u00f6ss\u00e4 (Puolukkatie 11-12) klo 15.00.<\/li>\n<\/ul>\n<h3 id=\"anchor-lukuvuosi-2026-2027\" style=\"text-align: center\"><strong>Lukuvuosi 2026\u20132027<\/strong><\/h3>\n<div>\n<div>\n<p style=\"text-align: center\"><strong>Syyslukukausi: ti 11.8. &#8211; pe 18.12.2026<\/strong><\/p>\n<p style=\"text-align: center\">Syysloma ma 12.10. &#8211; pe 16.10.2026<\/p>\n<p style=\"text-align: center\">Joululoma la 19.12.2026 &#8211; ke 6.1.2027<\/p>\n<p style=\"text-align: center\"><strong>Kev\u00e4tlukukausi to 7.1. &#8211; la 5.6.2027<\/strong><\/p>\n<p style=\"text-align: center\">Talviloma ma 22.2. &#8211; pe 26.2.2027<\/p>\n<\/div>\n<\/div>\n<hr \/>\n<h2 class=\"text-highlight__header\"><span class=\"heading--xs heading--narrow\">Tulevan ekaluokkalaisen huoltaja, tee n\u00e4in!<\/span><\/h2>\n<p>Kouluun ilmoittautumisen kaikki aikataulut l\u00f6ytyv\u00e4t <a href=\"https:\/\/blog.edu.turku.fi\/vasaramaki\/files\/2025\/11\/Kouluun-ilmoittautumisen-aikataulut-.pdf\">t\u00e4st\u00e4 linkist\u00e4<\/a>.<\/p>\n<div class=\"wysiwyg text-long\">\n<ul>\n<li>Kirjaudu Wilmaan ja t\u00e4yt\u00e4 oppivelvollisuusilmoitus 17.12.2025 menness\u00e4. Saat tiedon koulupaikasta 31.3.2026.<\/li>\n<li>Jos haluat hakea lapsellesi koulupaikkaa jostain muusta kuin lapsellesi osoitetusta koulusta, haku tapahtuu 31.3.\u201314.4.2026 Wilmassa.<\/li>\n<li>Jos haluat hakea lapsellesi kieliluokkapaikkaa, hae Wilmassa 17.12.2025 menness\u00e4.<\/li>\n<li>Lis\u00e4tietoa kaupungin nettisivuilta <a href=\"https:\/\/www.turku.fi\/perusopetus\/kouluun-ilmoittautuminen\">Kouluun ilmoittautuminen | Turku.fi<\/a><\/li>\n<\/ul>\n<p><a href=\"https:\/\/blog.edu.turku.fi\/vasaramaki\/files\/2025\/05\/KOULUTULOKAS-2025.pptx\">KOULUTULOKAS (2025)<\/a><\/p>\n<\/div>\n<h2>7. luokalle syksyll\u00e4 2026<\/h2>\n<p><strong>Tulevien 7. luokkalaisten tutustumisiltap\u00e4iv\u00e4<\/strong> j\u00e4rjestet\u00e4\u00e4n keskiviikkona 20.5. 2026 klo 13.15.-15.00. Tilaisuus alkaa Lehmuksen yksik\u00f6n (Lehmustie 7) v\u00e4lituntipihalla klo 13.15. ja p\u00e4\u00e4ttyy Puistokoulun yksik\u00f6ss\u00e4 (Puolukkatie 11-12) klo 15.00.<\/p>\n<p>Urheiluluokkahaku on p\u00e4\u00e4ttynyt 12.1.2026, p\u00e4\u00e4t\u00f6kset julkaistu 10.3.2026.<\/p>\n<p>Huoltajille suunnattu esittelytilaisuus j\u00e4rjestettiin tiistaina 9.12.2025 klo 18 alkaen Lehmuksen yksik\u00f6n salissa (Lehmustie 7). Tilaisuuden alussa oli aluksi\u00a0 yleinen yl\u00e4koulutoiminnan esittely, jonka j\u00e4lkeen <a href=\"https:\/\/blog.edu.turku.fi\/vasaramaki\/hakeminen-ylakoulun-liikuntalinjalle\/\">urheiluluokkatoiminnan<\/a> esittely.<\/p>\n<p><strong>Tulevien 7. luokkalaisten vanhempainilta<\/strong> j\u00e4rjestet\u00e4\u00e4n Puistokoulun yksik\u00f6ss\u00e4 keskiviikkona 9.9.2026 klo 18.00.\u00a0 Puistokoulun yksik\u00f6n l\u00f6yd\u00e4t osoitteesta Puolukkatie 11. Tervetuloa mukaan!<\/p>\n<p style=\"text-align: center\">\n<!-- iframe plugin v.6.0 wordpress.org\/plugins\/iframe\/ -->\n<iframe loading=\"lazy\" src=\"https:\/\/dreambroker.com\/channel\/me3mgxas\/iframe\/axkwvny8\" max-width=\"100%\" width=\"640\" height=\"360\" scrolling=\"yes\" class=\"iframe-class\" frameborder=\"0\"><\/iframe>\n<\/p>\n<hr \/>\n<p>&nbsp;<\/p>\n<p>&nbsp;<\/p>\n<p><img loading=\"lazy\" decoding=\"async\" class=\"wp-image-823 aligncenter\" src=\"https:\/\/blog.edu.turku.fi\/vasaramaki\/files\/2020\/11\/OK_urheiluoppilaitos_vasaramaenkoulu_NETTI-1024x259.jpg\" alt=\"\" width=\"408\" height=\"103\" srcset=\"https:\/\/blog.edu.turku.fi\/vasaramaki\/files\/2020\/11\/OK_urheiluoppilaitos_vasaramaenkoulu_NETTI.jpg 1024w, https:\/\/blog.edu.turku.fi\/vasaramaki\/files\/2020\/11\/OK_urheiluoppilaitos_vasaramaenkoulu_NETTI-300x76.jpg 300w\" sizes=\"auto, (max-width: 408px) 85vw, 408px\" \/><\/p>\n<p>&nbsp;<\/p>\n<p><a href=\"https:\/\/www.instagram.com\/vasaramaenkoulu\/\"><img loading=\"lazy\" decoding=\"async\" class=\"size-medium wp-image-127 aligncenter\" src=\"https:\/\/blog.edu.turku.fi\/vasaramaki\/files\/2016\/10\/vaskuninsta-300x126.jpg\" alt=\"\" width=\"300\" height=\"126\" srcset=\"https:\/\/blog.edu.turku.fi\/vasaramaki\/files\/2016\/10\/vaskuninsta-300x126.jpg 300w, https:\/\/blog.edu.turku.fi\/vasaramaki\/files\/2016\/10\/vaskuninsta-1024x429.jpg 1024w, https:\/\/blog.edu.turku.fi\/vasaramaki\/files\/2016\/10\/vaskuninsta.jpg 2048w\" sizes=\"auto, (max-width: 300px) 85vw, 300px\" \/><\/a><\/p>\n<div id=\"news-content\" class=\"margin-bottom\"><\/div>\n<p>&nbsp;<\/p>\n<p>&nbsp;<\/p>\n","protected":false},"excerpt":{"rendered":"<p>Vasaram\u00e4en koulu on n. 700 oppilaan yhten\u00e4iskoulu. Koulumme toimii Lehmuksen, \u00a0Puistokoulun ja Tenniskent\u00e4n yksik\u00f6iss\u00e4. Lehmuksen yksik\u00f6ss\u00e4 opiskelevat p\u00e4\u00e4s\u00e4\u00e4nt\u00f6isesti vuosiluokat 1-6 sek\u00e4 valmistavan opetuksen ryhm\u00e4. Lehmuksessa opiskellaan lis\u00e4ksi kaikkien vuosiluokkien k\u00e4sity\u00f6t ja musiikki. Lehmuksen yksikk\u00f6 toimii osoitteessa Lehmustie 7b, 20720 Turku. Puistokoulun yksik\u00f6ss\u00e4 opiskelevat vuosiluokat 7-9. Vasaram\u00e4en Puistokoulu toimii osoitteessa Puolukkatie 11, 20720 Turku. Tenniskent\u00e4n yksik\u00f6ss\u00e4 &hellip; <a href=\"https:\/\/blog.edu.turku.fi\/vasaramaki\/\" class=\"more-link\">Jatka lukemista<span class=\"screen-reader-text\"> &#8221;Tervetuloa Vasaram\u00e4en koulun kotisivuille&#8221;<\/span><\/a><\/p>\n","protected":false},"author":764,"featured_media":0,"parent":0,"menu_order":0,"comment_status":"closed","ping_status":"closed","template":"","meta":{"footnotes":""},"class_list":["post-103","page","type-page","status-publish","hentry"],"_links":{"self":[{"href":"https:\/\/blog.edu.turku.fi\/vasaramaki\/wp-json\/wp\/v2\/pages\/103","targetHints":{"allow":["GET"]}}],"collection":[{"href":"https:\/\/blog.edu.turku.fi\/vasaramaki\/wp-json\/wp\/v2\/pages"}],"about":[{"href":"https:\/\/blog.edu.turku.fi\/vasaramaki\/wp-json\/wp\/v2\/types\/page"}],"author":[{"embeddable":true,"href":"https:\/\/blog.edu.turku.fi\/vasaramaki\/wp-json\/wp\/v2\/users\/764"}],"replies":[{"embeddable":true,"href":"https:\/\/blog.edu.turku.fi\/vasaramaki\/wp-json\/wp\/v2\/comments?post=103"}],"version-history":[{"count":272,"href":"https:\/\/blog.edu.turku.fi\/vasaramaki\/wp-json\/wp\/v2\/pages\/103\/revisions"}],"predecessor-version":[{"id":2015,"href":"https:\/\/blog.edu.turku.fi\/vasaramaki\/wp-json\/wp\/v2\/pages\/103\/revisions\/2015"}],"wp:attachment":[{"href":"https:\/\/blog.edu.turku.fi\/vasaramaki\/wp-json\/wp\/v2\/media?parent=103"}],"curies":[{"name":"wp","href":"https:\/\/api.w.org\/{rel}","templated":true}]}}