{"id":959,"date":"2015-08-31T17:33:26","date_gmt":"2015-08-31T14:33:26","guid":{"rendered":"https:\/\/blog.edu.turku.fi\/vasaramaenphy\/?page_id=959"},"modified":"2025-10-14T10:55:09","modified_gmt":"2025-10-14T07:55:09","slug":"ryhmat","status":"publish","type":"page","link":"https:\/\/blog.edu.turku.fi\/vasaramaenphy\/ryhmat\/","title":{"rendered":"Ryhm\u00e4t"},"content":{"rendered":"<p><strong>Mansikat-ryhm\u00e4 <\/strong><\/p>\n<p>on 1-3-vuotiaiden ryhm\u00e4 jossa ty\u00f6skentelee kaksi varhaiskasvatuksen opettajaa\u00a0 sek\u00e4 lastenhoitaja<\/p>\n<p><strong>Herukat-ryhm\u00e4<\/strong><\/p>\n<p>on 1-3-vuotiaiden lasten ryhm\u00e4 jossa ty\u00f6skentelee kaksi varhaiskasvatuksen opettajaa sek\u00e4 lastenhoitaja<\/p>\n<p><strong>Kirsikat-ryhm\u00e4<\/strong><\/p>\n<p>on 4-5-vuotiaiden lasten ryhm\u00e4 jossa ty\u00f6skentelee kaksi varhaiskasvatuksen opettajaa sek\u00e4 lastenhoitaja<\/p>\n<p><strong>Mustikat-ryhm\u00e4 <\/strong><\/p>\n<p>on 4-6-vuotiaiden lasten ryhm\u00e4 jossa ty\u00f6skentelee kaksi varhaiskasvatuksen opettajaa sek\u00e4 kaksi lastenhoitajaa<\/p>\n<p><strong>Vaapukat-ryhm\u00e4 <\/strong><\/p>\n<p>on 1-3-vuotiaiden lasten ryhm\u00e4 jossa ty\u00f6skentelee varhaiskasvatuksen opettaja sek\u00e4 kaksi lastenhoitajaa<\/p>\n<p><strong>Puolukat-ryhm\u00e4 <\/strong><\/p>\n<p>on 3-5-vuotiaiden lasten ryhm\u00e4 jossa ty\u00f6skentelee kaksi varhaiskasvatuksen opettajaa sek\u00e4 lastenhoitaja<\/p>\n<p><strong>Karviaiset-ryhm\u00e4<\/strong><\/p>\n<p>on esiopetusryhm\u00e4 jossa ty\u00f6skentelee kaksi varhaiskasvatuksen opettajaa sek\u00e4 lastenhoitaja<\/p>\n<p><strong>Karpalot-ryhm\u00e4<\/strong><\/p>\n<p>on esiopetusryhm\u00e4 jossa ty\u00f6skentelee varhaiskasvatuksen opettaja sek\u00e4 lastenhoitaja<strong><br \/>\n<\/strong><\/p>\n","protected":false},"excerpt":{"rendered":"<p>Mansikat-ryhm\u00e4 on 1-3-vuotiaiden ryhm\u00e4 jossa ty\u00f6skentelee kaksi varhaiskasvatuksen opettajaa\u00a0 sek\u00e4 lastenhoitaja Herukat-ryhm\u00e4 on 1-3-vuotiaiden lasten ryhm\u00e4 jossa ty\u00f6skentelee kaksi varhaiskasvatuksen opettajaa sek\u00e4 lastenhoitaja Kirsikat-ryhm\u00e4 on 4-5-vuotiaiden lasten ryhm\u00e4 jossa ty\u00f6skentelee kaksi varhaiskasvatuksen opettajaa sek\u00e4 lastenhoitaja Mustikat-ryhm\u00e4 on 4-6-vuotiaiden lasten ryhm\u00e4 jossa ty\u00f6skentelee kaksi varhaiskasvatuksen opettajaa sek\u00e4 kaksi lastenhoitajaa Vaapukat-ryhm\u00e4 on 1-3-vuotiaiden lasten ryhm\u00e4 jossa ty\u00f6skentelee &hellip; <a href=\"https:\/\/blog.edu.turku.fi\/vasaramaenphy\/ryhmat\/\" class=\"more-link\">Jatka lukemista<span class=\"screen-reader-text\"> &#8221;Ryhm\u00e4t&#8221;<\/span><\/a><\/p>\n","protected":false},"author":814,"featured_media":0,"parent":0,"menu_order":2,"comment_status":"closed","ping_status":"closed","template":"","meta":{"footnotes":""},"class_list":["post-959","page","type-page","status-publish","hentry"],"_links":{"self":[{"href":"https:\/\/blog.edu.turku.fi\/vasaramaenphy\/wp-json\/wp\/v2\/pages\/959","targetHints":{"allow":["GET"]}}],"collection":[{"href":"https:\/\/blog.edu.turku.fi\/vasaramaenphy\/wp-json\/wp\/v2\/pages"}],"about":[{"href":"https:\/\/blog.edu.turku.fi\/vasaramaenphy\/wp-json\/wp\/v2\/types\/page"}],"author":[{"embeddable":true,"href":"https:\/\/blog.edu.turku.fi\/vasaramaenphy\/wp-json\/wp\/v2\/users\/814"}],"replies":[{"embeddable":true,"href":"https:\/\/blog.edu.turku.fi\/vasaramaenphy\/wp-json\/wp\/v2\/comments?post=959"}],"version-history":[{"count":14,"href":"https:\/\/blog.edu.turku.fi\/vasaramaenphy\/wp-json\/wp\/v2\/pages\/959\/revisions"}],"predecessor-version":[{"id":1758,"href":"https:\/\/blog.edu.turku.fi\/vasaramaenphy\/wp-json\/wp\/v2\/pages\/959\/revisions\/1758"}],"wp:attachment":[{"href":"https:\/\/blog.edu.turku.fi\/vasaramaenphy\/wp-json\/wp\/v2\/media?parent=959"}],"curies":[{"name":"wp","href":"https:\/\/api.w.org\/{rel}","templated":true}]}}