{"id":25,"date":"2014-03-10T11:23:52","date_gmt":"2014-03-10T09:23:52","guid":{"rendered":"https:\/\/blog.edu.turku.fi\/vasaramaenphy\/?page_id=25"},"modified":"2025-04-01T11:04:07","modified_gmt":"2025-04-01T08:04:07","slug":"etusivu","status":"publish","type":"page","link":"https:\/\/blog.edu.turku.fi\/vasaramaenphy\/","title":{"rendered":"Tervetuloa"},"content":{"rendered":"<h3 style=\"text-align: center\"><a href=\"https:\/\/blog.edu.turku.fi\/vasaramaenphy\/files\/2019\/06\/Vasaram\u00e4en-PHY-5.jpg\"><img loading=\"lazy\" decoding=\"async\" class=\"wp-image-1711 aligncenter\" src=\"https:\/\/blog.edu.turku.fi\/vasaramaenphy\/files\/2019\/06\/Vasaram\u00e4en-PHY-5-300x169.jpg\" alt=\"\" width=\"586\" height=\"330\" srcset=\"https:\/\/blog.edu.turku.fi\/vasaramaenphy\/files\/2019\/06\/Vasaram\u00e4en-PHY-5-300x169.jpg 300w, https:\/\/blog.edu.turku.fi\/vasaramaenphy\/files\/2019\/06\/Vasaram\u00e4en-PHY-5.jpg 384w\" sizes=\"auto, (max-width: 586px) 85vw, 586px\" \/><\/a>Tervetuloa Vasaram\u00e4keen!<\/h3>\n<p style=\"text-align: left\">Vasaram\u00e4en p\u00e4iv\u00e4hoitoyksik\u00f6ss\u00e4 Rakuunatiell\u00e4 toimii kahdeksan lapsiryhm\u00e4\u00e4. <em>Herukat <\/em>ja<em> Vaapukat <\/em>ovat 1-3- vuotiaiden lasten ryhmi\u00e4,<em> Kirsikat, Mansikat ja <\/em><em>Puolukat <\/em>ovat 3-5- vuotiaiden lasten ryhmi\u00e4.\u00a0 <em>Mustikat<\/em> on 3-6- vuotiaiden lasten alueellinen integroitu ryhm\u00e4. P\u00e4iv\u00e4kodissa toimivat my\u00f6s esiopetusryhm\u00e4t <em>Karpalot<\/em> ja <em>Karviaiset<\/em>.<\/p>\n<p style=\"text-align: left\">P\u00e4iv\u00e4kotimme sijaitsee kauniissa ja monipuolisessa toimintaymp\u00e4rist\u00f6ss\u00e4, l\u00e4hell\u00e4 Kupittaan seikkailupuistoa ja erilaisia liikuntamahdollisuuksia. Kirjasto, mets\u00e4t, useat leikkipuistot, luistelukentt\u00e4\/urheilukentt\u00e4 ja paljon muita mukavia aktiviteetteja l\u00f6ytyy pienille jaloille sopivan k\u00e4velymatkan p\u00e4\u00e4st\u00e4. P\u00e4iv\u00e4kotimme sis\u00e4- ja ulkotilat on remontoitu viimeisen vuosikymmenen aikana, ja my\u00f6s pihamme on uudistettu lasten tarpeiden mukaan.<\/p>\n<p style=\"text-align: left\">Meill\u00e4 oppiminen tapahtuu el\u00e4myksien kautta, leikkien ja toiminnallisesti kaikissa ik\u00e4ryhmiss\u00e4. Asiantunteva henkil\u00f6kuntamme kuuntelee lasten ideoita herkin korvin ja toimintaa ideoidaan lapsil\u00e4ht\u00f6isesti.<\/p>\n<p style=\"text-align: left\">Tervetuloa tutustumaan ja viihtym\u00e4\u00e4n iloiseen joukkoomme!<\/p>\n<p>L\u00f6yd\u00e4t meid\u00e4t Instagramista @vasaramaen_paivakoti<\/p>\n<p>&nbsp;<\/p>\n","protected":false},"excerpt":{"rendered":"<p>Tervetuloa Vasaram\u00e4keen! Vasaram\u00e4en p\u00e4iv\u00e4hoitoyksik\u00f6ss\u00e4 Rakuunatiell\u00e4 toimii kahdeksan lapsiryhm\u00e4\u00e4. Herukat ja Vaapukat ovat 1-3- vuotiaiden lasten ryhmi\u00e4, Kirsikat, Mansikat ja Puolukat ovat 3-5- vuotiaiden lasten ryhmi\u00e4.\u00a0 Mustikat on 3-6- vuotiaiden lasten alueellinen integroitu ryhm\u00e4. P\u00e4iv\u00e4kodissa toimivat my\u00f6s esiopetusryhm\u00e4t Karpalot ja Karviaiset. P\u00e4iv\u00e4kotimme sijaitsee kauniissa ja monipuolisessa toimintaymp\u00e4rist\u00f6ss\u00e4, l\u00e4hell\u00e4 Kupittaan seikkailupuistoa ja erilaisia liikuntamahdollisuuksia. Kirjasto, mets\u00e4t, useat &hellip; <a href=\"https:\/\/blog.edu.turku.fi\/vasaramaenphy\/\" class=\"more-link\">Jatka lukemista<span class=\"screen-reader-text\"> &#8221;Tervetuloa&#8221;<\/span><\/a><\/p>\n","protected":false},"author":814,"featured_media":0,"parent":0,"menu_order":1,"comment_status":"closed","ping_status":"closed","template":"","meta":{"footnotes":""},"class_list":["post-25","page","type-page","status-publish","hentry"],"_links":{"self":[{"href":"https:\/\/blog.edu.turku.fi\/vasaramaenphy\/wp-json\/wp\/v2\/pages\/25","targetHints":{"allow":["GET"]}}],"collection":[{"href":"https:\/\/blog.edu.turku.fi\/vasaramaenphy\/wp-json\/wp\/v2\/pages"}],"about":[{"href":"https:\/\/blog.edu.turku.fi\/vasaramaenphy\/wp-json\/wp\/v2\/types\/page"}],"author":[{"embeddable":true,"href":"https:\/\/blog.edu.turku.fi\/vasaramaenphy\/wp-json\/wp\/v2\/users\/814"}],"replies":[{"embeddable":true,"href":"https:\/\/blog.edu.turku.fi\/vasaramaenphy\/wp-json\/wp\/v2\/comments?post=25"}],"version-history":[{"count":34,"href":"https:\/\/blog.edu.turku.fi\/vasaramaenphy\/wp-json\/wp\/v2\/pages\/25\/revisions"}],"predecessor-version":[{"id":1736,"href":"https:\/\/blog.edu.turku.fi\/vasaramaenphy\/wp-json\/wp\/v2\/pages\/25\/revisions\/1736"}],"wp:attachment":[{"href":"https:\/\/blog.edu.turku.fi\/vasaramaenphy\/wp-json\/wp\/v2\/media?parent=25"}],"curies":[{"name":"wp","href":"https:\/\/api.w.org\/{rel}","templated":true}]}}