{"id":1069,"date":"2015-09-07T14:38:23","date_gmt":"2015-09-07T11:38:23","guid":{"rendered":"https:\/\/blog.edu.turku.fi\/vasaramaenphy\/?page_id=1069"},"modified":"2025-04-01T11:02:01","modified_gmt":"2025-04-01T08:02:01","slug":"vanhempainyhdistys","status":"publish","type":"page","link":"https:\/\/blog.edu.turku.fi\/vasaramaenphy\/vanhempainyhdistys\/","title":{"rendered":"Vanhempaintoimikunta"},"content":{"rendered":"<p>&nbsp;<\/p>\n<p>P\u00e4iv\u00e4kodissamme toimii eritt\u00e4in aktiivinen vanhempaintoimikunta.<\/p>\n<p>Vanhempaintoimikunta j\u00e4rjest\u00e4\u00e4 p\u00e4iv\u00e4kotimme perheille mukavaa yhteist\u00e4 toimintaa.<\/p>\n<p>Jos haluat mukaan toimintaan otahan yhteytt\u00e4 p\u00e4iv\u00e4kotimme johtajaan Sannaan.<\/p>\n<p>sanna-mari.nieminen@edu.turku.fi<\/p>\n<p>&nbsp;<\/p>\n<p>&nbsp;<\/p>\n","protected":false},"excerpt":{"rendered":"<p>&nbsp; P\u00e4iv\u00e4kodissamme toimii eritt\u00e4in aktiivinen vanhempaintoimikunta. Vanhempaintoimikunta j\u00e4rjest\u00e4\u00e4 p\u00e4iv\u00e4kotimme perheille mukavaa yhteist\u00e4 toimintaa. Jos haluat mukaan toimintaan otahan yhteytt\u00e4 p\u00e4iv\u00e4kotimme johtajaan Sannaan. sanna-mari.nieminen@edu.turku.fi &nbsp; &nbsp;<\/p>\n","protected":false},"author":814,"featured_media":0,"parent":0,"menu_order":0,"comment_status":"closed","ping_status":"closed","template":"","meta":{"footnotes":""},"class_list":["post-1069","page","type-page","status-publish","hentry"],"_links":{"self":[{"href":"https:\/\/blog.edu.turku.fi\/vasaramaenphy\/wp-json\/wp\/v2\/pages\/1069","targetHints":{"allow":["GET"]}}],"collection":[{"href":"https:\/\/blog.edu.turku.fi\/vasaramaenphy\/wp-json\/wp\/v2\/pages"}],"about":[{"href":"https:\/\/blog.edu.turku.fi\/vasaramaenphy\/wp-json\/wp\/v2\/types\/page"}],"author":[{"embeddable":true,"href":"https:\/\/blog.edu.turku.fi\/vasaramaenphy\/wp-json\/wp\/v2\/users\/814"}],"replies":[{"embeddable":true,"href":"https:\/\/blog.edu.turku.fi\/vasaramaenphy\/wp-json\/wp\/v2\/comments?post=1069"}],"version-history":[{"count":13,"href":"https:\/\/blog.edu.turku.fi\/vasaramaenphy\/wp-json\/wp\/v2\/pages\/1069\/revisions"}],"predecessor-version":[{"id":1755,"href":"https:\/\/blog.edu.turku.fi\/vasaramaenphy\/wp-json\/wp\/v2\/pages\/1069\/revisions\/1755"}],"wp:attachment":[{"href":"https:\/\/blog.edu.turku.fi\/vasaramaenphy\/wp-json\/wp\/v2\/media?parent=1069"}],"curies":[{"name":"wp","href":"https:\/\/api.w.org\/{rel}","templated":true}]}}