{"id":137,"date":"2012-09-26T13:42:54","date_gmt":"2012-09-26T10:42:54","guid":{"rendered":"https:\/\/blog.edu.turku.fi\/varissuonkoulu\/?page_id=137"},"modified":"2024-08-06T12:47:53","modified_gmt":"2024-08-06T09:47:53","slug":"ilmoitustaulu","status":"publish","type":"page","link":"https:\/\/blog.edu.turku.fi\/varissuonkoulu\/","title":{"rendered":"Etusivu"},"content":{"rendered":"<div class=\"x_elementToProof\"><b>Kasvatus ja opetusjohtaja on p\u00e4\u00e4t\u00f6ksell\u00e4\u00e4n 16.2.2024 p\u00e4\u00e4tt\u00e4nyt, ett\u00e4 Varissuon koulun toiminta keskeytet\u00e4\u00e4n ajalla 1.8.2024 &#8211; 31.7.2027 ja, ett\u00e4 toiminnat yhdistet\u00e4\u00e4n P\u00e4\u00e4skyvuoren kouluun.<\/b><\/div>\n<div>&nbsp;<\/div>\n<div class=\"x_elementToProof\">Lis\u00e4tietoja:<\/div>\n<div class=\"x_elementToProof\">Assi Koskelainen<\/div>\n<div id=\"x_Signature\">\n<p>rehtori, P\u00e4\u00e4skyvuoren koulu<br \/>\np. 044 907 3640<br \/>\nassi.koskelainen@edu.turku.fi<\/p>\n<\/div>\n","protected":false},"excerpt":{"rendered":"<p>Kasvatus ja opetusjohtaja on p\u00e4\u00e4t\u00f6ksell\u00e4\u00e4n 16.2.2024 p\u00e4\u00e4tt\u00e4nyt, ett\u00e4 Varissuon koulun toiminta keskeytet\u00e4\u00e4n ajalla 1.8.2024 &#8211; 31.7.2027 ja, ett\u00e4 toiminnat yhdistet\u00e4\u00e4n P\u00e4\u00e4skyvuoren kouluun. &nbsp; Lis\u00e4tietoja: Assi Koskelainen rehtori, P\u00e4\u00e4skyvuoren koulu p. 044 907 3640 assi.koskelainen@edu.turku.fi<\/p>\n","protected":false},"author":162,"featured_media":0,"parent":0,"menu_order":0,"comment_status":"closed","ping_status":"closed","template":"","meta":{"ngg_post_thumbnail":0,"footnotes":""},"class_list":["post-137","page","type-page","status-publish","hentry"],"_links":{"self":[{"href":"https:\/\/blog.edu.turku.fi\/varissuonkoulu\/wp-json\/wp\/v2\/pages\/137","targetHints":{"allow":["GET"]}}],"collection":[{"href":"https:\/\/blog.edu.turku.fi\/varissuonkoulu\/wp-json\/wp\/v2\/pages"}],"about":[{"href":"https:\/\/blog.edu.turku.fi\/varissuonkoulu\/wp-json\/wp\/v2\/types\/page"}],"author":[{"embeddable":true,"href":"https:\/\/blog.edu.turku.fi\/varissuonkoulu\/wp-json\/wp\/v2\/users\/162"}],"replies":[{"embeddable":true,"href":"https:\/\/blog.edu.turku.fi\/varissuonkoulu\/wp-json\/wp\/v2\/comments?post=137"}],"version-history":[{"count":86,"href":"https:\/\/blog.edu.turku.fi\/varissuonkoulu\/wp-json\/wp\/v2\/pages\/137\/revisions"}],"predecessor-version":[{"id":3201,"href":"https:\/\/blog.edu.turku.fi\/varissuonkoulu\/wp-json\/wp\/v2\/pages\/137\/revisions\/3201"}],"wp:attachment":[{"href":"https:\/\/blog.edu.turku.fi\/varissuonkoulu\/wp-json\/wp\/v2\/media?parent=137"}],"curies":[{"name":"wp","href":"https:\/\/api.w.org\/{rel}","templated":true}]}}