{"id":50,"date":"2015-11-26T14:02:18","date_gmt":"2015-11-26T12:02:18","guid":{"rendered":"https:\/\/blog.edu.turku.fi\/valmistavaopetusturku\/?page_id=50"},"modified":"2025-05-12T11:35:39","modified_gmt":"2025-05-12T08:35:39","slug":"nivelvaihe-ja-siirto","status":"publish","type":"page","link":"https:\/\/blog.edu.turku.fi\/valmistavaopetusturku\/nivelvaihe-ja-siirto\/","title":{"rendered":"Nivelvaihe ja siirto"},"content":{"rendered":"<p>Koko valmistava opetus valmistaa oppilasta seuraavaan vaiheeseen ja nivelvaihe on erityisen t\u00e4rke\u00e4. Yhteydenotto tulevaan opiskelupaikkaan ei voi koskaan olla liian varhainen. Kaikenlainen tieto ja integroituminen tulevaan opiskelupaikkaan ovat eduksi oppilaalle ja koululle.<\/p>\n<p>Valmistavan opetuksen j\u00e4lkeen oppilas siirtyy perusopetuksen ala- tai yl\u00e4kouluun. Muita vaihtoehtoja on esim. Tutkintoon valmentava koulutus (TUVA). Aikuisten perusopetukseen (AIPE) voi siirty\u00e4 vanhimmat oppilaat jatkamaan opiskelua omalla tasollaan.<\/p>\n<p><strong>Perusopetus <\/strong><\/p>\n<p><img loading=\"lazy\" decoding=\"async\" src=\"http:\/\/www.moped.fi\/kuvat\/valmopaketti-pomppijat.jpg\" alt=\"\" width=\"250\" height=\"208\" align=\"right\" \/>Perusopetuksen koulu on useimmiten oppilaan l\u00e4hikoulu. L\u00e4hikouluperiaatetta pyrit\u00e4\u00e4n noudattamaan.\u00a0 L\u00e4hikoulu l\u00f6ytyy Turun kaupungin sivuilta haulla: Koulupaikan m\u00e4\u00e4r\u00e4ytyminen Turussa.<\/p>\n<p><strong>SILTA-tuki<\/strong><\/p>\n<p>Yl\u00e4kouluik\u00e4isille heikon koulutaustan oppilaille on tarjolla SILTA-nimist\u00e4 tukea kolmessa turkulaisessa yl\u00e4koulussa. N\u00e4iss\u00e4 kouluissa valmistavasta siirtyville oppilaille on erityisopettaja ja koulunk\u00e4ynninohjaaja tukemassa opiskelussa.<\/p>\n","protected":false},"excerpt":{"rendered":"<p>Koko valmistava opetus valmistaa oppilasta seuraavaan vaiheeseen ja nivelvaihe on erityisen t\u00e4rke\u00e4. Yhteydenotto tulevaan opiskelupaikkaan ei voi koskaan olla liian varhainen. Kaikenlainen tieto ja integroituminen tulevaan opiskelupaikkaan ovat eduksi oppilaalle ja koululle. Valmistavan opetuksen j\u00e4lkeen oppilas siirtyy perusopetuksen ala- tai yl\u00e4kouluun. Muita vaihtoehtoja on esim. Tutkintoon valmentava koulutus (TUVA). Aikuisten perusopetukseen (AIPE) voi siirty\u00e4 vanhimmat &hellip; <a href=\"https:\/\/blog.edu.turku.fi\/valmistavaopetusturku\/nivelvaihe-ja-siirto\/\" class=\"more-link\">Jatka lukemista<span class=\"screen-reader-text\"> &#8221;Nivelvaihe ja siirto&#8221;<\/span><\/a><\/p>\n","protected":false},"author":1386,"featured_media":0,"parent":0,"menu_order":0,"comment_status":"closed","ping_status":"closed","template":"","meta":{"footnotes":""},"class_list":["post-50","page","type-page","status-publish","hentry"],"_links":{"self":[{"href":"https:\/\/blog.edu.turku.fi\/valmistavaopetusturku\/wp-json\/wp\/v2\/pages\/50","targetHints":{"allow":["GET"]}}],"collection":[{"href":"https:\/\/blog.edu.turku.fi\/valmistavaopetusturku\/wp-json\/wp\/v2\/pages"}],"about":[{"href":"https:\/\/blog.edu.turku.fi\/valmistavaopetusturku\/wp-json\/wp\/v2\/types\/page"}],"author":[{"embeddable":true,"href":"https:\/\/blog.edu.turku.fi\/valmistavaopetusturku\/wp-json\/wp\/v2\/users\/1386"}],"replies":[{"embeddable":true,"href":"https:\/\/blog.edu.turku.fi\/valmistavaopetusturku\/wp-json\/wp\/v2\/comments?post=50"}],"version-history":[{"count":15,"href":"https:\/\/blog.edu.turku.fi\/valmistavaopetusturku\/wp-json\/wp\/v2\/pages\/50\/revisions"}],"predecessor-version":[{"id":238,"href":"https:\/\/blog.edu.turku.fi\/valmistavaopetusturku\/wp-json\/wp\/v2\/pages\/50\/revisions\/238"}],"wp:attachment":[{"href":"https:\/\/blog.edu.turku.fi\/valmistavaopetusturku\/wp-json\/wp\/v2\/media?parent=50"}],"curies":[{"name":"wp","href":"https:\/\/api.w.org\/{rel}","templated":true}]}}