{"id":48,"date":"2015-11-26T13:54:35","date_gmt":"2015-11-26T11:54:35","guid":{"rendered":"https:\/\/blog.edu.turku.fi\/valmistavaopetusturku\/?page_id=48"},"modified":"2023-11-01T14:48:44","modified_gmt":"2023-11-01T12:48:44","slug":"arviointi","status":"publish","type":"page","link":"https:\/\/blog.edu.turku.fi\/valmistavaopetusturku\/arviointi\/","title":{"rendered":"Arviointi"},"content":{"rendered":"<p>Valmistavan opetuksen lopuksi oppilaalle annetaan osallistumistodistus. Turussa on k\u00e4yt\u00f6ss\u00e4 yhteinen osallistumistodistuspohja. Todistukseen merkit\u00e4\u00e4n opetuksen kesto, opetuksen laajuus vuosiviikkotunteina, opiskellut oppiaineet. Suomi toisena kielen\u00e4 arviointi tapahtuu rastittamalla.\u00a0 Edistymisen arviointiin on k\u00e4yt\u00f6ss\u00e4 pudotuspalkki arviointilausekkeineen. Valmistavan opetuksen p\u00e4\u00e4tteeksi ei anneta numeroarviointia.<\/p>\n<p>&nbsp;<\/p>\n","protected":false},"excerpt":{"rendered":"<p>Valmistavan opetuksen lopuksi oppilaalle annetaan osallistumistodistus. Turussa on k\u00e4yt\u00f6ss\u00e4 yhteinen osallistumistodistuspohja. Todistukseen merkit\u00e4\u00e4n opetuksen kesto, opetuksen laajuus vuosiviikkotunteina, opiskellut oppiaineet. Suomi toisena kielen\u00e4 arviointi tapahtuu rastittamalla.\u00a0 Edistymisen arviointiin on k\u00e4yt\u00f6ss\u00e4 pudotuspalkki arviointilausekkeineen. Valmistavan opetuksen p\u00e4\u00e4tteeksi ei anneta numeroarviointia. &nbsp;<\/p>\n","protected":false},"author":1196,"featured_media":0,"parent":0,"menu_order":0,"comment_status":"closed","ping_status":"closed","template":"","meta":{"footnotes":""},"class_list":["post-48","page","type-page","status-publish","hentry"],"_links":{"self":[{"href":"https:\/\/blog.edu.turku.fi\/valmistavaopetusturku\/wp-json\/wp\/v2\/pages\/48","targetHints":{"allow":["GET"]}}],"collection":[{"href":"https:\/\/blog.edu.turku.fi\/valmistavaopetusturku\/wp-json\/wp\/v2\/pages"}],"about":[{"href":"https:\/\/blog.edu.turku.fi\/valmistavaopetusturku\/wp-json\/wp\/v2\/types\/page"}],"author":[{"embeddable":true,"href":"https:\/\/blog.edu.turku.fi\/valmistavaopetusturku\/wp-json\/wp\/v2\/users\/1196"}],"replies":[{"embeddable":true,"href":"https:\/\/blog.edu.turku.fi\/valmistavaopetusturku\/wp-json\/wp\/v2\/comments?post=48"}],"version-history":[{"count":7,"href":"https:\/\/blog.edu.turku.fi\/valmistavaopetusturku\/wp-json\/wp\/v2\/pages\/48\/revisions"}],"predecessor-version":[{"id":224,"href":"https:\/\/blog.edu.turku.fi\/valmistavaopetusturku\/wp-json\/wp\/v2\/pages\/48\/revisions\/224"}],"wp:attachment":[{"href":"https:\/\/blog.edu.turku.fi\/valmistavaopetusturku\/wp-json\/wp\/v2\/media?parent=48"}],"curies":[{"name":"wp","href":"https:\/\/api.w.org\/{rel}","templated":true}]}}