{"id":46,"date":"2015-11-26T14:33:17","date_gmt":"2015-11-26T12:33:17","guid":{"rendered":"https:\/\/blog.edu.turku.fi\/valmistavaopetusturku\/?page_id=46"},"modified":"2025-05-12T12:10:24","modified_gmt":"2025-05-12T09:10:24","slug":"yhteistyotahot-ja-henkilot","status":"publish","type":"page","link":"https:\/\/blog.edu.turku.fi\/valmistavaopetusturku\/yhteistyotahot-ja-henkilot\/","title":{"rendered":"Yhteisty\u00f6tahot ja -henkil\u00f6t"},"content":{"rendered":"<p>Useissa kouluissa on kaksi valmistavaa ryhm\u00e4\u00e4. Silloin l\u00e4heisin yhteisty\u00f6kumppani on toinen valmistavan ryhm\u00e4n opettaja.<\/p>\n<p>Yhteisty\u00f6t\u00e4 tehd\u00e4\u00e4n my\u00f6s muiden ryhmien kanssa. Vuoden varrella voi olla\u00a0esimerkiksi yhteinen urheilutapahtuma.<\/p>\n<p>Lis\u00e4ksi opetusmateriaaliasioissa voi aina k\u00e4\u00e4nty\u00e4 muiden opettajien puoleen.<\/p>\n<p>&nbsp;<\/p>\n<p><strong> VALMO-ryhmien sijoituskoulut<\/strong><\/p>\n<p>Valmistavan opetuksen opetusryhmien m\u00e4\u00e4r\u00e4 ja sijoittuminen vaihtelee vuosittain. Pisimp\u00e4\u00e4n ryhmi\u00e4 on ollut Varissuon, Pansion ja Puropellon kouluissa. Opettajilla on k\u00e4yt\u00f6ss\u00e4\u00e4n ty\u00f6puhelimet ja edu.turku.fi-s\u00e4hk\u00f6postiosoitteet<\/p>\n<p><strong>Monikulttuurisen opetuksen suunnittelijat<\/strong><\/p>\n<p>Monikulttuurinen suunnittelijan ty\u00f6h\u00f6n kuuluu monikulttuurisen opetuksen koordinointi ja suunnittelu. Valmistava opetus on siis vain yksi osa heid\u00e4n ty\u00f6kent\u00e4ss\u00e4\u00e4n.\u00a0 Suunnittelija seuraa oppilastilannetta ja vie asioita ylempiin portaisiin. H\u00e4n osallistuu mahdollisuuksien mukaan Valmo-kokouksiin.<\/p>\n<ul>\n<li>H\u00e4nelle l\u00e4hetet\u00e4\u00e4n jatkoaika-anomus, kun 900 tai 1000 tuntia on tullut t\u00e4yteen eik\u00e4 oppilas voi viel\u00e4 siirty\u00e4 eteenp\u00e4in.<\/li>\n<li>H\u00e4n seuraa oppilaslistalta oppilaiden jatkosuunnitelmia, koordinoi niit\u00e4 ja voi puuttua niihin. Oppilaslistan p\u00e4ivitt\u00e4minen on t\u00e4rke\u00e4\u00e4 suunnittelijan ty\u00f6n kannalta.<\/li>\n<\/ul>\n<p>&nbsp;<\/p>\n<p><strong>Omakieliset opett<\/strong><strong>ajat (OMO) ja ohjaajat <\/strong><\/p>\n<p>Omakieliset opettajat OMO antavat tukea opiskelussa oppilaan omalla \u00e4idinkielell\u00e4. Kaikissa kouluissa omakielisi\u00e4 opettajia ei ole, mutta opetussuunnitelman mukaan omakielinen opetus kuuluu valmistavaan opetukseenkin. Turussa valmistavalla opetuksella on OMO-ohjaajia muutamassa kieless\u00e4, jotka siirtyv\u00e4t eri kouluihin tarpeen mukaan.<\/p>\n<p><a href=\"http:\/\/www.moped.fi\/opetus\/omo-opas.pdf%20\" target=\"_blank\" rel=\"noopener\">OMO-opas<\/a><\/p>\n<p>&nbsp;<\/p>\n<p><strong> Suomi toisena kielen\u00e4- opettajat (s2) <\/strong><\/p>\n<p>Kaikissa kouluissa ei ole omaa s2-opettajaa. On kiert\u00e4vi\u00e4 opettajia ja joissakin kouluissa s2-opetus on j\u00e4rjestetty koulun sis\u00e4ll\u00e4 omalla henkil\u00f6kunnalla. Valmistavan opetuksen aikana oppilaat eiv\u00e4t k\u00e4y erillisell\u00e4 s2-opettajalla. T\u00e4m\u00e4 opettaja on kuitenkin t\u00e4rke\u00e4 yhteisty\u00f6kumppani siirron kannalta. Oman koulun s2-opettajan kanssa kannattaa tehd\u00e4 yhteisty\u00f6t\u00e4. Nivelvaiheessa yhteisty\u00f6 korostuu.<\/p>\n<p><strong>\u00a0 <\/strong><\/p>\n<p><strong> Oman \u00e4idinkielen opettajat (MAI) <\/strong><\/p>\n<p>Valmistavan opetuksen aikana oppilailla on mahdollisuus opiskella omaa \u00e4idinkielt\u00e4\u00e4n kaksi opetustuntia viikossa. Valmistavan opettaja suosittelee oman \u00e4idinkielen opiskelemista. Asiaa voidaan siirt\u00e4\u00e4 eteenp\u00e4in, mutta sit\u00e4 ei haudata alkupalaverin j\u00e4lkeen. Kaikissa kieliss\u00e4 opetusta ei kuitenkaan ole tarjolla ja opetuksen j\u00e4rjest\u00e4miseen liittyv\u00e4t ongelmat on syyt\u00e4 tuoda esiin huoltajalle (opetusajankohta, ryhm\u00e4n mahdollinen heterogeenisuus). Ilmoittautumislomakkeet toimitetaan suunnittelijalle.<\/p>\n<p>MAI-tunnit voi sis\u00e4llytt\u00e4\u00e4 VALMO-opetustunteihin, kun se on oppilaan edun mukaista.<\/p>\n<ul>\n<li>MAI- opettajan puhelinnumeroa ei saa antaa huoltajalle.<\/li>\n<\/ul>\n<p>Katso my\u00f6s: <a href=\"http:\/\/mai.moped.fi\/\">mai.moped.fi <\/a><\/p>\n<p>&nbsp;<\/p>\n<p><strong>\u00a0<\/strong><\/p>\n<p>&nbsp;<\/p>\n<h4><\/h4>\n","protected":false},"excerpt":{"rendered":"<p>Useissa kouluissa on kaksi valmistavaa ryhm\u00e4\u00e4. Silloin l\u00e4heisin yhteisty\u00f6kumppani on toinen valmistavan ryhm\u00e4n opettaja. Yhteisty\u00f6t\u00e4 tehd\u00e4\u00e4n my\u00f6s muiden ryhmien kanssa. Vuoden varrella voi olla\u00a0esimerkiksi yhteinen urheilutapahtuma. Lis\u00e4ksi opetusmateriaaliasioissa voi aina k\u00e4\u00e4nty\u00e4 muiden opettajien puoleen. &nbsp; VALMO-ryhmien sijoituskoulut Valmistavan opetuksen opetusryhmien m\u00e4\u00e4r\u00e4 ja sijoittuminen vaihtelee vuosittain. Pisimp\u00e4\u00e4n ryhmi\u00e4 on ollut Varissuon, Pansion ja Puropellon kouluissa. Opettajilla &hellip; <a href=\"https:\/\/blog.edu.turku.fi\/valmistavaopetusturku\/yhteistyotahot-ja-henkilot\/\" class=\"more-link\">Jatka lukemista<span class=\"screen-reader-text\"> &#8221;Yhteisty\u00f6tahot ja -henkil\u00f6t&#8221;<\/span><\/a><\/p>\n","protected":false},"author":1386,"featured_media":0,"parent":0,"menu_order":0,"comment_status":"closed","ping_status":"closed","template":"","meta":{"footnotes":""},"class_list":["post-46","page","type-page","status-publish","hentry"],"_links":{"self":[{"href":"https:\/\/blog.edu.turku.fi\/valmistavaopetusturku\/wp-json\/wp\/v2\/pages\/46","targetHints":{"allow":["GET"]}}],"collection":[{"href":"https:\/\/blog.edu.turku.fi\/valmistavaopetusturku\/wp-json\/wp\/v2\/pages"}],"about":[{"href":"https:\/\/blog.edu.turku.fi\/valmistavaopetusturku\/wp-json\/wp\/v2\/types\/page"}],"author":[{"embeddable":true,"href":"https:\/\/blog.edu.turku.fi\/valmistavaopetusturku\/wp-json\/wp\/v2\/users\/1386"}],"replies":[{"embeddable":true,"href":"https:\/\/blog.edu.turku.fi\/valmistavaopetusturku\/wp-json\/wp\/v2\/comments?post=46"}],"version-history":[{"count":20,"href":"https:\/\/blog.edu.turku.fi\/valmistavaopetusturku\/wp-json\/wp\/v2\/pages\/46\/revisions"}],"predecessor-version":[{"id":241,"href":"https:\/\/blog.edu.turku.fi\/valmistavaopetusturku\/wp-json\/wp\/v2\/pages\/46\/revisions\/241"}],"wp:attachment":[{"href":"https:\/\/blog.edu.turku.fi\/valmistavaopetusturku\/wp-json\/wp\/v2\/media?parent=46"}],"curies":[{"name":"wp","href":"https:\/\/api.w.org\/{rel}","templated":true}]}}