{"id":40,"date":"2015-11-26T13:53:00","date_gmt":"2015-11-26T11:53:00","guid":{"rendered":"https:\/\/blog.edu.turku.fi\/valmistavaopetusturku\/?page_id=40"},"modified":"2025-05-12T11:32:45","modified_gmt":"2025-05-12T08:32:45","slug":"koulunkaynninohjaajat","status":"publish","type":"page","link":"https:\/\/blog.edu.turku.fi\/valmistavaopetusturku\/koulunkaynninohjaajat\/","title":{"rendered":"Koulunk\u00e4ynninohjaajat"},"content":{"rendered":"<p>Ohjaaja toimii opettajan ty\u00f6parina. Jokaisella valmistavalla ryhm\u00e4ll\u00e4 on ohjaaja k\u00e4ytett\u00e4viss\u00e4\u00e4n. Ohjaajaa tarvitaan heterogeenisen opetusryhm\u00e4n opettamisessa. Opettaja on aina vastuussa opetuksen suunnittelusta ja h\u00e4nen velvollisuutensa on antaa selke\u00e4t ohjeet ohjaajalle. On hyv\u00e4 delegoida osa teht\u00e4vist\u00e4 kokonaan ohjaajalle, mutta opettajan vastuulla on kuitenkin seurata ty\u00f6t\u00e4. Kodin ja koulun v\u00e4lisess\u00e4 yhteisty\u00f6ss\u00e4 opettaja on vastuussa. Ohjaajalla ei ole kurinpidollisia oikeuksia. Ohjaajan vahvuuksia kannattaa hy\u00f6dynt\u00e4\u00e4 ja varata aikaa ohjaajan ja opettajan yhteiselle ty\u00f6n kehitt\u00e4miselle. He ovat ty\u00f6parina luomassa turvallista ilmapiiri\u00e4 valmistavan opetuksen ryhm\u00e4\u00e4n.<\/p>\n<p>Ohjaajan ty\u00f6nkuvaa:<\/p>\n<ul>\n<li>k\u00e4yt\u00e4nn\u00f6n asioiden hoitaminen (bussikortit, kopiointi)<\/li>\n<li>oppilaiden opintojen edistymisen seuraaminen (uusi oppilas, heikko oppilas, pitk\u00e4lle edennyt oppilas)<\/li>\n<li>yhden oppilaan tai pienen ryhm\u00e4n ohjaaminen ja opettaminen opettajan ohjauksessa (eriytt\u00e4minen)<\/li>\n<li>teht\u00e4vien tarkastamista ja lis\u00e4teht\u00e4vien antamista sek\u00e4 kotiteht\u00e4vien antaminen ja niiden kontrollointi<\/li>\n<li>oppimateriaalien valmistaminen (pelit, askartelut)<\/li>\n<li>\u00a0muita k\u00e4yt\u00e4nn\u00f6n t\u00f6it\u00e4 sovitusti<\/li>\n<li>lomakkeiden j\u00e4rjest\u00e4minen\/yll\u00e4pito\/kansiot tietokoneella<\/li>\n<li>retki-ilmoitusten tekeminen ja ev\u00e4iden varaaminen kaksi viikoa aikaisemmin keitti\u00f6st\u00e4<\/li>\n<li>kulkeminen oppilaiden kanssa uusiin paikkoihin (terveydenhoitaja, integrointi, vierailut koulun ulkopuolelle, siirtyminen liikuntapaikoille &#8211; viimeiseksi mainittu vain yl\u00e4kouluik\u00e4isten kanssa)<\/li>\n<li>bussimatkoilla ohjaaja ei joudu vastuuseen turvallisuudesta vaan on mukana aikuisena saattajana<\/li>\n<li>liikuntatuntien &#8221;valvontaa&#8221;\/samanaikaisohjausta<\/li>\n<li>integrointitunneilla mukana tukena\/vastavuoroinen integrointi<\/li>\n<li>luokan ja tavaroiden j\u00e4rjestyksess\u00e4 pit\u00e4minen, rikkoontumisista ja vioista ilmoittaminen eteenp\u00e4in.<\/li>\n<\/ul>\n<p>Koulunk\u00e4ynninohjaajia koulutetaan Linnasm\u00e4en opistossa ja AKK:ssa. Lis\u00e4ksi ryhm\u00e4ss\u00e4 voi olla maahanmuuttajataustaisia ohjaajia. Ohjaajan poissa ollessa, h\u00e4nelle voi hankkia sijaisen.<\/p>\n","protected":false},"excerpt":{"rendered":"<p>Ohjaaja toimii opettajan ty\u00f6parina. Jokaisella valmistavalla ryhm\u00e4ll\u00e4 on ohjaaja k\u00e4ytett\u00e4viss\u00e4\u00e4n. Ohjaajaa tarvitaan heterogeenisen opetusryhm\u00e4n opettamisessa. Opettaja on aina vastuussa opetuksen suunnittelusta ja h\u00e4nen velvollisuutensa on antaa selke\u00e4t ohjeet ohjaajalle. On hyv\u00e4 delegoida osa teht\u00e4vist\u00e4 kokonaan ohjaajalle, mutta opettajan vastuulla on kuitenkin seurata ty\u00f6t\u00e4. Kodin ja koulun v\u00e4lisess\u00e4 yhteisty\u00f6ss\u00e4 opettaja on vastuussa. Ohjaajalla ei ole kurinpidollisia &hellip; <a href=\"https:\/\/blog.edu.turku.fi\/valmistavaopetusturku\/koulunkaynninohjaajat\/\" class=\"more-link\">Jatka lukemista<span class=\"screen-reader-text\"> &#8221;Koulunk\u00e4ynninohjaajat&#8221;<\/span><\/a><\/p>\n","protected":false},"author":1386,"featured_media":0,"parent":0,"menu_order":0,"comment_status":"closed","ping_status":"closed","template":"","meta":{"footnotes":""},"class_list":["post-40","page","type-page","status-publish","hentry"],"_links":{"self":[{"href":"https:\/\/blog.edu.turku.fi\/valmistavaopetusturku\/wp-json\/wp\/v2\/pages\/40","targetHints":{"allow":["GET"]}}],"collection":[{"href":"https:\/\/blog.edu.turku.fi\/valmistavaopetusturku\/wp-json\/wp\/v2\/pages"}],"about":[{"href":"https:\/\/blog.edu.turku.fi\/valmistavaopetusturku\/wp-json\/wp\/v2\/types\/page"}],"author":[{"embeddable":true,"href":"https:\/\/blog.edu.turku.fi\/valmistavaopetusturku\/wp-json\/wp\/v2\/users\/1386"}],"replies":[{"embeddable":true,"href":"https:\/\/blog.edu.turku.fi\/valmistavaopetusturku\/wp-json\/wp\/v2\/comments?post=40"}],"version-history":[{"count":14,"href":"https:\/\/blog.edu.turku.fi\/valmistavaopetusturku\/wp-json\/wp\/v2\/pages\/40\/revisions"}],"predecessor-version":[{"id":236,"href":"https:\/\/blog.edu.turku.fi\/valmistavaopetusturku\/wp-json\/wp\/v2\/pages\/40\/revisions\/236"}],"wp:attachment":[{"href":"https:\/\/blog.edu.turku.fi\/valmistavaopetusturku\/wp-json\/wp\/v2\/media?parent=40"}],"curies":[{"name":"wp","href":"https:\/\/api.w.org\/{rel}","templated":true}]}}