{"id":32,"date":"2015-02-12T14:29:06","date_gmt":"2015-02-12T12:29:06","guid":{"rendered":"https:\/\/blog.edu.turku.fi\/valmistavaopetusturku\/?page_id=32"},"modified":"2023-11-01T15:22:46","modified_gmt":"2023-11-01T13:22:46","slug":"yhteistyo-kodin-ja-koulun-valilla-heti-hoidettavat-asiat","status":"publish","type":"page","link":"https:\/\/blog.edu.turku.fi\/valmistavaopetusturku\/yhteistyo-kodin-ja-koulun-valilla-heti-hoidettavat-asiat\/","title":{"rendered":"Yhteisty\u00f6 kodin ja koulun v\u00e4lill\u00e4 &#8211; heti hoidettavat asiat"},"content":{"rendered":"<h4>MONETRA<\/h4>\n<p>Opettaja saa tiedon uudesta oppilaasta s\u00e4hk\u00f6postitse. Oppilasilmoituksessa on alustavat tiedot, mutta kaikki tarkistetaan alkuhaastattelussa. Ensimm\u00e4inen teht\u00e4v\u00e4 on j\u00e4rjest\u00e4\u00e4 alkupalaveri, johon kutsutaan huoltajat ja oppilas. Tulkki tilataan, vaikka esimerkiksi vanhemmat osaisivat englantia tai perhetuttava puhuisi suomea. Monetraan ilmoitetaan nimi ja syntym\u00e4aika. Oppilaan oikeusturvan takia tulkki on v\u00e4ltt\u00e4m\u00e4t\u00f6n. Tulkattava kieli on se kieli, joka palvelee parhaiten ko. tilanteessa. Yhdess\u00e4 perheess\u00e4 saatetaan puhua useita kieli\u00e4.<\/p>\n<p>Opetuksessa ei k\u00e4ytet\u00e4 tulkkia.<\/p>\n<p><strong> Terveystarkastus <\/strong><\/p>\n<p>Koulun teveydenhoitaja pyrkii j\u00e4rjest\u00e4m\u00e4\u00e4n terveystarkastus ensimm\u00e4isen kolmen kuukauden aikana.<\/p>\n<p>&nbsp;<\/p>\n","protected":false},"excerpt":{"rendered":"<p>MONETRA Opettaja saa tiedon uudesta oppilaasta s\u00e4hk\u00f6postitse. Oppilasilmoituksessa on alustavat tiedot, mutta kaikki tarkistetaan alkuhaastattelussa. Ensimm\u00e4inen teht\u00e4v\u00e4 on j\u00e4rjest\u00e4\u00e4 alkupalaveri, johon kutsutaan huoltajat ja oppilas. Tulkki tilataan, vaikka esimerkiksi vanhemmat osaisivat englantia tai perhetuttava puhuisi suomea. Monetraan ilmoitetaan nimi ja syntym\u00e4aika. Oppilaan oikeusturvan takia tulkki on v\u00e4ltt\u00e4m\u00e4t\u00f6n. Tulkattava kieli on se kieli, joka palvelee parhaiten &hellip; <a href=\"https:\/\/blog.edu.turku.fi\/valmistavaopetusturku\/yhteistyo-kodin-ja-koulun-valilla-heti-hoidettavat-asiat\/\" class=\"more-link\">Jatka lukemista<span class=\"screen-reader-text\"> &#8221;Yhteisty\u00f6 kodin ja koulun v\u00e4lill\u00e4 &#8211; heti hoidettavat asiat&#8221;<\/span><\/a><\/p>\n","protected":false},"author":1196,"featured_media":0,"parent":0,"menu_order":0,"comment_status":"closed","ping_status":"closed","template":"","meta":{"footnotes":""},"class_list":["post-32","page","type-page","status-publish","hentry"],"_links":{"self":[{"href":"https:\/\/blog.edu.turku.fi\/valmistavaopetusturku\/wp-json\/wp\/v2\/pages\/32","targetHints":{"allow":["GET"]}}],"collection":[{"href":"https:\/\/blog.edu.turku.fi\/valmistavaopetusturku\/wp-json\/wp\/v2\/pages"}],"about":[{"href":"https:\/\/blog.edu.turku.fi\/valmistavaopetusturku\/wp-json\/wp\/v2\/types\/page"}],"author":[{"embeddable":true,"href":"https:\/\/blog.edu.turku.fi\/valmistavaopetusturku\/wp-json\/wp\/v2\/users\/1196"}],"replies":[{"embeddable":true,"href":"https:\/\/blog.edu.turku.fi\/valmistavaopetusturku\/wp-json\/wp\/v2\/comments?post=32"}],"version-history":[{"count":9,"href":"https:\/\/blog.edu.turku.fi\/valmistavaopetusturku\/wp-json\/wp\/v2\/pages\/32\/revisions"}],"predecessor-version":[{"id":232,"href":"https:\/\/blog.edu.turku.fi\/valmistavaopetusturku\/wp-json\/wp\/v2\/pages\/32\/revisions\/232"}],"wp:attachment":[{"href":"https:\/\/blog.edu.turku.fi\/valmistavaopetusturku\/wp-json\/wp\/v2\/media?parent=32"}],"curies":[{"name":"wp","href":"https:\/\/api.w.org\/{rel}","templated":true}]}}