{"id":26,"date":"2015-02-12T14:02:24","date_gmt":"2015-02-12T12:02:24","guid":{"rendered":"https:\/\/blog.edu.turku.fi\/valmistavaopetusturku\/?page_id=26"},"modified":"2025-05-12T11:40:00","modified_gmt":"2025-05-12T08:40:00","slug":"valmistava-opetus","status":"publish","type":"page","link":"https:\/\/blog.edu.turku.fi\/valmistavaopetusturku\/valmistava-opetus\/","title":{"rendered":"Valmistava opetus"},"content":{"rendered":"<p>Maahanmuuttajille j\u00e4rjestett\u00e4v\u00e4st\u00e4 perusopetukseen valmistavasta opetuksesta (VALMO) s\u00e4\u00e4det\u00e4\u00e4n perusopetuslaissa (628\/1998). Valmistava opetus on tarkoitettu niille maahanmuuttajataustaisille oppilaille, joiden suomen kielen taito ei riit\u00e4 perusopetuksen ryhm\u00e4ss\u00e4 opiskelemiseen. Opetusta annetaan 6-10 -vuotiaille v\u00e4hint\u00e4\u00e4n 900 tuntia 11-vuotiaille ja t\u00e4t\u00e4 vanhemmille v\u00e4hint\u00e4\u00e4n 1000 tuntia K\u00e4yt\u00e4nn\u00f6ss\u00e4 opetusta annetaan noin vuoden ajan. Valmistavaan opetukseen voidaan tarvittaessa anoa jatkoaikaa.\u00a0 Oppilas voi siirty\u00e4 perusopetukseen jo aiemmin, mik\u00e4li h\u00e4nell\u00e4 katsotaan olevan siihen riitt\u00e4v\u00e4t taidot. Valmistavalle opetukselle ei ole m\u00e4\u00e4ritelty valtakunnallista tuntijakoa eik\u00e4 tarkkoja oppim\u00e4\u00e4ri\u00e4. Opetuksessa noudatetaan valmistavan opetuksen valtakunnallista ja kunnallista opetussuunnitelmaa. Opetuksen p\u00e4\u00e4paino on suomen kielen opiskelussa. Ryhmi\u00e4 toimii alakouluissa ja yl\u00e4kouluissa. Ryhmiin otetaan uusia oppilaita koko lukuvuoden ajan. Toukokuussa ei oteta en\u00e4\u00e4 uusia oppilaita.<\/p>\n","protected":false},"excerpt":{"rendered":"<p>Maahanmuuttajille j\u00e4rjestett\u00e4v\u00e4st\u00e4 perusopetukseen valmistavasta opetuksesta (VALMO) s\u00e4\u00e4det\u00e4\u00e4n perusopetuslaissa (628\/1998). Valmistava opetus on tarkoitettu niille maahanmuuttajataustaisille oppilaille, joiden suomen kielen taito ei riit\u00e4 perusopetuksen ryhm\u00e4ss\u00e4 opiskelemiseen. Opetusta annetaan 6-10 -vuotiaille v\u00e4hint\u00e4\u00e4n 900 tuntia 11-vuotiaille ja t\u00e4t\u00e4 vanhemmille v\u00e4hint\u00e4\u00e4n 1000 tuntia K\u00e4yt\u00e4nn\u00f6ss\u00e4 opetusta annetaan noin vuoden ajan. Valmistavaan opetukseen voidaan tarvittaessa anoa jatkoaikaa.\u00a0 Oppilas voi siirty\u00e4 perusopetukseen &hellip; <a href=\"https:\/\/blog.edu.turku.fi\/valmistavaopetusturku\/valmistava-opetus\/\" class=\"more-link\">Jatka lukemista<span class=\"screen-reader-text\"> &#8221;Valmistava opetus&#8221;<\/span><\/a><\/p>\n","protected":false},"author":1386,"featured_media":0,"parent":0,"menu_order":0,"comment_status":"closed","ping_status":"closed","template":"","meta":{"footnotes":""},"class_list":["post-26","page","type-page","status-publish","hentry"],"_links":{"self":[{"href":"https:\/\/blog.edu.turku.fi\/valmistavaopetusturku\/wp-json\/wp\/v2\/pages\/26","targetHints":{"allow":["GET"]}}],"collection":[{"href":"https:\/\/blog.edu.turku.fi\/valmistavaopetusturku\/wp-json\/wp\/v2\/pages"}],"about":[{"href":"https:\/\/blog.edu.turku.fi\/valmistavaopetusturku\/wp-json\/wp\/v2\/types\/page"}],"author":[{"embeddable":true,"href":"https:\/\/blog.edu.turku.fi\/valmistavaopetusturku\/wp-json\/wp\/v2\/users\/1386"}],"replies":[{"embeddable":true,"href":"https:\/\/blog.edu.turku.fi\/valmistavaopetusturku\/wp-json\/wp\/v2\/comments?post=26"}],"version-history":[{"count":8,"href":"https:\/\/blog.edu.turku.fi\/valmistavaopetusturku\/wp-json\/wp\/v2\/pages\/26\/revisions"}],"predecessor-version":[{"id":239,"href":"https:\/\/blog.edu.turku.fi\/valmistavaopetusturku\/wp-json\/wp\/v2\/pages\/26\/revisions\/239"}],"wp:attachment":[{"href":"https:\/\/blog.edu.turku.fi\/valmistavaopetusturku\/wp-json\/wp\/v2\/media?parent=26"}],"curies":[{"name":"wp","href":"https:\/\/api.w.org\/{rel}","templated":true}]}}