{"id":80,"date":"2020-11-10T09:42:15","date_gmt":"2020-11-10T07:42:15","guid":{"rendered":"https:\/\/blog.edu.turku.fi\/vakadigi\/?page_id=80"},"modified":"2026-01-09T18:22:02","modified_gmt":"2026-01-09T16:22:02","slug":"ipad","status":"publish","type":"page","link":"https:\/\/blog.edu.turku.fi\/vakadigi\/ipad\/","title":{"rendered":"iPad-ajokortti"},"content":{"rendered":"<h4><b>iPadin ajokortti &amp; diplomi<\/b><\/h4>\n<p><a href=\"https:\/\/exercise.puro.education\/ipadajokortti\" target=\"_blank\" rel=\"noopener\"><img loading=\"lazy\" decoding=\"async\" class=\"alignnone size-medium wp-image-3823\" src=\"https:\/\/blog.edu.turku.fi\/vakadigi\/files\/2023\/01\/ipas_ajokortti_puro_kuva-300x245.jpg\" alt=\"\" width=\"300\" height=\"245\" srcset=\"https:\/\/blog.edu.turku.fi\/vakadigi\/files\/2023\/01\/ipas_ajokortti_puro_kuva-300x245.jpg 300w, https:\/\/blog.edu.turku.fi\/vakadigi\/files\/2023\/01\/ipas_ajokortti_puro_kuva.jpg 975w\" sizes=\"auto, (max-width: 300px) 100vw, 300px\" \/><\/a><\/p>\n<blockquote><p><a href=\"https:\/\/exercise.puro.education\/ipadajokortti\" target=\"_blank\" rel=\"noopener\">iPadin digitaalinen ajokortti<\/a><\/p><\/blockquote>\n<p>Nyt <a href=\"https:\/\/exercise.puro.education\/ipadajokortti\" target=\"_blank\" rel=\"noopener\">iPadin ajokortti<\/a> l\u00f6ytyy my\u00f6s digitaalisessa muodossa! Lapsi voi suorittaa iPadin ajokortin digitaalisesti, itsearvioiden omaa toimintaansa iPadin kanssa (peukkuja v\u00e4ritt\u00e4m\u00e4ll\u00e4). iPadin ajokortin viimeisell\u00e4 sivulla lapsi saa piirt\u00e4\u00e4 kuvansa ja allekirjoittaa ajokortin sek\u00e4 tallentaa kuvan klikkaamalla kameraa -&gt; kuva ajokortista tallentuu iPadin muistiin, josta sen voi vaikka lis\u00e4t\u00e4 osaksi lapsen pedagogista digitaalista portfoliota. iPadin ajokortti digitaalisessa muodossa on toteutettu yhteisty\u00f6ss\u00e4 <a href=\"https:\/\/puro.education\/\" target=\"_blank\" rel=\"noopener\">Puro Education<\/a> kanssa.<\/p>\n<ul>\n<li data-leveltext=\"o\" data-font=\"Courier New\" data-listid=\"12\" data-aria-posinset=\"1\" data-aria-level=\"2\"><span data-contrast=\"auto\"><b><\/b>Lapsi osaa avata tabletin oikein<\/span><\/li>\n<li data-leveltext=\"o\" data-font=\"Courier New\" data-listid=\"12\" data-aria-posinset=\"1\" data-aria-level=\"2\"><span data-contrast=\"auto\">Lapsi osaa sulkea tabletin oikein.<\/span><\/li>\n<li data-leveltext=\"o\" data-font=\"Courier New\" data-listid=\"12\" data-aria-posinset=\"1\" data-aria-level=\"2\"><span data-contrast=\"auto\">Lapsi osaa kohdella tablettia oikein.<\/span><span data-ccp-props=\"{&quot;134233279&quot;:true,&quot;201341983&quot;:0,&quot;335559738&quot;:40,&quot;335559739&quot;:40,&quot;335559740&quot;:259}\">\u00a0<\/span><\/li>\n<li data-leveltext=\"o\" data-font=\"Courier New\" data-listid=\"12\" data-aria-posinset=\"1\" data-aria-level=\"2\"><span data-contrast=\"auto\">Lapsi osaa ottaa tabletilla kuvia.<\/span><\/li>\n<li data-leveltext=\"o\" data-font=\"Courier New\" data-listid=\"12\" data-aria-posinset=\"1\" data-aria-level=\"2\">Lapsi osaa sulkea sovelluksen k\u00e4yt\u00f6n j\u00e4lkeen.<\/li>\n<\/ul>\n<blockquote><p><a href=\"https:\/\/edumailturku.sharepoint.com\/:b:\/s\/testitiimi49\/IQBqBkfr3tLqTq37t4JYTLXlAWsMR_TAOmvGv43vEkSI4OA?e=x86oj3\" target=\"_blank\" rel=\"noopener\">Lataa iPadin ajokortin paperinen versio t\u00e4st\u00e4<\/a><\/p><\/blockquote>\n<blockquote><p><a href=\"https:\/\/edumailturku.sharepoint.com\/:b:\/s\/testitiimi49\/IQBpvQspEZdhRK8P1xGBwJ19AZ9vET1kTWmgSHcdJE6kJK0?e=BxvRVu\" target=\"_blank\" rel=\"noopener\">Lataa Taitavan iPadin k\u00e4ytt\u00e4j\u00e4n diplomi<\/a><\/p><\/blockquote>\n<div id='gallery-1' class='gallery galleryid-80 gallery-columns-3 gallery-size-medium'><figure class='gallery-item'>\n\t\t\t<div class='gallery-icon portrait'>\n\t\t\t\t<a href='https:\/\/blog.edu.turku.fi\/vakadigi\/ipad\/ipad_ajokortti\/'><img loading=\"lazy\" decoding=\"async\" width=\"226\" height=\"300\" src=\"https:\/\/blog.edu.turku.fi\/vakadigi\/files\/2022\/12\/ipad_ajokortti-226x300.png\" class=\"attachment-medium size-medium\" alt=\"ipad ajokortti.\" srcset=\"https:\/\/blog.edu.turku.fi\/vakadigi\/files\/2022\/12\/ipad_ajokortti-226x300.png 226w, https:\/\/blog.edu.turku.fi\/vakadigi\/files\/2022\/12\/ipad_ajokortti.png 634w\" sizes=\"auto, (max-width: 226px) 100vw, 226px\" \/><\/a>\n\t\t\t<\/div><\/figure><figure class='gallery-item'>\n\t\t\t<div class='gallery-icon portrait'>\n\t\t\t\t<a href='https:\/\/blog.edu.turku.fi\/vakadigi\/ipad\/dipla\/'><img loading=\"lazy\" decoding=\"async\" width=\"212\" height=\"300\" src=\"https:\/\/blog.edu.turku.fi\/vakadigi\/files\/2023\/10\/dipla-212x300.jpg\" class=\"attachment-medium size-medium\" alt=\"\" srcset=\"https:\/\/blog.edu.turku.fi\/vakadigi\/files\/2023\/10\/dipla-212x300.jpg 212w, https:\/\/blog.edu.turku.fi\/vakadigi\/files\/2023\/10\/dipla.jpg 472w\" sizes=\"auto, (max-width: 212px) 100vw, 212px\" \/><\/a>\n\t\t\t<\/div><\/figure>\n\t\t<\/div>\n\n<h4><strong>iPad-s\u00e4\u00e4nn\u00f6t<\/strong><\/h4>\n<p><img loading=\"lazy\" decoding=\"async\" class=\"size-medium wp-image-895 alignleft\" src=\"https:\/\/blog.edu.turku.fi\/vakadigi\/files\/2021\/02\/ipad_saannot_kuvake-228x300.jpg\" alt=\"ipad s\u00e4\u00e4nn\u00f6t. \" width=\"228\" height=\"300\" srcset=\"https:\/\/blog.edu.turku.fi\/vakadigi\/files\/2021\/02\/ipad_saannot_kuvake-228x300.jpg 228w, https:\/\/blog.edu.turku.fi\/vakadigi\/files\/2021\/02\/ipad_saannot_kuvake.jpg 472w\" sizes=\"auto, (max-width: 228px) 100vw, 228px\" \/>* Kanna iPadia aina kahdella k\u00e4dell\u00e4<br \/>\n* Pitele iPadia sen alaosasta<br \/>\n* K\u00e4yt\u00e4 iPadia vain puhtailla k\u00e4sill\u00e4<br \/>\n* K\u00e4sittele iPadia varovaisesti<br \/>\n* K\u00e4yt\u00e4 iPadia aikuisen luvalla ja malta lopettaa oman vuorosi j\u00e4lkeen.<\/p>\n<blockquote><p><a href=\"https:\/\/edumailturku.sharepoint.com\/:i:\/s\/testitiimi49\/IQCofHH8UrlFSYWmrx2iy14HAQJl6QfeO0yUle0Jp4xragA?e=F7XFMi\" target=\"_blank\" rel=\"noopener\">Lataa iPad-s\u00e4\u00e4nn\u00f6t &#8221;huoneentaulu&#8221; t\u00e4st\u00e4<\/a><\/p><\/blockquote>\n","protected":false},"excerpt":{"rendered":"<p>iPadin ajokortti &amp; diplomi iPadin digitaalinen ajokortti Nyt iPadin ajokortti l\u00f6ytyy my\u00f6s digitaalisessa muodossa! Lapsi voi suorittaa iPadin ajokortin digitaalisesti, itsearvioiden omaa toimintaansa iPadin kanssa (peukkuja v\u00e4ritt\u00e4m\u00e4ll\u00e4). iPadin ajokortin viimeisell\u00e4 sivulla lapsi saa piirt\u00e4\u00e4 kuvansa ja allekirjoittaa ajokortin sek\u00e4 tallentaa<\/p>\n","protected":false},"author":3065,"featured_media":0,"parent":0,"menu_order":0,"comment_status":"closed","ping_status":"closed","template":"","meta":{"footnotes":""},"class_list":["post-80","page","type-page","status-publish","hentry"],"_links":{"self":[{"href":"https:\/\/blog.edu.turku.fi\/vakadigi\/wp-json\/wp\/v2\/pages\/80","targetHints":{"allow":["GET"]}}],"collection":[{"href":"https:\/\/blog.edu.turku.fi\/vakadigi\/wp-json\/wp\/v2\/pages"}],"about":[{"href":"https:\/\/blog.edu.turku.fi\/vakadigi\/wp-json\/wp\/v2\/types\/page"}],"author":[{"embeddable":true,"href":"https:\/\/blog.edu.turku.fi\/vakadigi\/wp-json\/wp\/v2\/users\/3065"}],"replies":[{"embeddable":true,"href":"https:\/\/blog.edu.turku.fi\/vakadigi\/wp-json\/wp\/v2\/comments?post=80"}],"version-history":[{"count":54,"href":"https:\/\/blog.edu.turku.fi\/vakadigi\/wp-json\/wp\/v2\/pages\/80\/revisions"}],"predecessor-version":[{"id":5045,"href":"https:\/\/blog.edu.turku.fi\/vakadigi\/wp-json\/wp\/v2\/pages\/80\/revisions\/5045"}],"wp:attachment":[{"href":"https:\/\/blog.edu.turku.fi\/vakadigi\/wp-json\/wp\/v2\/media?parent=80"}],"curies":[{"name":"wp","href":"https:\/\/api.w.org\/{rel}","templated":true}]}}