{"id":64,"date":"2020-11-10T09:12:29","date_gmt":"2020-11-10T07:12:29","guid":{"rendered":"https:\/\/blog.edu.turku.fi\/vakadigi\/?page_id=64"},"modified":"2023-05-05T10:19:11","modified_gmt":"2023-05-05T07:19:11","slug":"esiopetus-ja-viiskarit","status":"publish","type":"page","link":"https:\/\/blog.edu.turku.fi\/vakadigi\/kosketustaulu\/esiopetus-ja-viiskarit\/","title":{"rendered":"5-6 -vuotiaat"},"content":{"rendered":"<p>N\u00e4ilt\u00e4 sivuilta l\u00f6yd\u00e4t 5-6 -vuotiaiden ryhmiin linkkej\u00e4 ja vinkkej\u00e4 varhaiskasvatussuunnitelman oppimisen alueiden mukaisesti jaoteltuina. Hy\u00f6dynn\u00e4 kosketustaululla tai tabletilla!<\/p>\n<p>Samat linkit l\u00f6yd\u00e4t my\u00f6s vasemman reunan valikosta, painamalla pient\u00e4 nuolta \u201d5-6 -vuotiaat\u201d -tekstin vieress\u00e4.<\/p>\n<p style=\"text-align: center\"><a href=\"https:\/\/blog.edu.turku.fi\/vakadigi\/kieltenrikasmaailma\/\" target=\"_blank\" rel=\"noopener\">Kielten rikas maailma<\/a> &#8211; <a href=\"https:\/\/blog.edu.turku.fi\/vakadigi\/kasvan-liikun-ja-kehityn\/\" target=\"_blank\" rel=\"noopener\">Kasvan, liikun ja kehityn<\/a><br \/>\n<a href=\"https:\/\/blog.edu.turku.fi\/vakadigi\/tutkin-ja-toimin-ymparistossani\/\" target=\"_blank\" rel=\"noopener\">Tutkin ja toimin ymp\u00e4rist\u00f6ss\u00e4ni<\/a> &#8211; <a href=\"https:\/\/blog.edu.turku.fi\/vakadigi\/ilmaisun-monet-muodot\/\" target=\"_blank\" rel=\"noopener\">Ilmaisun monet muodot<\/a><br \/>\n<a href=\"https:\/\/blog.edu.turku.fi\/vakadigi\/mina-ja-meidan-yhteisomme\/\" target=\"_blank\" rel=\"noopener\">Min\u00e4 ja meid\u00e4n yhteis\u00f6mme<\/a><br \/>\n<a href=\"https:\/\/blog.edu.turku.fi\/vakadigi\/tunnetaidot\/\" target=\"_blank\" rel=\"noopener\">Tunnetaidot<\/a><\/p>\n<p>&nbsp;<\/p>\n<p style=\"text-align: center\">\n<p>&nbsp;<\/p>\n<p>&nbsp;<\/p>\n<p style=\"text-align: center\">\n<p>&nbsp;<\/p>\n","protected":false},"excerpt":{"rendered":"<p>N\u00e4ilt\u00e4 sivuilta l\u00f6yd\u00e4t 5-6 -vuotiaiden ryhmiin linkkej\u00e4 ja vinkkej\u00e4 varhaiskasvatussuunnitelman oppimisen alueiden mukaisesti jaoteltuina. Hy\u00f6dynn\u00e4 kosketustaululla tai tabletilla! Samat linkit l\u00f6yd\u00e4t my\u00f6s vasemman reunan valikosta, painamalla pient\u00e4 nuolta \u201d5-6 -vuotiaat\u201d -tekstin vieress\u00e4. Kielten rikas maailma &#8211; Kasvan, liikun ja kehityn<\/p>\n","protected":false},"author":3065,"featured_media":0,"parent":47,"menu_order":0,"comment_status":"closed","ping_status":"closed","template":"","meta":{"footnotes":""},"class_list":["post-64","page","type-page","status-publish","hentry"],"_links":{"self":[{"href":"https:\/\/blog.edu.turku.fi\/vakadigi\/wp-json\/wp\/v2\/pages\/64","targetHints":{"allow":["GET"]}}],"collection":[{"href":"https:\/\/blog.edu.turku.fi\/vakadigi\/wp-json\/wp\/v2\/pages"}],"about":[{"href":"https:\/\/blog.edu.turku.fi\/vakadigi\/wp-json\/wp\/v2\/types\/page"}],"author":[{"embeddable":true,"href":"https:\/\/blog.edu.turku.fi\/vakadigi\/wp-json\/wp\/v2\/users\/3065"}],"replies":[{"embeddable":true,"href":"https:\/\/blog.edu.turku.fi\/vakadigi\/wp-json\/wp\/v2\/comments?post=64"}],"version-history":[{"count":330,"href":"https:\/\/blog.edu.turku.fi\/vakadigi\/wp-json\/wp\/v2\/pages\/64\/revisions"}],"predecessor-version":[{"id":4098,"href":"https:\/\/blog.edu.turku.fi\/vakadigi\/wp-json\/wp\/v2\/pages\/64\/revisions\/4098"}],"up":[{"embeddable":true,"href":"https:\/\/blog.edu.turku.fi\/vakadigi\/wp-json\/wp\/v2\/pages\/47"}],"wp:attachment":[{"href":"https:\/\/blog.edu.turku.fi\/vakadigi\/wp-json\/wp\/v2\/media?parent=64"}],"curies":[{"name":"wp","href":"https:\/\/api.w.org\/{rel}","templated":true}]}}