{"id":47,"date":"2020-11-10T08:39:42","date_gmt":"2020-11-10T06:39:42","guid":{"rendered":"https:\/\/blog.edu.turku.fi\/vakadigi\/?page_id=47"},"modified":"2023-05-19T08:50:43","modified_gmt":"2023-05-19T05:50:43","slug":"kosketustaulu","status":"publish","type":"page","link":"https:\/\/blog.edu.turku.fi\/vakadigi\/kosketustaulu\/","title":{"rendered":"Kosketustaulu"},"content":{"rendered":"<p style=\"text-align: center\"><a href=\"https:\/\/blog.edu.turku.fi\/vakadigi\/kosketustaulu\/alle-3-vuotiaat\/\" target=\"_blank\" rel=\"noopener\">Alle 3-vuotiaat<\/a> &#8211; <a href=\"https:\/\/blog.edu.turku.fi\/vakadigi\/3-4\/\" target=\"_blank\" rel=\"noopener\">3-4 -vuotiaat<\/a> &#8211; <a href=\"https:\/\/blog.edu.turku.fi\/vakadigi\/kosketustaulu\/esiopetus-ja-viiskarit\/\" target=\"_blank\" rel=\"noopener\">5-6 -vuotiaat<\/a><br \/>\n<a href=\"https:\/\/blog.edu.turku.fi\/vakadigi\/dokumenttikamera\/\" target=\"_blank\" rel=\"noopener\">Dokumenttikamera<\/a> &#8211; <a href=\"https:\/\/blog.edu.turku.fi\/vakadigi\/kosketustaulu\/note-3\/\" target=\"_blank\" rel=\"noopener\">Note 3<\/a> &#8211;\u00a0<a href=\"https:\/\/blog.edu.turku.fi\/vakadigi\/note\/\" target=\"_blank\" rel=\"noopener\">Note 3 -teht\u00e4vi\u00e4<\/a><\/p>\n<p>Kosketustaulu (\u00e4lytaulu) on suurikokoinen n\u00e4ytt\u00f6, joka Turun kaupungin p\u00e4iv\u00e4kodeissa on yhdistetty tietokoneeseen sek\u00e4 <a href=\"https:\/\/blog.edu.turku.fi\/vakadigi\/dokumenttikamera\/\" target=\"_blank\" rel=\"noopener\">dokumenttikameraan<\/a>. Kosketustaululle pystyy jakamaan joko tietokoneen n\u00e4yt\u00f6n, dokumenttikameran kuvan tai iPadin n\u00e4yt\u00f6n (n\u00e4yt\u00f6npeilauksella). Kosketustaulu mahdollistaa tietokoneen ohjaamisen suoraan taulun n\u00e4ytt\u00f6\u00e4 koskettaessa.<\/p>\n<div id='gallery-1' class='gallery galleryid-47 gallery-columns-3 gallery-size-medium'><figure class='gallery-item'>\n\t\t\t<div class='gallery-icon landscape'>\n\t\t\t\t<a href='https:\/\/blog.edu.turku.fi\/vakadigi\/kosketustaulu\/img-20210428-wa0004\/'><img loading=\"lazy\" decoding=\"async\" width=\"300\" height=\"225\" src=\"https:\/\/blog.edu.turku.fi\/vakadigi\/files\/2021\/04\/IMG-20210428-WA0004-300x225.jpg\" class=\"attachment-medium size-medium\" alt=\"\" aria-describedby=\"gallery-1-1879\" srcset=\"https:\/\/blog.edu.turku.fi\/vakadigi\/files\/2021\/04\/IMG-20210428-WA0004-300x225.jpg 300w, https:\/\/blog.edu.turku.fi\/vakadigi\/files\/2021\/04\/IMG-20210428-WA0004-1024x768.jpg 1024w, https:\/\/blog.edu.turku.fi\/vakadigi\/files\/2021\/04\/IMG-20210428-WA0004.jpg 1600w\" sizes=\"auto, (max-width: 300px) 100vw, 300px\" \/><\/a>\n\t\t\t<\/div>\n\t\t\t\t<figcaption class='wp-caption-text gallery-caption' id='gallery-1-1879'>\n\t\t\t\tiPad \/ n\u00e4yt\u00f6npeilaus\n\t\t\t\t<\/figcaption><\/figure><figure class='gallery-item'>\n\t\t\t<div class='gallery-icon portrait'>\n\t\t\t\t<a href='https:\/\/blog.edu.turku.fi\/vakadigi\/2022\/01\/10\/dokumenttikamera-toiminnallisessa-oppimisessa\/img_0868\/'><img loading=\"lazy\" decoding=\"async\" width=\"225\" height=\"300\" src=\"https:\/\/blog.edu.turku.fi\/vakadigi\/files\/2021\/12\/IMG_0868-225x300.jpg\" class=\"attachment-medium size-medium\" alt=\"\" aria-describedby=\"gallery-1-2866\" srcset=\"https:\/\/blog.edu.turku.fi\/vakadigi\/files\/2021\/12\/IMG_0868-225x300.jpg 225w, https:\/\/blog.edu.turku.fi\/vakadigi\/files\/2021\/12\/IMG_0868.jpg 768w\" sizes=\"auto, (max-width: 225px) 100vw, 225px\" \/><\/a>\n\t\t\t<\/div>\n\t\t\t\t<figcaption class='wp-caption-text gallery-caption' id='gallery-1-2866'>\n\t\t\t\tDokumenttikamera\n\t\t\t\t<\/figcaption><\/figure><figure class='gallery-item'>\n\t\t\t<div class='gallery-icon landscape'>\n\t\t\t\t<a href='https:\/\/blog.edu.turku.fi\/vakadigi\/kosketustaulu\/appletv-2\/'><img loading=\"lazy\" decoding=\"async\" width=\"300\" height=\"225\" src=\"https:\/\/blog.edu.turku.fi\/vakadigi\/files\/2021\/07\/appletv-300x225.jpg\" class=\"attachment-medium size-medium\" alt=\"\" aria-describedby=\"gallery-1-2379\" srcset=\"https:\/\/blog.edu.turku.fi\/vakadigi\/files\/2021\/07\/appletv-300x225.jpg 300w, https:\/\/blog.edu.turku.fi\/vakadigi\/files\/2021\/07\/appletv.jpg 1024w\" sizes=\"auto, (max-width: 300px) 100vw, 300px\" \/><\/a>\n\t\t\t<\/div>\n\t\t\t\t<figcaption class='wp-caption-text gallery-caption' id='gallery-1-2379'>\n\t\t\t\tAppleTV\n\t\t\t\t<\/figcaption><\/figure>\n\t\t<\/div>\n\n<p>Kosketustauluihin on usein yhdistetty my\u00f6s AppleTV iPadin n\u00e4yt\u00f6n peilauksen v\u00e4lineeksi (t\u00e4ll\u00f6in kosketus toimii iPadilla, ei kosketusn\u00e4yt\u00f6lt\u00e4). Uusimmissa Newline-merkkisiss\u00e4 kosketustauluissa on oma sis\u00e4\u00e4nrakennettu Newline Cast, jonka kautta iPadin, puhelimen tai tietokoneen peilaus toimii kosketustaulun n\u00e4yt\u00f6lle.<\/p>\n<p><img loading=\"lazy\" decoding=\"async\" class=\" wp-image-3458 alignleft\" src=\"https:\/\/blog.edu.turku.fi\/vakadigi\/files\/2022\/09\/Note_0-1-80x80.png\" alt=\"\" width=\"82\" height=\"82\" \/>Tietokoneelle voiasentaa Note 3 -sovelluksen, jolla voidaan rakentaa omalle ryhm\u00e4lle sopivia kosketustauluteht\u00e4vi\u00e4. Note 3 -sovellus toimii tietokoneen kautta kaiken kosketustaulujen kanssa. Jos Note 3 on sinulle uusi tuttavuus, <a href=\"https:\/\/blog.edu.turku.fi\/vakadigi\/kosketustaulu\/note-3\/\" target=\"_blank\" rel=\"noopener\">voit tutustua sen k\u00e4ytt\u00f6\u00f6n t\u00e4\u00e4ll\u00e4<\/a>. Turun kaupungin OPAS-koneille Note3 -sovellus on ladattavissa Software Centerist\u00e4.<\/p>\n<p>&nbsp;<\/p>\n","protected":false},"excerpt":{"rendered":"<p>Alle 3-vuotiaat &#8211; 3-4 -vuotiaat &#8211; 5-6 -vuotiaat Dokumenttikamera &#8211; Note 3 &#8211;\u00a0Note 3 -teht\u00e4vi\u00e4 Kosketustaulu (\u00e4lytaulu) on suurikokoinen n\u00e4ytt\u00f6, joka Turun kaupungin p\u00e4iv\u00e4kodeissa on yhdistetty tietokoneeseen sek\u00e4 dokumenttikameraan. Kosketustaululle pystyy jakamaan joko tietokoneen n\u00e4yt\u00f6n, dokumenttikameran kuvan tai iPadin n\u00e4yt\u00f6n<\/p>\n","protected":false},"author":3065,"featured_media":0,"parent":0,"menu_order":0,"comment_status":"closed","ping_status":"closed","template":"","meta":{"footnotes":""},"class_list":["post-47","page","type-page","status-publish","hentry"],"_links":{"self":[{"href":"https:\/\/blog.edu.turku.fi\/vakadigi\/wp-json\/wp\/v2\/pages\/47","targetHints":{"allow":["GET"]}}],"collection":[{"href":"https:\/\/blog.edu.turku.fi\/vakadigi\/wp-json\/wp\/v2\/pages"}],"about":[{"href":"https:\/\/blog.edu.turku.fi\/vakadigi\/wp-json\/wp\/v2\/types\/page"}],"author":[{"embeddable":true,"href":"https:\/\/blog.edu.turku.fi\/vakadigi\/wp-json\/wp\/v2\/users\/3065"}],"replies":[{"embeddable":true,"href":"https:\/\/blog.edu.turku.fi\/vakadigi\/wp-json\/wp\/v2\/comments?post=47"}],"version-history":[{"count":27,"href":"https:\/\/blog.edu.turku.fi\/vakadigi\/wp-json\/wp\/v2\/pages\/47\/revisions"}],"predecessor-version":[{"id":4168,"href":"https:\/\/blog.edu.turku.fi\/vakadigi\/wp-json\/wp\/v2\/pages\/47\/revisions\/4168"}],"wp:attachment":[{"href":"https:\/\/blog.edu.turku.fi\/vakadigi\/wp-json\/wp\/v2\/media?parent=47"}],"curies":[{"name":"wp","href":"https:\/\/api.w.org\/{rel}","templated":true}]}}